{"id":3899,"date":"2019-10-23T12:39:34","date_gmt":"2019-10-23T12:39:34","guid":{"rendered":"https:\/\/fos.consulting\/?page_id=3899"},"modified":"2019-10-23T13:03:23","modified_gmt":"2019-10-23T13:03:23","slug":"politica-de-cookies","status":"publish","type":"page","link":"https:\/\/fos.consulting\/ar\/politica-de-cookies\/","title":{"rendered":"\u0633\u064a\u0627\u0633\u0629 \u0645\u0644\u0641\u0627\u062a \u062a\u0639\u0631\u064a\u0641 \u0627\u0644\u0627\u0631\u062a\u0628\u0627\u0637"},"content":{"rendered":"<div id=\"fws_69de212572376\"  data-column-margin=\"default\" data-midnight=\"dark\"  class=\"wpb_row vc_row-fluid vc_row full-width-content vc_row-o-equal-height vc_row-flex vc_row-o-content-top\"  style=\"padding-top: 0px; padding-bottom: 0px; \"><div class=\"row-bg-wrap\" data-bg-animation=\"none\" data-bg-animation-delay=\"\" data-bg-overlay=\"false\"><div class=\"inner-wrap row-bg-layer\" ><div class=\"row-bg viewport-desktop\"  style=\"\"><\/div><\/div><\/div><div class=\"row_col_wrap_12 col span_12 dark left\">\n\t<div style=\"\" class=\"vc_col-sm-12 wpb_column column_container vc_column_container col padding-8-percent\" data-using-bg=\"true\" data-padding-pos=\"all\" data-has-bg-color=\"true\" data-bg-color=\"#ffffff\" data-bg-opacity=\"1\" data-animation=\"\" data-delay=\"0\" >\n\t\t<div class=\"vc_column-inner\" ><div class=\"column-bg-overlay-wrap column-bg-layer\" data-bg-animation=\"none\"><div class=\"column-bg-overlay\" style=\"opacity: 1; background-color: #ffffff;\"><\/div><\/div>\n\t\t\t<div class=\"wpb_wrapper\">\n\t\t\t\t<div class=\"col span_12 section-title text-align-center extra-padding\"><h2>\n<h2>\u0633\u064a\u0627\u0633\u0629 \u0645\u0644\u0641\u0627\u062a \u062a\u0639\u0631\u064a\u0641 \u0627\u0644\u0627\u0631\u062a\u0628\u0627\u0637<\/h2>\n<\/h2><\/div><div class=\"clear\"><\/div>\n<div class=\"wpb_text_column wpb_content_element\" >\n\t<div class=\"wpb_wrapper\">\n\t\t<h4 style=\"text-align: left;\"><strong>1. \u0645\u0639\u0644\u0648\u0645\u0627\u062a \u0639\u0627\u0645\u0629<\/strong><\/h4>\n<p style=\"text-align: left;\">\u0623\u062f\u0646\u0627\u0647\u060c \u064a\u062a\u0645 \u062a\u0642\u062f\u064a\u0645 \u0645\u0639\u0644\u0648\u0645\u0627\u062a \u0639\u0627\u0645\u0629 \u0644\u0644\u0645\u0633\u062a\u062e\u062f\u0645 \u062d\u0648\u0644 \u0645\u0627\u0647\u064a\u0629 \u0645\u0644\u0641\u0627\u062a \u062a\u0639\u0631\u064a\u0641 \u0627\u0644\u0627\u0631\u062a\u0628\u0627\u0637 \u0648\u0623\u0646\u0648\u0627\u0639 \u0645\u0644\u0641\u0627\u062a \u062a\u0639\u0631\u064a\u0641 \u0627\u0644\u0627\u0631\u062a\u0628\u0627\u0637 \u0627\u0644\u0645\u0648\u062c\u0648\u062f\u0629.<\/p>\n<h5 style=\"text-align: left;\"><strong>\u0645\u0627 \u0647\u064a \u0645\u0644\u0641\u0627\u062a \u062a\u0639\u0631\u064a\u0641 \u0627\u0644\u0627\u0631\u062a\u0628\u0627\u0637\u061f<\/strong><\/h5>\n<p style=\"text-align: left;\">\u0645\u0644\u0641\u0627\u062a \u062a\u0639\u0631\u064a\u0641 \u0627\u0644\u0627\u0631\u062a\u0628\u0627\u0637 \u0648\u0627\u0644\u0623\u062c\u0647\u0632\u0629 \u0627\u0644\u0623\u062e\u0631\u0649 \u0627\u0644\u0645\u0634\u0627\u0628\u0647\u0629\u060c \u0645\u062b\u0644 \u0627\u0644\u0628\u064a\u0643\u0633\u0644\u0627\u062a \u0648\u0623\u062e\u0637\u0627\u0621 \u0627\u0644\u0648\u064a\u0628 \u0648\u0645\u0627 \u0625\u0644\u0649 \u0630\u0644\u0643. \u0648\u0647\u064a \u0639\u0628\u0627\u0631\u0629 \u0639\u0646 \u0645\u0644\u0641\u0627\u062a \u0646\u0635\u064a\u0629 \u0623\u0648 \u0635\u0648\u0631 \u064a\u062a\u0645 \u062a\u062b\u0628\u064a\u062a\u0647\u0627 \u0641\u064a \u0645\u062a\u0635\u0641\u062d \u0627\u0644\u0645\u0633\u062a\u062e\u062f\u0645 \u0639\u0646\u062f \u0648\u0635\u0648\u0644\u0647 \u0625\u0644\u0649 \u062e\u062f\u0645\u0629 \u0639\u0628\u0631 \u0627\u0644\u0625\u0646\u062a\u0631\u0646\u062a.<\/p>\n<p style=\"text-align: left;\">\u062a\u0633\u0645\u062d \u0645\u0644\u0641\u0627\u062a \u062a\u0639\u0631\u064a\u0641 \u0627\u0644\u0627\u0631\u062a\u0628\u0627\u0637\u060c \u0645\u0646 \u0628\u064a\u0646 \u0623\u0645\u0648\u0631 \u0623\u062e\u0631\u0649\u060c \u0628\u062a\u062e\u0632\u064a\u0646 \u0648\u0627\u0633\u062a\u0631\u062c\u0627\u0639 \u0627\u0644\u0645\u0639\u0644\u0648\u0645\u0627\u062a \u062d\u0648\u0644 \u0627\u0644\u0645\u0633\u062a\u062e\u062f\u0645 \u0648\u0645\u062a\u0635\u0641\u062d\u0647 \u0648\u0623\u062c\u0647\u0632\u062a\u0647 \u0648\u0646\u0634\u0627\u0637 \u0627\u0644\u0645\u0633\u062a\u062e\u062f\u0645 \u0639\u0644\u0649 \u0627\u0644\u062e\u062f\u0645\u0629 \u0627\u0644\u062a\u064a \u064a\u062a\u0635\u0644 \u0628\u0647\u0627.<\/p>\n<h4 style=\"text-align: left;\"><strong>2. \u0645\u0639\u0644\u0648\u0645\u0627\u062a \u0645\u062d\u062f\u062f\u0629<\/strong><\/h4>\n<p style=\"text-align: left;\"><strong>\u0643\u064a\u0641\u064a\u0629 \u062a\u0639\u0637\u064a\u0644 \u0623\u0648 \u062d\u0630\u0641 \u0645\u0644\u0641\u0627\u062a \u062a\u0639\u0631\u064a\u0641 \u0627\u0644\u0627\u0631\u062a\u0628\u0627\u0637\u061f<\/strong><\/p>\n<p style=\"text-align: left;\">\u0639\u0646\u062f \u0627\u0644\u0648\u0635\u0648\u0644 \u0625\u0644\u0649 \u0627\u0644\u062e\u062f\u0645\u0629 \u0644\u0623\u0648\u0644 \u0645\u0631\u0629\u060c \u0633\u064a\u0631\u0649 \u0627\u0644\u0645\u0633\u062a\u062e\u062f\u0645 \u0625\u0634\u0639\u0627\u0631\u064b\u0627 \u0628\u0645\u0644\u0641 \u062a\u0639\u0631\u064a\u0641 \u0627\u0644\u0627\u0631\u062a\u0628\u0627\u0637 \u0644\u0625\u0639\u0644\u0627\u0645\u0647 \u0628\u0643\u064a\u0641\u064a\u0629 \u0645\u0646\u062d \u0645\u0648\u0627\u0641\u0642\u062a\u0647 \u0623\u0648 \u0631\u0641\u0636\u0647\u0627.<\/p>\n<p style=\"text-align: left;\">\u0625\u0630\u0627 \u0623\u0639\u0637\u0649 \u0627\u0644\u0645\u0633\u062a\u062e\u062f\u0645 \u0645\u0648\u0627\u0641\u0642\u062a\u0647\u060c \u064a\u062c\u0648\u0632 \u0644\u0647 \u062a\u0639\u0637\u064a\u0644 \u0623\u0648 \u062d\u0630\u0641 \u0645\u0644\u0641\u0627\u062a \u062a\u0639\u0631\u064a\u0641 \u0627\u0644\u0627\u0631\u062a\u0628\u0627\u0637 \u0627\u0644\u0645\u0639\u0631\u0648\u0636\u0629 \u0641\u064a \u0623\u064a \u0648\u0642\u062a \u0639\u0646 \u0637\u0631\u064a\u0642 \u062a\u0643\u0648\u064a\u0646 \u062e\u064a\u0627\u0631\u0627\u062a \u0627\u0644\u0645\u062a\u0635\u0641\u062d \u0627\u0644\u0645\u0633\u062a\u062e\u062f\u0645 \u0639\u0644\u0649 \u0623\u062c\u0647\u0632\u062a\u0647 \u0623\u0648 \u0627\u0644\u062c\u0647\u0627\u0632 \u0627\u0644\u0637\u0631\u0641\u064a.<\/p>\n<p style=\"text-align: left;\">\u0648\u0645\u0639 \u0630\u0644\u0643\u060c \u064a\u062c\u0628 \u0639\u0644\u0649 \u0627\u0644\u0645\u0633\u062a\u062e\u062f\u0645 \u0623\u0646 \u064a\u0636\u0639 \u0641\u064a \u0627\u0639\u062a\u0628\u0627\u0631\u0647 \u0623\u0646\u0647 \u0625\u0630\u0627 \u0631\u0641\u0636 \u0645\u0644\u0641\u0627\u062a \u062a\u0639\u0631\u064a\u0641 \u0627\u0644\u0627\u0631\u062a\u0628\u0627\u0637 \u0623\u0648 \u062d\u0630\u0641\u0647\u0627\u060c \u0641\u0644\u0646 \u0646\u062a\u0645\u0643\u0646 \u0645\u0646 \u0627\u0644\u062d\u0641\u0627\u0638 \u0639\u0644\u0649 \u062a\u0641\u0636\u064a\u0644\u0627\u062a\u0647 \u0648\u0644\u0646 \u062a\u0639\u0645\u0644 \u0628\u0639\u0636 \u0627\u0644\u0645\u064a\u0632\u0627\u062a\u060c \u0644\u0630\u0644\u0643 \u0644\u0646 \u0646\u062a\u0645\u0643\u0646 \u0645\u0646 \u062a\u0642\u062f\u064a\u0645 \u062e\u062f\u0645\u0627\u062a \u0645\u062e\u0635\u0635\u0629 \u0644\u0647\u0645 \u0648\u0641\u064a \u0643\u0644 \u0645\u0631\u0629 \u064a\u0642\u0648\u0645\u0648\u0646 \u0628\u0630\u0644\u0643 \u0639\u0646\u062f \u0627\u0633\u062a\u062e\u062f\u0627\u0645 \u0627\u0644\u062e\u062f\u0645\u0629\u060c \u0633\u064a\u0638\u0647\u0631 \u0643\u0645\u0633\u062a\u062e\u062f\u0645 \u062c\u062f\u064a\u062f \u0648\u0633\u064a\u064f\u0637\u0644\u0628 \u0645\u0646\u0647 \u0627\u0644\u0633\u0645\u0627\u062d \u0628\u0627\u0633\u062a\u062e\u062f\u0627\u0645 \u0645\u0644\u0641\u0627\u062a \u062a\u0639\u0631\u064a\u0641 \u0627\u0644\u0627\u0631\u062a\u0628\u0627\u0637.<\/p>\n<p style=\"text-align: left;\">\u0646\u0639\u0631\u0636 \u0623\u062f\u0646\u0627\u0647 \u0631\u0648\u0627\u0628\u0637 \u064a\u062c\u062f \u0641\u064a\u0647\u0627 \u0627\u0644\u0645\u0633\u062a\u062e\u062f\u0645 \u0645\u0639\u0644\u0648\u0645\u0627\u062a \u062d\u0648\u0644 \u0643\u064a\u0641\u064a\u0629 \u062a\u0639\u0637\u064a\u0644 \u0645\u0644\u0641\u0627\u062a \u062a\u0639\u0631\u064a\u0641 \u0627\u0644\u0627\u0631\u062a\u0628\u0627\u0637 \u0648\u0645\u0627 \u0634\u0627\u0628\u0647 \u0630\u0644\u0643 \u0641\u064a \u0627\u0644\u0645\u062a\u0635\u0641\u062d\u0627\u062a \u0627\u0644\u0631\u0626\u064a\u0633\u064a\u0629:<\/p>\n<p style=\"text-align: left;\"><a href=\"https:\/\/support.google.com\/chrome\/bin\/answer.py?hl=es&amp;answer=95647\">\u0625\u0639\u062f\u0627\u062f\u0627\u062a \u0645\u0644\u0641\u0627\u062a \u062a\u0639\u0631\u064a\u0641 \u0627\u0644\u0627\u0631\u062a\u0628\u0627\u0637 \u0644\u0645\u062a\u0635\u0641\u062d \u062c\u0648\u062c\u0644 \u0643\u0631\u0648\u0645<\/a><\/p>\n<p style=\"text-align: left;\"><a href=\"https:\/\/support.mozilla.org\/es\/kb\/cookies-informacion-que-los-sitios-web-guardan-en-?redirectlocale=en-US&amp;redirectslug=Cookies\">\u0625\u0639\u062f\u0627\u062f\u0627\u062a \u0645\u0644\u0641\u0627\u062a \u062a\u0639\u0631\u064a\u0641 \u0627\u0644\u0627\u0631\u062a\u0628\u0627\u0637 \u0644\u0645\u0648\u0632\u064a\u0644\u0627 \u0641\u0627\u064a\u0631\u0641\u0648\u0643\u0633<\/a><\/p>\n<p style=\"text-align: left;\"><a href=\"https:\/\/support.microsoft.com\/es-es\/help\/278835\/how-to-delete-cookie-files-in-internet-explorer\">\u0625\u0639\u062f\u0627\u062f\u0627\u062a \u0645\u0644\u0641\u0627\u062a \u062a\u0639\u0631\u064a\u0641 \u0627\u0644\u0627\u0631\u062a\u0628\u0627\u0637 \u0644\u0628\u0631\u0646\u0627\u0645\u062c Internet Explorer<\/a><\/p>\n<p style=\"text-align: left;\"><a href=\"https:\/\/support.apple.com\/kb\/HT1677?viewlocale=es_ES\">\u0625\u0639\u062f\u0627\u062f\u0627\u062a \u0645\u0644\u0641\u0627\u062a \u062a\u0639\u0631\u064a\u0641 \u0627\u0644\u0627\u0631\u062a\u0628\u0627\u0637 \u0644\u0645\u062a\u0635\u0641\u062d Safari<\/a><\/p>\n<p style=\"text-align: left;\"><strong>\u0643\u064a\u0641 \u064a\u0624\u062b\u0631 \u0627\u0633\u062a\u062e\u062f\u0627\u0645 \u0645\u0644\u0641\u0627\u062a \u062a\u0639\u0631\u064a\u0641 \u0627\u0644\u0627\u0631\u062a\u0628\u0627\u0637 \u0639\u0644\u0649 \u062d\u0645\u0627\u064a\u0629 \u0627\u0644\u0628\u064a\u0627\u0646\u0627\u062a \u0627\u0644\u0634\u062e\u0635\u064a\u0629 \u0644\u0644\u0645\u0633\u062a\u062e\u062f\u0645\u061f<\/strong><\/p>\n<p style=\"text-align: left;\">\u062a\u062c\u0645\u0639 \u0645\u0639\u0638\u0645 \u0645\u0644\u0641\u0627\u062a \u062a\u0639\u0631\u064a\u0641 \u0627\u0644\u0627\u0631\u062a\u0628\u0627\u0637 \u0645\u0639\u0644\u0648\u0645\u0627\u062a \u0645\u062c\u0647\u0648\u0644\u0629 \u0627\u0644\u0645\u0635\u062f\u0631\u060c \u0645\u0645\u0627 \u0644\u0627 \u064a\u0633\u0645\u062d \u0628\u0627\u0644\u062d\u0635\u0648\u0644 \u0639\u0644\u0649 \u0647\u0648\u064a\u0629 \u0627\u0644\u0645\u0633\u062a\u062e\u062f\u0645\u060c \u0639\u0644\u0649 \u0627\u0644\u0631\u063a\u0645 \u0645\u0646 \u0623\u0646 \u0628\u0639\u0636 \u0627\u0644\u0631\u0645\u0648\u0632 \u0627\u0644\u0645\u0636\u0645\u0646\u0629 \u062a\u0639\u0645\u0644 \u0639\u0644\u0649 \u062a\u0645\u064a\u064a\u0632 \u0645\u062a\u0635\u0641\u062d \u0627\u0644\u062c\u0647\u0627\u0632 \u0627\u0644\u0645\u0633\u062a\u062e\u062f\u0645 \u0623\u0648 \u062a\u062e\u0635\u064a\u0635\u0647\u060c \u0648\u0642\u062f \u064a\u062a\u0645 \u062a\u0637\u0628\u064a\u0642 \u0644\u0648\u0627\u0626\u062d \u0628\u0634\u0623\u0646 \u062d\u0645\u0627\u064a\u0629 \u0627\u0644\u0628\u064a\u0627\u0646\u0627\u062a \u0627\u0644\u0634\u062e\u0635\u064a\u0629. \u0648\u0644\u0630\u0644\u0643\u060c \u0646\u0639\u0644\u0645\u0643 \u0623\u0646 \u0627\u0644\u0645\u0639\u0644\u0648\u0645\u0627\u062a \u0627\u0644\u062a\u064a \u062a\u0645 \u0627\u0644\u062d\u0635\u0648\u0644 \u0639\u0644\u064a\u0647\u0627 \u0645\u0646 \u062e\u0644\u0627\u0644 \u0645\u0644\u0641\u0627\u062a \u062a\u0639\u0631\u064a\u0641 \u0627\u0644\u0627\u0631\u062a\u0628\u0627\u0637 \u0633\u064a\u062a\u0645 \u0627\u0644\u062a\u0639\u0627\u0645\u0644 \u0645\u0639\u0647\u0627 \u0644\u0644\u0623\u063a\u0631\u0627\u0636 \u0627\u0644\u0645\u0634\u0627\u0631 \u0625\u0644\u064a\u0647\u0627 \u0641\u064a \u0633\u064a\u0627\u0633\u0629 \u0645\u0644\u0641\u0627\u062a \u062a\u0639\u0631\u064a\u0641 \u0627\u0644\u0627\u0631\u062a\u0628\u0627\u0637 \u0647\u0630\u0647. \u0648\u0628\u0627\u0644\u0645\u062b\u0644\u060c \u0633\u062a\u062a\u0645 \u0645\u0639\u0627\u0644\u062c\u0629 \u0647\u0630\u0647 \u0627\u0644\u0645\u0639\u0644\u0648\u0645\u0627\u062a \u0623\u064a\u0636\u064b\u0627 \u0645\u0646 \u0642\u0628\u0644 \u0627\u0644\u0634\u0631\u0643\u0627\u062a \u0627\u0644\u062a\u064a \u062a\u0648\u0641\u0631 \u0645\u0644\u0641\u0627\u062a \u062a\u0639\u0631\u064a\u0641 \u0627\u0644\u0627\u0631\u062a\u0628\u0627\u0637 \u0644\u0644\u0623\u063a\u0631\u0627\u0636 \u0627\u0644\u0645\u0634\u0627\u0631 \u0625\u0644\u064a\u0647\u0627 \u0641\u064a \u0633\u064a\u0627\u0633\u0627\u062a \u0627\u0644\u062e\u0635\u0648\u0635\u064a\u0629 \u0627\u0644\u062e\u0627\u0635\u0629 \u0628\u0647\u0627.<\/p>\n<p style=\"text-align: left;\">\u0648\u0645\u0639 \u0630\u0644\u0643\u060c \u0645\u0639 \u0627\u0644\u0623\u062e\u0630 \u0641\u064a \u0627\u0644\u0627\u0639\u062a\u0628\u0627\u0631 \u0623\u0646 \u0647\u0630\u0647 \u0627\u0644\u0631\u0645\u0648\u0632 \u0644\u0627 \u062a\u0633\u0645\u062d \u0628\u062a\u062d\u062f\u064a\u062f \u0647\u0648\u064a\u0629 \u0627\u0644\u0645\u0633\u062a\u062e\u062f\u0645\u060c \u0641\u0625\u0646 \u062d\u0642\u0648\u0642 \u0627\u0644\u0648\u0635\u0648\u0644 \u0648\u0627\u0644\u062a\u0635\u062d\u064a\u062d \u0648\u0627\u0644\u062d\u0630\u0641 \u0648\u0627\u0644\u0645\u0639\u0627\u0631\u0636\u0629 \u0648\u0627\u0644\u0642\u064a\u0648\u062f \u0648\u0642\u0627\u0628\u0644\u064a\u0629 \u0627\u0644\u0646\u0642\u0644 \u0627\u0644\u0645\u0639\u062a\u0631\u0641 \u0628\u0647\u0627 \u0641\u064a \u0644\u0648\u0627\u0626\u062d \u062d\u0645\u0627\u064a\u0629 \u0627\u0644\u0628\u064a\u0627\u0646\u0627\u062a \u0644\u0646 \u062a\u0643\u0648\u0646 \u0642\u0627\u0628\u0644\u0629 \u0644\u0644\u062a\u0637\u0628\u064a\u0642\u060c \u0645\u0627 \u0644\u0645 \u064a\u0643\u0646 \u0627\u0644\u0645\u0633\u062a\u062e\u062f\u0645 \u0642\u0627\u062f\u0631\u064b\u0627 \u0639\u0644\u0649 \u062a\u0642\u062f\u064a\u0645 \u0645\u0639\u0644\u0648\u0645\u0627\u062a \u0625\u0636\u0627\u0641\u064a\u0629 \u0627\u0644\u0630\u064a \u064a\u0633\u0645\u062d \u0644\u0643 \u0628\u0631\u0628\u0637 \u0647\u0648\u064a\u062a\u0643 \u0628\u0631\u0645\u0648\u0632 \u0627\u0644\u062a\u0639\u0631\u064a\u0641 \u0627\u0644\u062e\u0627\u0635\u0629 \u0628\u0645\u0644\u0641\u0627\u062a \u062a\u0639\u0631\u064a\u0641 \u0627\u0644\u0627\u0631\u062a\u0628\u0627\u0637 \u0627\u0644\u062e\u0627\u0635\u0629 \u0628\u0643.<\/p>\n<p style=\"text-align: left;\">\u0625\u0630\u0627 \u0627\u0639\u062a\u0628\u0631\u0648\u0627 \u0623\u0646 \u062d\u0642\u0647\u0645 \u0641\u064a \u062d\u0645\u0627\u064a\u0629 \u0627\u0644\u0628\u064a\u0627\u0646\u0627\u062a \u0642\u062f \u062a\u0645 \u0627\u0646\u062a\u0647\u0627\u0643\u0647\u060c \u064a\u062c\u0648\u0632 \u0644\u0644\u0645\u0633\u062a\u062e\u062f\u0645 \u062a\u0642\u062f\u064a\u0645 \u0645\u0637\u0627\u0644\u0628\u0629 \u0625\u0644\u0649 \u0648\u0643\u0627\u0644\u0629 \u062d\u0645\u0627\u064a\u0629 \u0627\u0644\u0628\u064a\u0627\u0646\u0627\u062a \u0627\u0644\u0625\u0633\u0628\u0627\u0646\u064a\u0629 (<a href=\"http:\/\/www.aepd.es\/\">www.aepd.es<\/a>).<\/p>\n\t<\/div>\n<\/div>\n\n\n\n\n\t\t\t<\/div> \n\t\t<\/div>\n\t<\/div> \n<\/div><\/div>","protected":false},"excerpt":{"rendered":"POL\u00cdTICA DE COOKIES 1. Informaci\u00f3n General A continuaci\u00f3n, se ofrece al Usuario informaci\u00f3n general sobre qu\u00e9 son las cookies y qu\u00e9 tipos de cookies existen....","protected":false},"author":2,"featured_media":0,"parent":0,"menu_order":0,"comment_status":"closed","ping_status":"closed","template":"","meta":{"footnotes":""},"class_list":["post-3899","page","type-page","status-publish"],"jetpack_sharing_enabled":true,"jetpack-related-posts":[],"jetpack_shortlink":"https:\/\/wp.me\/PfY7gm-10T","_links":{"self":[{"href":"https:\/\/fos.consulting\/ar\/wp-json\/wp\/v2\/pages\/3899","targetHints":{"allow":["GET"]}}],"collection":[{"href":"https:\/\/fos.consulting\/ar\/wp-json\/wp\/v2\/pages"}],"about":[{"href":"https:\/\/fos.consulting\/ar\/wp-json\/wp\/v2\/types\/page"}],"author":[{"embeddable":true,"href":"https:\/\/fos.consulting\/ar\/wp-json\/wp\/v2\/users\/2"}],"replies":[{"embeddable":true,"href":"https:\/\/fos.consulting\/ar\/wp-json\/wp\/v2\/comments?post=3899"}],"version-history":[{"count":6,"href":"https:\/\/fos.consulting\/ar\/wp-json\/wp\/v2\/pages\/3899\/revisions"}],"predecessor-version":[{"id":3902,"href":"https:\/\/fos.consulting\/ar\/wp-json\/wp\/v2\/pages\/3899\/revisions\/3902"}],"wp:attachment":[{"href":"https:\/\/fos.consulting\/ar\/wp-json\/wp\/v2\/media?parent=3899"}],"curies":[{"name":"wp","href":"https:\/\/api.w.org\/{rel}","templated":true}]}}