{"id":39070,"date":"2025-03-23T08:57:06","date_gmt":"2025-03-23T07:57:06","guid":{"rendered":"https:\/\/fos.consulting\/?page_id=39070"},"modified":"2025-04-03T09:55:33","modified_gmt":"2025-04-03T08:55:33","slug":"lista-de-espera-verifactu-agora","status":"publish","type":"page","link":"https:\/\/fos.consulting\/ar\/lista-de-espera-verifactu-agora\/","title":{"rendered":"Lista de espera verifactu"},"content":{"rendered":"<div id=\"fws_69e911f8e755c\"  data-column-margin=\"default\" data-midnight=\"dark\"  class=\"wpb_row vc_row-fluid vc_row\"  style=\"padding-top: 0px; padding-bottom: 0px; \"><div class=\"row-bg-wrap\" data-bg-animation=\"none\" data-bg-animation-delay=\"\" data-bg-overlay=\"false\"><div class=\"inner-wrap row-bg-layer\" ><div class=\"row-bg viewport-desktop\"  style=\"\"><\/div><\/div><\/div><div class=\"row_col_wrap_12 col span_12 dark left\">\n\t<div  class=\"vc_col-sm-12 wpb_column column_container vc_column_container col no-extra-padding inherit_tablet inherit_phone\"  data-padding-pos=\"all\" data-has-bg-color=\"false\" data-bg-color=\"\" data-bg-opacity=\"1\" data-animation=\"\" data-delay=\"0\" >\n\t\t<div class=\"vc_column-inner\" >\n\t\t\t<div class=\"wpb_wrapper\">\n\t\t\t\t\n<div class=\"wpb_text_column wpb_content_element\" >\n\t<div class=\"wpb_wrapper\">\n\t\t<p>\u0646\u062d\u0646 \u0646\u0639\u0645\u0644 \u0639\u0644\u0649 \u0623\u0646 \u0646\u0642\u062f\u0645 \u0644\u0643 \u062a\u0637\u0628\u064a\u0642\u064b\u0627 \u0622\u0645\u0646\u064b\u0627 \u0648 100% \u0645\u062a\u0643\u064a\u0641\u064b\u0627 \u0645\u0639 \u0644\u0627\u0626\u062d\u0629 Verifactu \u0627\u0644\u062c\u062f\u064a\u062f\u0629. \u0627\u0646\u0636\u0645 \u0625\u0644\u0649 \u0642\u0627\u0626\u0645\u0629 \u0627\u0644\u0627\u0646\u062a\u0638\u0627\u0631 \u0648\u0643\u0646 \u0645\u0646 \u0628\u064a\u0646 \u0623\u0648\u0644 \u0645\u0646 \u064a\u0642\u0648\u0645 \u0628\u062a\u0641\u0639\u064a\u0644\u0647\u0627.<\/p>\n\t<\/div>\n<\/div>\n\n\n\n\n\t\t\t<\/div> \n\t\t<\/div>\n\t<\/div> \n<\/div><\/div>\n\t\t<div id=\"fws_69e911f8e811d\"  data-column-margin=\"default\" data-midnight=\"dark\"  class=\"wpb_row vc_row-fluid vc_row\"  style=\"padding-top: 0px; padding-bottom: 0px; \"><div class=\"row-bg-wrap\" data-bg-animation=\"none\" data-bg-animation-delay=\"\" data-bg-overlay=\"false\"><div class=\"inner-wrap row-bg-layer\" ><div class=\"row-bg viewport-desktop\"  style=\"\"><\/div><\/div><\/div><div class=\"row_col_wrap_12 col span_12 dark left\">\n\t<div  class=\"vc_col-sm-12 wpb_column column_container vc_column_container col no-extra-padding inherit_tablet inherit_phone\"  data-padding-pos=\"all\" data-has-bg-color=\"false\" data-bg-color=\"\" data-bg-opacity=\"1\" data-animation=\"\" data-delay=\"0\" >\n\t\t<div class=\"vc_column-inner\" >\n\t\t\t<div class=\"wpb_wrapper\">\n\t\t\t\t<div class=\"wpforms-container wpforms-container-full wpforms-container-save-resume\" id=\"wpforms-39066\"><form id=\"wpforms-form-39066\" class=\"wpforms-validate wpforms-form wpforms-ajax-form\" data-formid=\"39066\" method=\"post\" enctype=\"multipart\/form-data\" action=\"\/ar\/wp-json\/wp\/v2\/pages\/39070\" data-token=\"9971e161742dd4ef68338508c05dcfbb\" data-token-time=\"1776882168\" data-trp-original-action=\"\/ar\/wp-json\/wp\/v2\/pages\/39070\"><noscript class=\"wpforms-error-noscript\">Please enable JavaScript in your browser to complete this form.<\/noscript><div class=\"wpforms-field-container\"><div id=\"wpforms-39066-field_1-container\" class=\"wpforms-field wpforms-field-text\" data-field-id=\"1\"><label class=\"wpforms-field-label\" for=\"wpforms-39066-field_1\">\u0627\u0644\u0627\u0633\u0645 \u0627\u0644\u0645\u0627\u0644\u064a \u0644\u0644\u0634\u0631\u0643\u0629 <span class=\"wpforms-required-label\">*<\/span><\/label><input type=\"text\" id=\"wpforms-39066-field_1\" class=\"wpforms-field-large wpforms-field-required\" name=\"wpforms[fields][1]\" required><div class=\"wpforms-field-description\">\u0644\u062a\u062d\u062f\u064a\u062f \u0647\u0648\u064a\u0629 \u0627\u0644\u0639\u0645\u064a\u0644.<\/div><\/div><div id=\"wpforms-39066-field_7-container\" class=\"wpforms-field wpforms-field-text\" data-field-id=\"7\"><label class=\"wpforms-field-label\" for=\"wpforms-39066-field_7\">\u0627\u0644\u0627\u0633\u0645 \u0627\u0644\u062a\u062c\u0627\u0631\u064a <span class=\"wpforms-required-label\">*<\/span><\/label><input type=\"text\" id=\"wpforms-39066-field_7\" class=\"wpforms-field-large wpforms-field-required\" name=\"wpforms[fields][7]\" required><div class=\"wpforms-field-description\">\u0644\u062a\u062d\u062f\u064a\u062f \u0645\u0648\u0642\u0639 \u0627\u0644\u0645\u0628\u0646\u0649 \u0648\u062a\u0631\u062e\u064a\u0635\u0647.<\/div><\/div><div id=\"wpforms-39066-field_9-container\" class=\"wpforms-field wpforms-field-text\" data-field-id=\"9\"><label class=\"wpforms-field-label\" for=\"wpforms-39066-field_9\">\u0631\u0642\u0645 \u0636\u0631\u064a\u0628\u0629 \u0627\u0644\u0642\u064a\u0645\u0629 \u0627\u0644\u0645\u0636\u0627\u0641\u0629\/\u0631\u0642\u0645 \u0627\u0644\u062a\u0639\u0631\u064a\u0641 \u0627\u0644\u0636\u0631\u064a\u0628\u064a <span class=\"wpforms-required-label\">*<\/span><\/label><input type=\"text\" id=\"wpforms-39066-field_9\" class=\"wpforms-field-large wpforms-field-required\" name=\"wpforms[fields][9]\" required><div class=\"wpforms-field-description\">\u0644\u0644\u062a\u062d\u0642\u0642 \u0645\u0646 \u0635\u062d\u0629 \u0627\u0644\u0634\u0631\u0643\u0629 \u0648\u062a\u062c\u0646\u0628 \u0627\u0644\u0627\u0632\u062f\u0648\u0627\u062c\u064a\u0629.<\/div><\/div><div id=\"wpforms-39066-field_8-container\" class=\"wpforms-field wpforms-field-text\" data-field-id=\"8\"><label class=\"wpforms-field-label\" for=\"wpforms-39066-field_8\">\u0627\u0644\u0634\u062e\u0635 \u0627\u0644\u0630\u064a \u064a\u0645\u0643\u0646 \u0627\u0644\u0627\u062a\u0635\u0627\u0644 \u0628\u0647 <span class=\"wpforms-required-label\">*<\/span><\/label><input type=\"text\" id=\"wpforms-39066-field_8\" class=\"wpforms-field-large wpforms-field-required\" name=\"wpforms[fields][8]\" required><div class=\"wpforms-field-description\">\u0627\u0633\u0645 \u0648\u0644\u0642\u0628 \u0627\u0644\u0634\u062e\u0635 \u0627\u0644\u0630\u064a \u064a\u062f\u064a\u0631 \u0627\u0644\u062a\u062d\u062f\u064a\u062b.<\/div><\/div><div id=\"wpforms-39066-field_5-container\" class=\"wpforms-field wpforms-field-email\" data-field-id=\"5\"><label class=\"wpforms-field-label\" for=\"wpforms-39066-field_5\">\u0627\u0644\u0628\u0631\u064a\u062f \u0627\u0644\u0625\u0644\u0643\u062a\u0631\u0648\u0646\u064a \u0644\u0644\u0627\u062a\u0635\u0627\u0644 <span class=\"wpforms-required-label\">*<\/span><\/label><input type=\"email\" id=\"wpforms-39066-field_5\" class=\"wpforms-field-large wpforms-field-required\" name=\"wpforms[fields][5]\" spellcheck=\"false\" required><div class=\"wpforms-field-description\">\u0644\u062a\u0623\u0643\u064a\u062f \u0627\u0644\u062a\u0633\u062c\u064a\u0644 \u0648\u0627\u0644\u0627\u062a\u0635\u0627\u0644\u0627\u062a \u0627\u0644\u0645\u0633\u062a\u0642\u0628\u0644\u064a\u0629.<\/div><\/div><div id=\"wpforms-39066-field_6-container\" class=\"wpforms-field wpforms-field-phone\" data-field-id=\"6\"><label class=\"wpforms-field-label\" for=\"wpforms-39066-field_6\">\u0631\u0642\u0645 \u0647\u0627\u062a\u0641 \u0627\u0644\u0627\u062a\u0635\u0627\u0644 <span class=\"wpforms-required-label\">*<\/span><\/label><input type=\"tel\" id=\"wpforms-39066-field_6\" class=\"wpforms-field-large wpforms-field-required wpforms-smart-phone-field\" data-rule-smart-phone-field=\"true\" name=\"wpforms[fields][6]\" aria-label=\"\u0631\u0642\u0645 \u0647\u0627\u062a\u0641 \u0627\u0644\u0627\u062a\u0635\u0627\u0644\" required><div class=\"wpforms-field-description\">\u0645\u0641\u064a\u062f \u0644\u062a\u0623\u0643\u064a\u062f \u0627\u0644\u062a\u0641\u0627\u0635\u064a\u0644 \u0623\u0648 \u0627\u0644\u062d\u0627\u0644\u0627\u062a \u0627\u0644\u0637\u0627\u0631\u0626\u0629.<\/div><\/div><div id=\"wpforms-39066-field_10-container\" class=\"wpforms-field wpforms-field-number-slider\" data-field-id=\"10\"><label class=\"wpforms-field-label\" for=\"wpforms-39066-field_10\">\u0639\u062f\u062f \u0627\u0644\u0645\u0624\u0633\u0633\u0627\u062a\/\u0627\u0644\u0645\u0631\u0627\u0643\u0632<\/label>\n<input\n\ttype=\"range\"\n\tid=\"wpforms-39066-field_10\" class=\"wpforms-field-large\" name=\"wpforms[fields][10]\" value=\"0\"\t\tmin=\"0\"\n\tmax=\"100\"\n\tstep=\"1\">\n\n<div class=\"wpforms-field-number-slider-hint\"\n\tdata-hint=\"Valor seleccionado: {value}\">\n\t\u0627\u0644\u0642\u064a\u0645\u0629 \u0627\u0644\u0645\u062e\u062a\u0627\u0631\u0629: <b>0<\/b><\/div>\n<div class=\"wpforms-field-description\">\u0644\u062a\u062d\u062f\u064a\u062f \u0623\u0628\u0639\u0627\u062f \u0627\u0644\u0646\u0638\u0627\u0645 \u0648\u062a\u062e\u0637\u064a\u0637\u0647.<\/div><\/div><div id=\"wpforms-39066-field_11-container\" class=\"wpforms-field wpforms-field-text\" data-field-id=\"11\"><label class=\"wpforms-field-label\" for=\"wpforms-39066-field_11\">\u0627\u0644\u0625\u0635\u062f\u0627\u0631 \u0627\u0644\u062d\u0627\u0644\u064a \u0645\u0646 \u0623\u063a\u0648\u0631\u0627<\/label><input type=\"text\" id=\"wpforms-39066-field_11\" class=\"wpforms-field-large\" name=\"wpforms[fields][11]\" ><div class=\"wpforms-field-description\">\u0644\u0645\u0639\u0631\u0641\u0629 \u0645\u0627 \u0625\u0630\u0627 \u0643\u0627\u0646 \u0645\u0646 \u0627\u0644\u0636\u0631\u0648\u0631\u064a \u0625\u062c\u0631\u0627\u0621 \u0642\u0641\u0632\u0629 \u0648\u0633\u064a\u0637\u0629 \u0642\u0628\u0644 \u0627\u0644\u062a\u0631\u0642\u064a\u0629.<\/div><\/div><div id=\"wpforms-39066-field_3-container\" class=\"wpforms-field wpforms-field-textarea\" data-field-id=\"3\"><label class=\"wpforms-field-label\" for=\"wpforms-39066-field_3\">\u0627\u0644\u0645\u0644\u0627\u062d\u0638\u0627\u062a\/\u0627\u0644\u062a\u0639\u0644\u064a\u0642\u0627\u062a \u0627\u0644\u0625\u0636\u0627\u0641\u064a\u0629<\/label><textarea id=\"wpforms-39066-field_3\" class=\"wpforms-field-medium\" name=\"wpforms[fields][3]\" ><\/textarea><div class=\"wpforms-field-description\">\u0645\u0633\u0627\u062d\u0629 \u062e\u0627\u0644\u064a\u0629 \u0625\u0630\u0627 \u0643\u0646\u062a \u062a\u0631\u063a\u0628 \u0641\u064a \u0634\u0631\u062d \u0634\u064a\u0621 \u0630\u064a \u0635\u0644\u0629.<\/div><\/div><\/div><!-- .wpforms-field-container --><div class=\"wpforms-submit-container\" ><input type=\"hidden\" name=\"wpforms[id]\" value=\"39066\"><input type=\"hidden\" name=\"page_title\" value=\"\"><input type=\"hidden\" name=\"page_url\" value=\"https:\/\/fos.consulting\/ar\/wp-json\/wp\/v2\/pages\/39070\"><input type=\"hidden\" name=\"url_referer\" value=\"\"><button type=\"submit\" name=\"wpforms[submit]\" id=\"wpforms-submit-39066\" class=\"wpforms-submit\" data-alt-text=\"Enviando...\" data-submit-text=\"Enviar\" aria-live=\"assertive\" value=\"wpforms-submit\">\u0625\u0631\u0633\u0627\u0644<\/button><img loading=\"lazy\" decoding=\"async\" src=\"https:\/\/fos.consulting\/wp-content\/plugins\/wpforms\/assets\/images\/submit-spin.svg\" class=\"wpforms-submit-spinner\" style=\"display: none;\" width=\"26\" height=\"26\" alt=\"Loading\"><\/div><input type=\"hidden\" name=\"trp-form-language\" value=\"ar\"\/><\/form><\/div>  <!-- .wpforms-container -->\n\t\t\t<\/div> \n\t\t<\/div>\n\t<\/div> \n<\/div><\/div>","protected":false},"excerpt":{"rendered":"Estamos trabajando para ofrecerte una implantaci\u00f3n segura y 100% adaptada a la nueva normativa Verifactu. Inscr\u00edbete en la lista de espera y s\u00e9 de los...","protected":false},"author":162,"featured_media":0,"parent":0,"menu_order":0,"comment_status":"closed","ping_status":"closed","template":"","meta":{"footnotes":""},"class_list":["post-39070","page","type-page","status-publish"],"jetpack_sharing_enabled":true,"jetpack-related-posts":[],"jetpack_shortlink":"https:\/\/wp.me\/PfY7gm-aaa","_links":{"self":[{"href":"https:\/\/fos.consulting\/ar\/wp-json\/wp\/v2\/pages\/39070","targetHints":{"allow":["GET"]}}],"collection":[{"href":"https:\/\/fos.consulting\/ar\/wp-json\/wp\/v2\/pages"}],"about":[{"href":"https:\/\/fos.consulting\/ar\/wp-json\/wp\/v2\/types\/page"}],"author":[{"embeddable":true,"href":"https:\/\/fos.consulting\/ar\/wp-json\/wp\/v2\/users\/162"}],"replies":[{"embeddable":true,"href":"https:\/\/fos.consulting\/ar\/wp-json\/wp\/v2\/comments?post=39070"}],"version-history":[{"count":9,"href":"https:\/\/fos.consulting\/ar\/wp-json\/wp\/v2\/pages\/39070\/revisions"}],"predecessor-version":[{"id":39329,"href":"https:\/\/fos.consulting\/ar\/wp-json\/wp\/v2\/pages\/39070\/revisions\/39329"}],"wp:attachment":[{"href":"https:\/\/fos.consulting\/ar\/wp-json\/wp\/v2\/media?parent=39070"}],"curies":[{"name":"wp","href":"https:\/\/api.w.org\/{rel}","templated":true}]}}