{"id":40398,"date":"2025-06-26T10:20:29","date_gmt":"2025-06-26T09:20:29","guid":{"rendered":"https:\/\/fos.consulting\/?page_id=40398"},"modified":"2025-06-26T10:20:29","modified_gmt":"2025-06-26T09:20:29","slug":"declaracion-responsable-del-sistema-informatico-de-facturacion","status":"publish","type":"page","link":"https:\/\/fos.consulting\/ar\/declaracion-responsable-del-sistema-informatico-de-facturacion\/","title":{"rendered":"\u0627\u0644\u0625\u0639\u0644\u0627\u0646 \u0639\u0646 \u0627\u0644\u0645\u0633\u0624\u0648\u0644\u064a\u0629 \u0639\u0646 \u0646\u0638\u0627\u0645 \u0627\u0644\u0641\u0648\u0627\u062a\u064a\u0631 \u0627\u0644\u0645\u062d\u0648\u0633\u0628\u0629"},"content":{"rendered":"<div id=\"fws_69d4ca8e4b4bd\"  data-column-margin=\"default\" data-midnight=\"dark\"  class=\"wpb_row vc_row-fluid vc_row\"  style=\"padding-top: 0px; padding-bottom: 0px; \"><div class=\"row-bg-wrap\" data-bg-animation=\"none\" data-bg-animation-delay=\"\" data-bg-overlay=\"false\"><div class=\"inner-wrap row-bg-layer\" ><div class=\"row-bg viewport-desktop\"  style=\"\"><\/div><\/div><\/div><div class=\"row_col_wrap_12 col span_12 dark left\">\n\t<div  class=\"vc_col-sm-12 wpb_column column_container vc_column_container col no-extra-padding inherit_tablet inherit_phone\"  data-padding-pos=\"all\" data-has-bg-color=\"false\" data-bg-color=\"\" data-bg-opacity=\"1\" data-animation=\"\" data-delay=\"0\" >\n\t\t<div class=\"vc_column-inner\" >\n\t\t\t<div class=\"wpb_wrapper\">\n\t\t\t\t<h2 style=\"font-size: 48px;line-height: 57px;text-align: center\" class=\"vc_custom_heading vc_do_custom_heading\" >\u0627\u0644\u0625\u0639\u0644\u0627\u0646 \u0639\u0646 \u0627\u0644\u0645\u0633\u0624\u0648\u0644\u064a\u0629 \u0639\u0646 \u0646\u0638\u0627\u0645 \u0627\u0644\u0641\u0648\u0627\u062a\u064a\u0631 \u0627\u0644\u0645\u062d\u0648\u0633\u0628\u0629<\/h2><p style=\"text-align: center\" class=\"vc_custom_heading vc_do_custom_heading\" ><a href=\"https:\/\/fos.consulting\/ar\/contacto\/\" title=\"\u0627\u062a\u0635\u0627\u0644\">\u0627\u0644\u0625\u0639\u0644\u0627\u0646 \u0639\u0646 \u0627\u0644\u0645\u0633\u0624\u0648\u0644\u064a\u0629 \u0639\u0646 \u0646\u0638\u0627\u0645 \u0627\u0644\u0641\u0648\u0627\u062a\u064a\u0631 \u0627\u0644\u0645\u062d\u0648\u0633\u0628\u0629<br \/>\n\u0627\u0644\u0625\u0639\u0644\u0627\u0646 \u0627\u0644\u0645\u0633\u0624\u0648\u0644<br \/>\n\u0627\u0644\u0625\u0639\u0644\u0627\u0646 \u0639\u0646 \u0627\u0644\u0645\u0633\u0624\u0648\u0644\u064a\u0629 \u0639\u0646 \u0646\u0638\u0627\u0645 \u0627\u0644\u0641\u0648\u062a\u0631\u0629 \u0627\u0644\u0645\u062d\u0648\u0633\u0628 \u0644\u0634\u0631\u0643\u0629 IGT \u0644\u0644\u0625\u0644\u0643\u062a\u0631\u0648\u0646\u064a\u0627\u062a \u0627\u0644\u062f\u0642\u064a\u0642\u0629\u060c \u0634.\u0645.\u0644. \u0644\u0623\u063a\u0631\u0627\u0636 \u0627\u0644\u0623\u0645\u0631 HAC\/1177\/2024<\/p>\n<p>IGT MICROELECTRONICS, S.L. (\"IGT\")\u060c \u0628\u0631\u0645\u0632 \u0627\u0644\u062a\u0639\u0631\u064a\u0641 \u0627\u0644\u0636\u0631\u064a\u0628\u064a B-78032034\u060c \u0648\u0639\u0646\u0648\u0627\u0646\u0647\u0627 \u0644\u0623\u063a\u0631\u0627\u0636 \u0627\u0644\u0625\u062e\u0637\u0627\u0631 \u0641\u064a Calle Alonso Cano, N\u00ba 87 -CP 28003- Madrid\u060c \u0628\u0645\u0648\u062c\u0628 \u0647\u0630\u0627 \u0648\u0644\u0644\u0623\u063a\u0631\u0627\u0636 \u0627\u0644\u0645\u0646\u0635\u0648\u0635 \u0639\u0644\u064a\u0647\u0627 \u0641\u064a \u0627\u0644\u0645\u0627\u062f\u0629 15 \u0648\u0645\u0627 \u064a\u0644\u064a\u0647\u0627. \u0645\u0646 \u0627\u0644\u0623\u0645\u0631 HAC\/1177\/2024\u060c \u0627\u0644\u0645\u0624\u0631\u062e 17 \u0623\u0643\u062a\u0648\u0628\u0631\/\u062a\u0634\u0631\u064a\u0646 \u0627\u0644\u0623\u0648\u0644\u060c \u0627\u0644\u0630\u064a \u064a\u0636\u0639 \u0627\u0644\u0645\u0648\u0627\u0635\u0641\u0627\u062a \u0627\u0644\u0641\u0646\u064a\u0629 \u0648\u0627\u0644\u0648\u0638\u064a\u0641\u064a\u0629 \u0648\u0627\u0644\u0645\u062d\u062a\u0648\u0649 \u0627\u0644\u0645\u0634\u0627\u0631 \u0625\u0644\u064a\u0647\u0627 \u0641\u064a \u0627\u0644\u0644\u0627\u0626\u062d\u0629 \u0627\u0644\u062a\u064a \u062a\u062d\u062f\u062f \u0627\u0644\u0645\u062a\u0637\u0644\u0628\u0627\u062a \u0627\u0644\u062a\u064a \u064a\u062c\u0628 \u0623\u0646 \u062a\u0639\u062a\u0645\u062f\u0647\u0627 \u0623\u0646\u0638\u0645\u0629 \u0648\u0628\u0631\u0627\u0645\u062c \u0627\u0644\u062d\u0627\u0633\u0648\u0628 \u0623\u0648 \u0627\u0644\u0623\u0646\u0638\u0645\u0629 \u0648\u0627\u0644\u0628\u0631\u0627\u0645\u062c \u0627\u0644\u0625\u0644\u0643\u062a\u0631\u0648\u0646\u064a\u0629 \u0627\u0644\u062a\u064a \u062a\u062f\u0639\u0645 \u0639\u0645\u0644\u064a\u0627\u062a \u0627\u0644\u0641\u0648\u062a\u0631\u0629 \u0644\u0623\u0635\u062d\u0627\u0628 \u0627\u0644\u0645\u0634\u0627\u0631\u064a\u0639 \u0648\u0627\u0644\u0645\u0647\u0646\u064a\u064a\u0646\u060c \u0648\u062a\u0648\u062d\u064a\u062f \u0646\u0645\u0627\u0630\u062c \u0633\u062c\u0644\u0627\u062a \u0627\u0644\u0641\u0648\u062a\u0631\u0629\u060c \u0627\u0644\u0645\u0639\u062a\u0645\u062f\u0629 \u0628\u0645\u0648\u062c\u0628 \u0627\u0644\u0645\u0631\u0633\u0648\u0645 \u0627\u0644\u0645\u0644\u0643\u064a 1007\/2023\u060c \u0627\u0644\u0645\u0624\u0631\u062e 5 \u062f\u064a\u0633\u0645\u0628\u0631\/\u0643\u0627\u0646\u0648\u0646 \u0627\u0644\u0623\u0648\u0644\u061b \u0648\u0641\u064a \u0627\u0644\u0644\u0627\u0626\u062d\u0629 \u0627\u0644\u0645\u0646\u0638\u0645\u0629 \u0644\u0627\u0644\u062a\u0632\u0627\u0645\u0627\u062a \u0627\u0644\u0641\u0648\u062a\u0631\u0629\u060c \u0627\u0644\u0645\u0639\u062a\u0645\u062f\u0629 \u0628\u0645\u0648\u062c\u0628 \u0627\u0644\u0645\u0631\u0633\u0648\u0645 \u0627\u0644\u0645\u0644\u0643\u064a 1619\/2012\u060c \u0627\u0644\u0645\u0624\u0631\u062e 30 \u0646\u0648\u0641\u0645\u0628\u0631\/\u062a\u0634\u0631\u064a\u0646 \u0627\u0644\u062b\u0627\u0646\u064a (\"\u0627\u0644\u0623\u0645\u0631\")\u060c \u062a\u0639\u0644\u0646<\/p>\n<p>\u0627\u0644\u0623\u0648\u0644<br \/>\n\u0623\u0646 \u0634\u0631\u0643\u0629 IGT \u0647\u064a \u0627\u0644\u0645\u0627\u0644\u0643\u0629 \u0644\u0646\u0638\u0627\u0645 \u0627\u0644\u062d\u0627\u0633\u0648\u0628 Agora\u060c \u0628\u0631\u0645\u0632 \u0627\u0644\u062a\u0639\u0631\u064a\u0641 \"AG\" \u0648\u0641\u0642\u064b\u0627 \u0644\u0644\u0645\u0648\u0627\u0635\u0641\u0627\u062a \u0627\u0644\u0648\u0627\u0631\u062f\u0629 \u0641\u064a \u0627\u0644\u0642\u0633\u0645 2.6 \u0645\u0646 \u0645\u0644\u062d\u0642 \u0627\u0644\u0637\u0644\u0628\u060c \u0645\u0639 \u0627\u0644\u0625\u0635\u062f\u0627\u0631 8.2.5\u060c \u064a\u062d\u062a\u0648\u064a \u0639\u0644\u0649 \u0645\u0643\u0648\u0646\u0627\u062a \u0627\u0644\u0623\u062c\u0647\u0632\u0629 \u0648\u0627\u0644\u0628\u0631\u0627\u0645\u062c \u0627\u0644\u062a\u0627\u0644\u064a\u0629<\/p>\n<p>\u0628\u0627\u0644\u0646\u0633\u0628\u0629 \u0644\u0645\u0643\u0648\u0646\u0627\u062a \u0627\u0644\u0623\u062c\u0647\u0632\u0629\u060c \u064a\u062d\u062a\u0648\u064a \u0627\u0644\u0646\u0638\u0627\u0645 \u0639\u0644\u0649 \u062c\u0647\u0627\u0632 \u0623\u0648 \u0623\u0643\u062b\u0631 \u0645\u0646 \u0623\u062c\u0647\u0632\u0629 \u0646\u0642\u0627\u0637 \u0627\u0644\u0628\u064a\u0639 \u0648\/\u0623\u0648 \u062e\u0627\u062f\u0645 \u0645\u0631\u0643\u0632\u064a\u060c \u0627\u0639\u062a\u0645\u0627\u062f\u064b\u0627 \u0639\u0644\u0649 \u062a\u0643\u0648\u064a\u0646 \u0646\u0638\u0627\u0645 \u062a\u0643\u0646\u0648\u0644\u0648\u062c\u064a\u0627 \u0627\u0644\u0645\u0639\u0644\u0648\u0645\u0627\u062a.<br \/>\n\u0628\u0627\u0644\u0646\u0633\u0628\u0629 \u0644\u0645\u0643\u0648\u0646\u0627\u062a \u0627\u0644\u0628\u0631\u0627\u0645\u062c\u060c \u064a\u062d\u062a\u0648\u064a \u0627\u0644\u0646\u0638\u0627\u0645 \u0639\u0644\u0649 \u0628\u0631\u0646\u0627\u0645\u062c Agora.<br \/>\n\u062b\u0627\u0646\u064a\u064b\u0627<br \/>\n\u0623\u0646 \u0646\u0638\u0627\u0645 \u0627\u0644\u0643\u0645\u0628\u064a\u0648\u062a\u0631 \u0627\u0644\u0645\u0630\u0643\u0648\u0631 \u0647\u0648 \u0628\u0631\u0646\u0627\u0645\u062c \u0625\u062f\u0627\u0631\u0629 \u0646\u0642\u0627\u0637 \u0627\u0644\u0628\u064a\u0639 \u0627\u0644\u0637\u0631\u0641\u064a\u0629 \u0644\u0644\u0634\u0631\u0643\u0627\u062a \u0645\u0639 \u0627\u0644\u0648\u0638\u0627\u0626\u0641 \u0627\u0644\u0631\u0626\u064a\u0633\u064a\u0629:<\/p>\n<p>\u0646\u0638\u0627\u0645 \u0645\u0631\u0643\u0632\u064a \u0644\u0625\u062f\u0627\u0631\u0629 \u0627\u0644\u0645\u0646\u0634\u0622\u062a \u0627\u0644\u0645\u062a\u0639\u062f\u062f\u0629 \u0641\u064a \u0642\u0627\u0639\u062f\u0629 \u0628\u064a\u0627\u0646\u0627\u062a \u0648\u0627\u062d\u062f\u0629.<br \/>\n\u062a\u062d\u0644\u064a\u0644 \u0627\u0644\u0623\u0639\u0645\u0627\u0644 \u0645\u0639 \u062a\u0637\u0628\u064a\u0642\u0627\u062a \u0627\u0644\u0648\u064a\u0628 \u0648\u0627\u0644\u0647\u0627\u062a\u0641 \u0627\u0644\u0645\u062d\u0645\u0648\u0644.<br \/>\n\u0642\u0627\u0626\u062f \u0645\u0639 \u062a\u0637\u0628\u064a\u0642 \u0627\u0644\u0647\u0627\u062a\u0641 \u0627\u0644\u0645\u062d\u0645\u0648\u0644 \u0644\u0625\u0639\u062f\u0627\u062f \u0627\u0644\u0637\u0644\u0628\u0627\u062a \u0648\u0625\u062f\u0627\u0631\u0629 \u0627\u0644\u062a\u062d\u0635\u064a\u0644 \u0648\u0627\u0644\u062a\u0648\u0627\u0635\u0644 \u0645\u0639 \u0627\u0644\u0645\u0637\u0628\u062e.<br \/>\n\u0645\u0631\u0627\u0642\u0628 \u0627\u0644\u0645\u0637\u0628\u062e \u0644\u0625\u062f\u0627\u0631\u0629 \u0627\u0644\u0637\u0644\u0628\u0627\u062a \u0648\u0627\u0644\u062a\u062d\u0636\u064a\u0631\u0627\u062a \u0641\u064a \u0627\u0644\u0645\u0637\u0628\u062e \u0623\u0648 \u0645\u0646\u0637\u0642\u0629 \u0627\u0644\u062a\u062d\u0636\u064a\u0631.<br \/>\n\u0645\u062f\u064a\u0631 \u0627\u0644\u062d\u062c\u0632 \u0639\u0628\u0631 \u0627\u0644\u0625\u0646\u062a\u0631\u0646\u062a \u0644\u062a\u062a\u0645\u0643\u0646 \u0645\u0646 \u062d\u062c\u0632 \u0637\u0627\u0648\u0644\u0629 \u0645\u0646 \u0642\u0646\u0648\u0627\u062a \u0627\u0644\u0627\u062a\u0635\u0627\u0644 \u0627\u0644\u0645\u062e\u062a\u0644\u0641\u0629.<br \/>\n\u0642\u0627\u0626\u0645\u0629 \u0631\u0642\u0645\u064a\u0629 \u0644\u062a\u062a\u0645\u0643\u0646 \u0645\u0646 \u0627\u0644\u0648\u0635\u0648\u0644 \u0625\u0644\u0649 \u0639\u0631\u0636 \u0627\u0644\u0645\u0628\u0646\u0649 \u0639\u0646 \u0628\u064f\u0639\u062f.<br \/>\n\u0627\u0644\u062a\u0643\u0627\u0645\u0644 \u0645\u0639 \u0645\u0646\u0635\u0627\u062a \u0627\u0644\u062a\u0648\u0635\u064a\u0644.<br \/>\n\u0627\u0644\u062a\u062f\u0642\u064a\u0642 \u0644\u0644\u0627\u0633\u062a\u0639\u0644\u0627\u0645 \u0639\u0646 \u0627\u0644\u0639\u0645\u0644\u064a\u0627\u062a \u062f\u0627\u062e\u0644 \u0627\u0644\u0646\u0638\u0627\u0645.<br \/>\n\u062a\u0637\u0628\u064a\u0642 \u0627\u0644\u0645\u0633\u062a\u0648\u062f\u0639\u0627\u062a \u0644\u0625\u062f\u0627\u0631\u0629 \u0627\u0633\u062a\u0644\u0627\u0645 \u0627\u0644\u0628\u0636\u0627\u0626\u0639 \u0648\u0642\u0648\u0627\u0626\u0645 \u0627\u0644\u062c\u0631\u062f \u0648\u0623\u0646\u0638\u0645\u0629 \u0627\u0644\u0645\u062e\u0632\u0648\u0646.<br \/>\n\u0627\u0644\u062a\u062d\u0643\u0645 \u0641\u064a \u0627\u0644\u0648\u0642\u062a \u0644\u062a\u0633\u062c\u064a\u0644 \u0627\u0644\u062f\u062e\u0648\u0644 \u0648\u0627\u0644\u062e\u0631\u0648\u062c.<br \/>\n\u0627\u0644\u062a\u0643\u0627\u0645\u0644 \u0645\u0639 \u0627\u0644\u062a\u0637\u0628\u064a\u0642\u0627\u062a \u0627\u0644\u0623\u062e\u0631\u0649 \u0641\u064a \u0627\u0644\u0633\u0648\u0642.<br \/>\n\u0646\u0638\u0627\u0645 \u0644\u0625\u062c\u0631\u0627\u0621 \u0627\u0644\u0645\u062f\u0641\u0648\u0639\u0627\u062a \u0639\u0628\u0631 QR.<br \/>\n\u0625\u0646\u0634\u0627\u0621 \u0627\u0644\u0641\u0648\u0627\u062a\u064a\u0631 \u0645\u0646 \u0627\u0644\u0647\u0627\u062a\u0641 \u0627\u0644\u0645\u062d\u0645\u0648\u0644 \u0639\u0646 \u0637\u0631\u064a\u0642 QR \u0627\u0644\u0645\u0637\u0628\u0648\u0639 \u0639\u0644\u0649 \u0627\u0644\u062a\u0630\u0643\u0631\u0629.<br \/>\n\u062b\u0627\u0644\u062b\u0627\u064b<br \/>\n\u0623\u0646 \u0647\u0630\u0627 \u0627\u0644\u0646\u0638\u0627\u0645 \u0644\u0627 \u064a\u0645\u0643\u0646 \u0623\u0646 \u064a\u0639\u0645\u0644 \u0625\u0644\u0627 \u0628\u0635\u064a\u063a\u0629 \"VERIFACTU\" \u062d\u0635\u0631\u064a\u064b\u0627\u060c \u0648\u0641\u0642\u064b\u0627 \u0644\u0644\u0645\u0648\u0627\u0635\u0641\u0627\u062a \u0627\u0644\u0648\u0627\u0631\u062f\u0629 \u0641\u064a \u0627\u0644\u0641\u0642\u0631\u0629 2.6 \u0645\u0646 \u0645\u0644\u062d\u0642 \u0627\u0644\u0623\u0645\u0631 HAC\/1177\/2024.<\/p>\n<p>\u0631\u0627\u0628\u0639\u0627\u064b<br \/>\n\u0623\u0646 \u0647\u0630\u0627 \u0627\u0644\u0646\u0638\u0627\u0645 \u0627\u0644\u062d\u0627\u0633\u0648\u0628\u064a \u064a\u0645\u0643\u0646 \u0627\u0633\u062a\u062e\u062f\u0627\u0645\u0647 \u0645\u0646 \u0642\u0628\u0644 \u0627\u0644\u0639\u062f\u064a\u062f \u0645\u0646 \u062f\u0627\u0641\u0639\u064a \u0627\u0644\u0636\u0631\u0627\u0626\u0628\u060c \u0645\u0645\u0627 \u064a\u062f\u0639\u0645 \u0625\u0635\u062f\u0627\u0631 \u0627\u0644\u0641\u0648\u0627\u062a\u064a\u0631 \u0644\u0644\u0639\u062f\u064a\u062f \u0645\u0646 \u062f\u0627\u0641\u0639\u064a \u0627\u0644\u0636\u0631\u0627\u0626\u0628. \u0647\u0630\u0627 \u0627\u0644\u062e\u064a\u0627\u0631 \u0645\u062a\u0627\u062d \u0641\u0642\u0637 \u0641\u064a \u0627\u0644\u0646\u0638\u0627\u0645 \u0627\u0644\u0645\u0631\u0643\u0632\u064a.<\/p>\n<p>\u062e\u0627\u0645\u0633\u0627\u064b<br \/>\n\u0623\u0646 \u0623\u063a\u0648\u0631\u0627\u060c \u0628\u0627\u0644\u0646\u0633\u0628\u0629 \u0644\u0644\u0625\u0635\u062f\u0627\u0631 8.2.5\u060c \u064a\u062a\u0648\u0627\u0641\u0642 \u0645\u0639 \u0623\u062d\u0643\u0627\u0645 \u0627\u0644\u0645\u0627\u062f\u0629 29.2.\u064a \u0645\u0646 \u0627\u0644\u0642\u0627\u0646\u0648\u0646 \u0631\u0642\u0645 58\/2003\u060c \u0627\u0644\u0635\u0627\u062f\u0631 \u0641\u064a 17 \u062f\u064a\u0633\u0645\u0628\u0631\/\u0643\u0627\u0646\u0648\u0646 \u0627\u0644\u0623\u0648\u0644\u060c \u0628\u0634\u0623\u0646 \u0627\u0644\u0636\u0631\u0627\u0626\u0628 \u0627\u0644\u0639\u0627\u0645\u0629\u060c \u0641\u064a \u0627\u0644\u0644\u0627\u0626\u062d\u0629 \u0627\u0644\u062a\u064a \u062a\u062d\u062f\u062f \u0627\u0644\u0645\u062a\u0637\u0644\u0628\u0627\u062a \u0627\u0644\u062a\u064a \u064a\u062c\u0628 \u0623\u0646 \u062a\u0639\u062a\u0645\u062f\u0647\u0627 \u0623\u0646\u0638\u0645\u0629 \u0648\u0628\u0631\u0627\u0645\u062c \u0627\u0644\u062d\u0627\u0633\u0628 \u0627\u0644\u0622\u0644\u064a \u0623\u0648 \u0627\u0644\u0625\u0644\u0643\u062a\u0631\u0648\u0646\u064a\u0629 \u0627\u0644\u062a\u064a \u062a\u062f\u0639\u0645 \u0639\u0645\u0644\u064a\u0627\u062a \u0627\u0644\u0641\u0648\u062a\u0631\u0629 \u0644\u0623\u0635\u062d\u0627\u0628 \u0627\u0644\u0645\u0634\u0627\u0631\u064a\u0639 \u0648\u0627\u0644\u0645\u0647\u0646\u064a\u064a\u0646\u060c \u0648\u062a\u0648\u062d\u064a\u062f \u0635\u064a\u063a \u0633\u062c\u0644\u0627\u062a \u0627\u0644\u0641\u0648\u062a\u0631\u0629\u060c \u0627\u0644\u0645\u0639\u062a\u0645\u062f\u0629 \u0628\u0645\u0648\u062c\u0628 \u0627\u0644\u0645\u0631\u0633\u0648\u0645 \u0627\u0644\u0645\u0644\u0643\u064a 1007\/2023\u060c \u0627\u0644\u0635\u0627\u062f\u0631 \u0641\u064a 5 \u062f\u064a\u0633\u0645\u0628\u0631\/\u0643\u0627\u0646\u0648\u0646 \u0627\u0644\u0623\u0648\u0644\u060c \u0641\u064a \u0647\u0630\u0627 \u0627\u0644\u0623\u0645\u0631 \u0648\u0641\u064a \u0627\u0644\u0645\u0642\u0631 \u0627\u0644\u0625\u0644\u0643\u062a\u0631\u0648\u0646\u064a \u0644\u0645\u0635\u0644\u062d\u0629 \u0627\u0644\u0636\u0631\u0627\u0626\u0628 \u0627\u0644\u062d\u0643\u0648\u0645\u064a\u0629 \u0644\u0643\u0644 \u0645\u0627 \u064a\u0633\u062a\u0643\u0645\u0644 \u0645\u0648\u0627\u0635\u0641\u0627\u062a \u0647\u0630\u0627 \u0627\u0644\u0623\u0645\u0631.<\/p>\n<p>\u0645\u062f\u0631\u064a\u062f\u060c \u0625\u0633\u0628\u0627\u0646\u064a\u0627\u060c 14\/05\/2025.<\/p>\n<p>igt microelectronics, s.l.<\/a><\/p>\n\t\t\t<\/div> \n\t\t<\/div>\n\t<\/div> \n<\/div><\/div>","protected":false},"excerpt":{"rendered":"Declaraci\u00f3n Responsable del sistema inform\u00e1tico de facturaci\u00f3nDECLARACI\u00d3N RESPONSABLE DEL SISTEMA INFORM\u00c1TICO DE FACTURACI\u00d3N Declaraci\u00f3n Responsable DECLARACI\u00d3N RESPONSABLE DEL SISTEMA INFORM\u00c1TICO DE FACTURACI\u00d3N DE IGT MICROELECTRONICS,...","protected":false},"author":150,"featured_media":0,"parent":0,"menu_order":0,"comment_status":"closed","ping_status":"closed","template":"","meta":{"footnotes":""},"class_list":["post-40398","page","type-page","status-publish"],"jetpack_sharing_enabled":true,"jetpack-related-posts":[],"jetpack_shortlink":"https:\/\/wp.me\/PfY7gm-avA","_links":{"self":[{"href":"https:\/\/fos.consulting\/ar\/wp-json\/wp\/v2\/pages\/40398","targetHints":{"allow":["GET"]}}],"collection":[{"href":"https:\/\/fos.consulting\/ar\/wp-json\/wp\/v2\/pages"}],"about":[{"href":"https:\/\/fos.consulting\/ar\/wp-json\/wp\/v2\/types\/page"}],"author":[{"embeddable":true,"href":"https:\/\/fos.consulting\/ar\/wp-json\/wp\/v2\/users\/150"}],"replies":[{"embeddable":true,"href":"https:\/\/fos.consulting\/ar\/wp-json\/wp\/v2\/comments?post=40398"}],"version-history":[{"count":3,"href":"https:\/\/fos.consulting\/ar\/wp-json\/wp\/v2\/pages\/40398\/revisions"}],"predecessor-version":[{"id":40401,"href":"https:\/\/fos.consulting\/ar\/wp-json\/wp\/v2\/pages\/40398\/revisions\/40401"}],"wp:attachment":[{"href":"https:\/\/fos.consulting\/ar\/wp-json\/wp\/v2\/media?parent=40398"}],"curies":[{"name":"wp","href":"https:\/\/api.w.org\/{rel}","templated":true}]}}