{"id":4151,"date":"2019-11-04T09:05:47","date_gmt":"2019-11-04T09:05:47","guid":{"rendered":"https:\/\/fos.consulting\/?page_id=4151"},"modified":"2021-02-05T14:07:51","modified_gmt":"2021-02-05T14:07:51","slug":"condiciones-de-mantenimiento","status":"publish","type":"page","link":"https:\/\/fos.consulting\/ar\/condiciones-de-mantenimiento\/","title":{"rendered":"Condiciones de mantenimiento"},"content":{"rendered":"<div id=\"fws_69d483cc7d098\"  data-column-margin=\"default\" data-midnight=\"dark\"  class=\"wpb_row vc_row-fluid vc_row\"  style=\"padding-top: 0px; padding-bottom: 0px; \"><div class=\"row-bg-wrap\" data-bg-animation=\"none\" data-bg-animation-delay=\"\" data-bg-overlay=\"false\"><div class=\"inner-wrap row-bg-layer\" ><div class=\"row-bg viewport-desktop using-bg-color\"  style=\"background-color: #ffffff; \"><\/div><\/div><\/div><div class=\"row_col_wrap_12 col span_12 dark left\">\n\t<div style=\"\" class=\"vc_col-sm-12 wpb_column column_container vc_column_container col no-extra-padding\" data-using-bg=\"true\" data-padding-pos=\"all\" data-has-bg-color=\"true\" data-bg-color=\"#ffffff\" data-bg-opacity=\"1\" data-hover-bg=\"#ffffff\" data-hover-bg-opacity=\"1\" data-animation=\"\" data-delay=\"0\" >\n\t\t<div class=\"vc_column-inner\" ><div class=\"column-bg-overlay-wrap column-bg-layer\" data-bg-animation=\"none\"><div class=\"column-bg-overlay\" style=\"opacity: 1; background-color: #ffffff;\"><\/div><\/div>\n\t\t\t<div class=\"wpb_wrapper\">\n\t\t\t\t<div class=\"divider-wrap\" data-alignment=\"default\"><div style=\"height: 50px;\" class=\"divider\"><\/div><\/div><div class=\"col span_12 section-title text-align-center extra-padding\"><h2>\n<h2 style=\"text-align: left\">CONDICIONES DE MANTENIMIENTO<\/h2>\n<\/h2><\/div><div class=\"clear\"><\/div>\n\t\t\t<\/div> \n\t\t<\/div>\n\t<\/div> \n<\/div><\/div>\n\t\t<div id=\"fws_69d483cc7eff6\"  data-column-margin=\"default\" data-midnight=\"dark\"  class=\"wpb_row vc_row-fluid vc_row\"  style=\"padding-top: 0px; padding-bottom: 0px; \"><div class=\"row-bg-wrap\" data-bg-animation=\"none\" data-bg-animation-delay=\"\" data-bg-overlay=\"false\"><div class=\"inner-wrap row-bg-layer\" ><div class=\"row-bg viewport-desktop using-bg-color\"  style=\"background-color: #ffffff; \"><\/div><\/div><\/div><div class=\"row_col_wrap_12 col span_12 dark left\">\n\t<div style=\"\" class=\"vc_col-sm-12 wpb_column column_container vc_column_container col no-extra-padding\" data-using-bg=\"true\" data-padding-pos=\"all\" data-has-bg-color=\"true\" data-bg-color=\"#ffffff\" data-bg-opacity=\"1\" data-hover-bg=\"#ffffff\" data-hover-bg-opacity=\"1\" data-animation=\"\" data-delay=\"0\" >\n\t\t<div class=\"vc_column-inner\" ><div class=\"column-bg-overlay-wrap column-bg-layer\" data-bg-animation=\"none\"><div class=\"column-bg-overlay\" style=\"opacity: 1; background-color: #ffffff;\"><\/div><\/div>\n\t\t\t<div class=\"wpb_wrapper\">\n\t\t\t\t<div class=\"divider-wrap\" data-alignment=\"default\"><div style=\"height: 20px;\" class=\"divider\"><\/div><\/div>\n<div class=\"wpb_text_column wpb_content_element\" >\n\t<div class=\"wpb_wrapper\">\n\t\t<h4 style=\"text-align: left;\"><span style=\"color: #000000;\">OBJETO:<\/span><\/h4>\n<p style=\"text-align: left;\"><span style=\"color: #808080;\">El presente contrato tiene por objeto el mantenimiento del sistema de punto de venta instalado en el local del cliente, entendiendo como tal exclusivamente los TPVs de la gama Concord, Impresoras de tickets y comandas, as\u00ed como las aplicaciones de la familia \u00c1gora. <\/span><\/p>\n<p style=\"text-align: left;\"><span style=\"color: #808080;\">Este servicio ser\u00e1 realizado \u00fanicamente por personal t\u00e9cnico homologado.<\/span><\/p>\n<h4 style=\"text-align: left;\"><span style=\"color: #000000;\">DURACI\u00d3N:<\/span><\/h4>\n<p style=\"text-align: left;\"><span style=\"color: #808080;\">El presente contrato entrar\u00e1 en vigor el d\u00eda de su firma y a partir de esa fecha tendr\u00e1 una duraci\u00f3n de un a\u00f1o.<\/span><\/p>\n<p style=\"text-align: left;\"><span style=\"color: #808080;\">Llegado a su t\u00e9rmino, el contrato se entender\u00e1 autom\u00e1ticamente prorrogado, por acuerdo t\u00e1cito de las partes y per\u00edodos sucesivos de un a\u00f1o, salvo que cualquiera de ellas notifique por escrito a la otra su prop\u00f3sito de no prorrogarlo, con una antelaci\u00f3n de, al menos, <strong>un mes<\/strong> a la fecha de su vencimiento.<\/span><\/p>\n<p style=\"text-align: left;\"><span style=\"color: #808080;\">La resoluci\u00f3n, en ning\u00fan caso, supondr\u00e1 devoluci\u00f3n de cuotas ya abonadas.<\/span><\/p>\n<p style=\"text-align: left;\"><span style=\"color: #808080;\">No obstante, lo dispuesto en el p\u00e1rrafo anterior, el contrato podr\u00e1 ser resuelto anticipadamente ante cualquier incumplimiento de las partes para lo cual se debe avisar por escrito con una antelaci\u00f3n de <strong>quince d\u00edas<\/strong>.<\/span><\/p>\n<p style=\"text-align: left;\"><span style=\"color: #808080;\">En particular, ser\u00e1 causa de resoluci\u00f3n del contrato la falta de pago de dos cuotas consecutivas.<\/span><\/p>\n<h4 style=\"text-align: left;\"><span style=\"color: #000000;\">EXCLUSIONES:<\/span><\/h4>\n<p style=\"text-align: left;\"><span style=\"color: #808080;\">Quedan excluidas del presente contrato las incidencias producidas por:<\/span><\/p>\n<ul>\n<li style=\"text-align: left;\"><span style=\"color: #808080;\">Fuerza mayor.<\/span><\/li>\n<li style=\"text-align: left;\"><span style=\"color: #808080;\">Incendios y robos.<\/span><\/li>\n<li style=\"text-align: left;\"><span style=\"color: #808080;\">Negligencias, uso inadecuado y manipulaci\u00f3n por parte del cliente o<\/span><\/li>\n<li style=\"text-align: left;\"><span style=\"color: #808080;\">terceros.<\/span><\/li>\n<li><span style=\"color: #808080;\">Fallos provocados por aver\u00edas en los servicios prestados por terceros.<\/span><\/li>\n<\/ul>\n<p><span style=\"color: #000000;\"><strong>De igual forma, no est\u00e1n cubiertos por el presente contrato de mantenimiento:<\/strong><\/span><\/p>\n<ul>\n<li><span style=\"color: #808080;\">Trabajos de instalaci\u00f3n el\u00e9ctrica para suministro de energ\u00eda a los productos.<\/span><\/li>\n<li><span style=\"color: #808080;\">Modificaciones, ampliaciones o traslados de la configuraci\u00f3n inicial.<\/span><\/li>\n<li><span style=\"color: #808080;\">Mantenimiento de aplicaciones inform\u00e1ticas desarrolladas o soportadas por terceras empresas.<\/span><\/li>\n<li><span style=\"color: #808080;\">Cualquier servicio no indicado expresamente en el presente contrato.<\/span><\/li>\n<\/ul>\n<h4><span style=\"color: #000000;\">CONDICIONES DEL SERVICIO:<\/span><\/h4>\n<p><span style=\"color: #808080;\">Desde la firma del presente contrato el CLIENTE podr\u00e1 comenzar a recabar la prestaci\u00f3n de servicios, una vez que FOS SYSTEMS SOLUTIONS, S.L. haya comprobado el correcto funcionamiento y las caracter\u00edsticas concretas de los equipos amparados por el mismo.<\/span><\/p>\n<p><span style=\"color: #808080;\">El CLIENTE debe dotar al sistema inform\u00e1tico de todas aquellas medidas de seguridad y de prevenci\u00f3n necesarias para que el sistema funcione correctamente.<\/span><\/p>\n<p><span style=\"color: #808080;\">El CLIENTE queda obligado a comunicar a FOS SYSTEMS de las modificaciones que sufra la instalaci\u00f3n, tanto en el n\u00famero de equipos como en los cambios de domicilio del local, objeto del presente contrato.<\/span><\/p>\n<p><span style=\"color: #808080;\">Cualquier intervenci\u00f3n t\u00e9cnica o de asistencia realizada y no cubierta expresamente por el presente contrato ser\u00e1 considerada fuera de cobertura y por tanto facturada de forma independiente en funci\u00f3n de las tarifas vigentes.<\/span><\/p>\n<p><span style=\"color: #808080;\">FOS SYSTEMS se reserva el derecho de suspender el servicio contratado en caso de no ajustarse a las condiciones declaradas por el CLIENTE, en especial el n\u00famero de equipos instalados y domicilio del local. El servicio contratado se mantendr\u00e1 en suspensi\u00f3n hasta que el CLIENTE haya regularizado su situaci\u00f3n contractual.<\/span><\/p>\n<p><span style=\"color: #808080;\">En el posible caso de que se produzcan \u2013de forma fortuita, accidental o involuntaria- da\u00f1os que pudieran afectar a terceras personas, al mobiliario, a las cosas o al propio inmueble, el CLIENTE exonera a FOS SYSTEMS y al personal designado por \u00e9ste, de toda responsabilidad que pueda derivarse de estas negligencias, reparaciones, da\u00f1os y siniestros, las cuales quedar\u00e1n cubiertas por el propio CLIENTE y\/o compa\u00f1\u00eda con la que tenga suscrito un contrato de <strong>Seguro de responsabilidad civil<\/strong> en cuant\u00eda suficiente para cubrir los posibles gastos, da\u00f1os y perjuicios.<\/span><\/p>\n<p><span style=\"color: #808080;\">El pago de la cuota establecida para el presente mantenimiento se realizar\u00e1 por meses adelantados. Ser\u00e1 por el importe anteriormente detallado para cada una de las mensualidades, m\u00e1s el I.V.A. legal existente en cada momento, y se efectuar\u00e1 dentro de los siete primeros d\u00edas de cada mes, a la presentaci\u00f3n de recibo bancario domiciliado al efecto. <\/span><\/p>\n<p><span style=\"color: #808080;\">Si no se produjese el pago del recibo dentro del per\u00edodo indicado, o bien el cliente no estuviera al corriente de otros pagos derivados del mantenimiento realizados por el servicio t\u00e9cnico autorizado, autom\u00e1ticamente y sin necesidad de preaviso, el servicio contratado quedar\u00e1 suspendido hasta que el cliente abone los importes adeudados, m\u00e1s los gastos que pudieran haber sido ocasionados tales como la devoluci\u00f3n de recibos domiciliados. <\/span><\/p>\n<p><span style=\"color: #808080;\">Este contrato no acredita por si s\u00f3lo que el pago se haya satisfecho. <\/span><br \/>\n<span style=\"color: #808080;\">Para justificar el mismo, deber\u00e1 presentarse acompa\u00f1ado del recibo correspondiente, o en su defecto el justificante de pago.<\/span><\/p>\n<h4><span style=\"color: #000000;\">ESTIPULACIONES VARIAS:<\/span><\/h4>\n<p><span style=\"color: #808080;\">El CLIENTE no puede ceder este contrato, sin previo consentimiento escrito de la otra parte. El presente contrato contiene la totalidad de lo convenido entre ambas partes, quedando anulados y sustituidos cualquier acuerdo anteriormente concertado, sobre los mismos equipos, mediante cualquier procedimiento o forma.<\/span><\/p>\n<p><span style=\"color: #808080;\">En cuanto a las desavenencias que pudieran derivarse de la interpretaci\u00f3n del presente contrato, ambas partes se someten expresamente a la Jurisdicci\u00f3n de Tribunales de Justicia de Madrid Capital renunciando a cualquier otro fuero que pudiera corresponderles.<\/span><\/p>\n<h4><span style=\"color: #000000;\">PROTECCI\u00d3N DE DATOS:<\/span><\/h4>\n<p><span style=\"color: #808080;\">A efectos de lo dispuesto en la Ley 15\/1999, de Protecci\u00f3n de Datos de car\u00e1cter personal, le informamos que sus datos est\u00e1n incluidos en un fichero cuyo titular es FOS SYSTEMS SOLUTIONS, S.L. con la finalidad de gestionar nuestra relaci\u00f3n comercial. Los datos recabados por FOS SYSTEMS no se comunicar\u00e1n a terceros, excepto en aquellos casos que sean exigidos por la Ley o que sean imprescindibles para la correcta prestaci\u00f3n de nuestros servicios.<\/span><\/p>\n\t<\/div>\n<\/div>\n\n\n\n<div class=\"divider-wrap\" data-alignment=\"default\"><div style=\"height: 50px;\" class=\"divider\"><\/div><\/div>\n\t\t\t<\/div> \n\t\t<\/div>\n\t<\/div> \n<\/div><\/div>","protected":false},"excerpt":{"rendered":"CONDICIONES DE MANTENIMIENTO OBJETO: El presente contrato tiene por objeto el mantenimiento del sistema de punto de venta instalado en el local del cliente, entendiendo...","protected":false},"author":2,"featured_media":0,"parent":0,"menu_order":0,"comment_status":"closed","ping_status":"closed","template":"","meta":{"footnotes":""},"class_list":["post-4151","page","type-page","status-publish"],"jetpack_sharing_enabled":true,"jetpack-related-posts":[],"jetpack_shortlink":"https:\/\/wp.me\/PfY7gm-14X","_links":{"self":[{"href":"https:\/\/fos.consulting\/ar\/wp-json\/wp\/v2\/pages\/4151","targetHints":{"allow":["GET"]}}],"collection":[{"href":"https:\/\/fos.consulting\/ar\/wp-json\/wp\/v2\/pages"}],"about":[{"href":"https:\/\/fos.consulting\/ar\/wp-json\/wp\/v2\/types\/page"}],"author":[{"embeddable":true,"href":"https:\/\/fos.consulting\/ar\/wp-json\/wp\/v2\/users\/2"}],"replies":[{"embeddable":true,"href":"https:\/\/fos.consulting\/ar\/wp-json\/wp\/v2\/comments?post=4151"}],"version-history":[{"count":18,"href":"https:\/\/fos.consulting\/ar\/wp-json\/wp\/v2\/pages\/4151\/revisions"}],"predecessor-version":[{"id":6630,"href":"https:\/\/fos.consulting\/ar\/wp-json\/wp\/v2\/pages\/4151\/revisions\/6630"}],"wp:attachment":[{"href":"https:\/\/fos.consulting\/ar\/wp-json\/wp\/v2\/media?parent=4151"}],"curies":[{"name":"wp","href":"https:\/\/api.w.org\/{rel}","templated":true}]}}