{"id":41814,"date":"2025-09-19T08:38:00","date_gmt":"2025-09-19T07:38:00","guid":{"rendered":"https:\/\/fos.consulting\/?page_id=41814"},"modified":"2025-12-12T13:31:00","modified_gmt":"2025-12-12T12:31:00","slug":"indice-de-digitalizacion-operativa","status":"publish","type":"page","link":"https:\/\/fos.consulting\/ar\/indice-de-digitalizacion-operativa\/","title":{"rendered":"\u00cdndice de digitalizaci\u00f3n operativa"},"content":{"rendered":"<div id=\"fws_69e8180345bcb\"  data-column-margin=\"default\" data-midnight=\"dark\"  class=\"wpb_row vc_row-fluid vc_row\"  style=\"padding-top: 0px; padding-bottom: 0px; \"><div class=\"row-bg-wrap\" data-bg-animation=\"none\" data-bg-animation-delay=\"\" data-bg-overlay=\"false\"><div class=\"inner-wrap row-bg-layer\" ><div class=\"row-bg viewport-desktop\"  style=\"\"><\/div><\/div><\/div><div class=\"row_col_wrap_12 col span_12 dark left\">\n\t<div  class=\"vc_col-sm-12 wpb_column column_container vc_column_container col no-extra-padding inherit_tablet inherit_phone\"  data-padding-pos=\"all\" data-has-bg-color=\"false\" data-bg-color=\"\" data-bg-opacity=\"1\" data-animation=\"\" data-delay=\"0\" >\n\t\t<div class=\"vc_column-inner\" >\n\t\t\t<div class=\"wpb_wrapper\">\n\t\t\t\t<h2 style=\"font-size: 48px;line-height: 57px;text-align: center\" class=\"vc_custom_heading vc_do_custom_heading\" >\u00edndice de digitalizaci\u00f3n operativa<\/h2><p style=\"text-align: center\" class=\"vc_custom_heading vc_do_custom_heading\" ><a href=\"https:\/\/fos.consulting\/ar\/contacto\/\" title=\"\u0627\u062a\u0635\u0627\u0644\">Eval\u00faa en nivel real de tu operativa<\/a><\/p>\n\t\t\t<\/div> \n\t\t<\/div>\n\t<\/div> \n<\/div><\/div>\n\t\t<div id=\"fws_69e8180346c0f\"  data-column-margin=\"100px\" data-midnight=\"dark\"  class=\"wpb_row vc_row-fluid vc_row full-width-section\"  style=\"padding-top: 0px; padding-bottom: 0px; \"><div class=\"row-bg-wrap\" data-bg-animation=\"none\" data-bg-animation-delay=\"\" data-bg-overlay=\"false\"><div class=\"inner-wrap row-bg-layer\" ><div class=\"row-bg viewport-desktop\"  style=\"\"><\/div><\/div><\/div><div class=\"row_col_wrap_12 col span_12 dark left\">\n\t<div  class=\"vc_col-sm-12 wpb_column column_container vc_column_container col no-extra-padding inherit_tablet inherit_phone\"  data-padding-pos=\"all\" data-has-bg-color=\"false\" data-bg-color=\"\" data-bg-opacity=\"1\" data-animation=\"\" data-delay=\"0\" >\n\t\t<div class=\"vc_column-inner\" >\n\t\t\t<div class=\"wpb_wrapper\">\n\t\t\t\t\n\t<div class=\"wpb_raw_code wpb_raw_js\" >\n\t\t<div class=\"wpb_wrapper\">\n\t\t\t<div \n  data-tf-widget=\"E5ozzF4S\" \n  data-tf-opacity=\"100\" \n  data-tf-iframe-props=\"title=My branded typeform\" \n  data-tf-transitive-search-params data-tf-medium=\"snippet\" \n  style=\"width: 100%; height: 600px;\">\n<\/div>\n<script src=\"\/\/embed.typeform.com\/next\/embed.js\"><\/script>\n\n\t\t<\/div>\n\t<\/div>\n\n\t\t\t<\/div> \n\t\t<\/div>\n\t<\/div> \n<\/div><\/div>","protected":false},"excerpt":{"rendered":"\u00edndice de digitalizaci\u00f3n operativaEval\u00faa en nivel real de tu operativa","protected":false},"author":150,"featured_media":0,"parent":0,"menu_order":0,"comment_status":"closed","ping_status":"closed","template":"","meta":{"footnotes":""},"class_list":["post-41814","page","type-page","status-publish"],"jetpack_sharing_enabled":true,"jetpack-related-posts":[],"jetpack_shortlink":"https:\/\/wp.me\/PfY7gm-aSq","_links":{"self":[{"href":"https:\/\/fos.consulting\/ar\/wp-json\/wp\/v2\/pages\/41814","targetHints":{"allow":["GET"]}}],"collection":[{"href":"https:\/\/fos.consulting\/ar\/wp-json\/wp\/v2\/pages"}],"about":[{"href":"https:\/\/fos.consulting\/ar\/wp-json\/wp\/v2\/types\/page"}],"author":[{"embeddable":true,"href":"https:\/\/fos.consulting\/ar\/wp-json\/wp\/v2\/users\/150"}],"replies":[{"embeddable":true,"href":"https:\/\/fos.consulting\/ar\/wp-json\/wp\/v2\/comments?post=41814"}],"version-history":[{"count":15,"href":"https:\/\/fos.consulting\/ar\/wp-json\/wp\/v2\/pages\/41814\/revisions"}],"predecessor-version":[{"id":44615,"href":"https:\/\/fos.consulting\/ar\/wp-json\/wp\/v2\/pages\/41814\/revisions\/44615"}],"wp:attachment":[{"href":"https:\/\/fos.consulting\/ar\/wp-json\/wp\/v2\/media?parent=41814"}],"curies":[{"name":"wp","href":"https:\/\/api.w.org\/{rel}","templated":true}]}}