{"id":6147,"date":"2021-01-18T17:03:51","date_gmt":"2021-01-18T17:03:51","guid":{"rendered":"https:\/\/fos.consulting\/?page_id=6147"},"modified":"2022-07-10T20:18:37","modified_gmt":"2022-07-10T19:18:37","slug":"agora-restaurant","status":"publish","type":"page","link":"https:\/\/fos.consulting\/ar\/agora-restaurant\/","title":{"rendered":"\u0628\u0631\u0646\u0627\u0645\u062c \u0623\u063a\u0648\u0631\u0627"},"content":{"rendered":"<div id=\"fws_69df673c22458\"  data-column-margin=\"default\" data-midnight=\"dark\"  class=\"wpb_row vc_row-fluid vc_row full-width-content vc_row-o-equal-height vc_row-flex vc_row-o-content-top\"  style=\"padding-top: 0px; padding-bottom: 0px; \"><div class=\"row-bg-wrap\" data-bg-animation=\"none\" data-bg-animation-delay=\"\" data-bg-overlay=\"false\"><div class=\"inner-wrap row-bg-layer\" ><div class=\"row-bg viewport-desktop using-bg-color\"  style=\"background-color: #ffffff; \"><\/div><\/div><\/div><div class=\"row_col_wrap_12 col span_12 dark left\">\n\t<div style=\"\" class=\"vc_col-sm-12 wpb_column column_container vc_column_container col centered-text no-extra-padding\" data-using-bg=\"true\" data-padding-pos=\"all\" data-has-bg-color=\"true\" data-bg-color=\"#ffffff\" data-bg-opacity=\"1\" data-animation=\"\" data-delay=\"0\" >\n\t\t<div class=\"vc_column-inner\" ><div class=\"column-bg-overlay-wrap column-bg-layer\" data-bg-animation=\"none\"><div class=\"column-bg-overlay\" style=\"opacity: 1; background-color: #ffffff;\"><\/div><\/div>\n\t\t\t<div class=\"wpb_wrapper\">\n\t\t\t\t<div class=\"divider-wrap\" data-alignment=\"default\"><div style=\"height: 30px;\" class=\"divider\"><\/div><\/div>\n\t\t\t<\/div> \n\t\t<\/div>\n\t<\/div> \n<\/div><\/div>\n\t\t<div id=\"fws_69df673c23612\"  data-column-margin=\"default\" data-midnight=\"dark\" data-top-percent=\"4%\"  class=\"wpb_row vc_row-fluid vc_row full-width-section\"  style=\"padding-top: calc(100vw * 0.04); padding-bottom: 20px; \"><div class=\"row-bg-wrap\" data-bg-animation=\"none\" data-bg-animation-delay=\"\" data-bg-overlay=\"false\"><div class=\"inner-wrap row-bg-layer using-image\" ><div class=\"row-bg viewport-desktop using-image\"  style=\"background-image: url(https:\/\/i0.wp.com\/fos.consulting\/wp-content\/uploads\/2021\/01\/Restaurant-cabecera-1.jpg?fit=1365%2C491&#038;ssl=1); background-position: left center; background-repeat: no-repeat; \"><\/div><\/div><\/div><div class=\"row_col_wrap_12 col span_12 dark left\">\n\t<div  class=\"vc_col-sm-12 wpb_column column_container vc_column_container col padding-8-percent\"  data-padding-pos=\"all\" data-has-bg-color=\"false\" data-bg-color=\"\" data-bg-opacity=\"1\" data-animation=\"\" data-delay=\"0\" >\n\t\t<div class=\"vc_column-inner\" >\n\t\t\t<div class=\"wpb_wrapper\">\n\t\t\t\t<div class=\"img-with-aniamtion-wrap\" data-max-width=\"100%\" data-max-width-mobile=\"100%\" data-shadow=\"x_large_depth\" data-animation=\"grow-in\" >\n      <div class=\"inner\">\n        <div class=\"hover-wrap\"> \n          <div class=\"hover-wrap-inner\">\n            <img loading=\"lazy\" decoding=\"async\" class=\"img-with-animation skip-lazy\" data-delay=\"0\" height=\"200\" width=\"200\" data-animation=\"grow-in\" src=\"https:\/\/i0.wp.com\/fos.consulting\/wp-content\/uploads\/2021\/01\/agora_200x200.jpg?fit=200%2C200&#038;ssl=1\" alt=\"\" srcset=\"https:\/\/i0.wp.com\/fos.consulting\/wp-content\/uploads\/2021\/01\/agora_200x200.jpg?w=200&ssl=1 200w, https:\/\/i0.wp.com\/fos.consulting\/wp-content\/uploads\/2021\/01\/agora_200x200.jpg?resize=150%2C150&ssl=1 150w, https:\/\/i0.wp.com\/fos.consulting\/wp-content\/uploads\/2021\/01\/agora_200x200.jpg?resize=100%2C100&ssl=1 100w, https:\/\/i0.wp.com\/fos.consulting\/wp-content\/uploads\/2021\/01\/agora_200x200.jpg?resize=140%2C140&ssl=1 140w\" sizes=\"auto, (max-width: 200px) 100vw, 200px\" \/>\n          <\/div>\n        <\/div>\n      <\/div>\n    <\/div><div class=\"divider-wrap\" data-alignment=\"default\"><div style=\"height: 50px;\" class=\"divider\"><\/div><\/div>\n\t\t\t<\/div> \n\t\t<\/div>\n\t<\/div> \n<\/div><\/div>\n\t\t<div id=\"fws_69df673c2491f\"  data-column-margin=\"default\" data-midnight=\"dark\" data-bottom-percent=\"5%\"  class=\"wpb_row vc_row-fluid vc_row vc_row-o-full-height vc_row-o-columns-middle vc_row-o-equal-height vc_row-flex\"  style=\"padding-top: 30px; padding-bottom: calc(100vw * 0.05); \"><div class=\"row-bg-wrap\" data-bg-animation=\"none\" data-bg-animation-delay=\"\" data-bg-overlay=\"false\"><div class=\"inner-wrap row-bg-layer\" ><div class=\"row-bg viewport-desktop using-bg-color\"  style=\"background-color: #ffffff; \"><\/div><\/div><\/div><div class=\"row_col_wrap_12 col span_12 dark left\">\n\t<div  class=\"vc_col-sm-6 wpb_column column_container vc_column_container col padding-2-percent\"  data-padding-pos=\"all\" data-has-bg-color=\"false\" data-bg-color=\"\" data-bg-opacity=\"1\" data-animation=\"\" data-delay=\"0\" >\n\t\t<div class=\"vc_column-inner\" >\n\t\t\t<div class=\"wpb_wrapper\">\n\t\t\t\t<div class=\"nectar-split-heading\" data-align=\"default\" data-m-align=\"inherit\" data-text-effect=\"default\" data-animation-type=\"default\" data-animation-delay=\"0\" data-animation-offset=\"\" data-m-rm-animation=\"\" data-stagger=\"\" data-custom-font-size=\"false\" ><div class=\"heading-line\" > <div><h2 style=\"color: #1e83ec\"><span style=\"color: #ed133c\">\u0628\u0631\u0646\u0627\u0645\u062c \u0623\u063a\u0648\u0631\u0627<\/span><\/h2> <\/div> <\/div><div class=\"heading-line\" > <div><h2 style=\"color: #1e83ec\"><span style=\"color: #ed133c\">\u0623\u0641\u0636\u0644 \u0627\u0644\u062a\u0642\u0646\u064a\u0627\u062a \u0644<\/span><\/h2> <\/div> <\/div><div class=\"heading-line\" > <div><h2 style=\"color: #1e83ec\"><span style=\"color: #ed133c\">\u0625\u062f\u0627\u0631\u0629 \u0639\u0645\u0644\u0643.<\/span><\/h2> <\/div> <\/div><\/div><div id=\"fws_69df673c252ee\" data-midnight=\"\" data-column-margin=\"default\" class=\"wpb_row vc_row-fluid vc_row inner_row\"  style=\"padding-top: 15px; padding-bottom: 25px; \"><div class=\"row-bg-wrap\"> <div class=\"row-bg\" ><\/div> <\/div><div class=\"row_col_wrap_12_inner col span_12  left\">\n\t<div  class=\"vc_col-sm-12 wpb_column column_container vc_column_container col child_column has-animation no-extra-padding\"   data-padding-pos=\"all\" data-has-bg-color=\"false\" data-bg-color=\"\" data-bg-opacity=\"1\" data-animation=\"fade-in-from-bottom\" data-delay=\"0\" >\n\t\t<div class=\"vc_column-inner\" >\n\t\t<div class=\"wpb_wrapper\">\n\t\t\t\n<div class=\"wpb_text_column wpb_content_element\" >\n\t<div class=\"wpb_wrapper\">\n\t\t<p>\u0645\u0639 \u0628\u0631\u0646\u0627\u0645\u062c \u00c1gora\u060c \u064a\u0645\u0643\u0646\u0643 \u0627\u0644\u062a\u062d\u0643\u0645 \u0641\u064a \u0639\u0645\u0644\u0643. \u062a\u062d\u0633\u064a\u0646 \u0639\u0645\u0644\u064a\u0627\u062a \u0627\u0644\u0645\u0628\u064a\u0639\u0627\u062a \u0645\u0646 \u062e\u0644\u0627\u0644 \u062a\u0628\u0633\u064a\u0637 \u0627\u0644\u0639\u0645\u0644\u064a\u0627\u062a \u0648\u062a\u0648\u0641\u064a\u0631 \u0627\u0644\u0648\u0642\u062a \u0648\u062a\u062c\u0646\u0628 \u0627\u0644\u0623\u062e\u0637\u0627\u0621. \u0627\u0644\u0633\u064a\u0637\u0631\u0629 \u0627\u0644\u0643\u0627\u0645\u0644\u0629 \u0639\u0644\u0649 \u0623\u0645\u0648\u0627\u0644\u0643\u060c \u0648\u062a\u062c\u0646\u0628 \u0639\u062f\u0645 \u0627\u0644\u062a\u0637\u0627\u0628\u0642 \u0648\u0627\u0644\u062a\u0644\u0627\u0639\u0628 \u0628\u0627\u0644\u0623\u0645\u0648\u0627\u0644. \u0625\u062f\u0627\u0631\u0629 \u0627\u0644\u0645\u0633\u062a\u0648\u062f\u0639\u0627\u062a \u0648\u0627\u0644\u0623\u0633\u0647\u0645 \u0627\u0644\u062e\u0627\u0635\u0629 \u0628\u0643 \u0628\u0637\u0631\u064a\u0642\u0629 \u0628\u0633\u064a\u0637\u0629. \u0631\u0633\u0627\u0644\u062a\u0643 \u0627\u0644\u0631\u0642\u0645\u064a\u0629 \u0628\u062a\u0646\u0633\u064a\u0642 QR \u0645\u062a\u0643\u0627\u0645\u0644\u0629 \u062a\u0645\u0627\u0645\u064b\u0627 \u0645\u0639 \u0646\u0638\u0627\u0645\u0643. \u0627\u0645\u062a\u0644\u0643 \u0645\u0646\u0635\u0629 \u0627\u0644\u0637\u0644\u0628 \u0627\u0644\u062e\u0627\u0635\u0629 \u0628\u0643 \u0639\u0628\u0631 \u0627\u0644\u0625\u0646\u062a\u0631\u0646\u062a \u0648\u0627\u0644\u0645\u0646\u0632\u0644 \u062f\u0648\u0646 \u0627\u0644\u0627\u0639\u062a\u0645\u0627\u062f \u0639\u0644\u0649 \u0634\u0631\u0643\u0627\u062a \u0623\u062e\u0631\u0649. \u062a\u0639\u0631\u0641 \u0639\u0644\u0649 \u062d\u0627\u0644\u0629 \u0639\u0645\u0644\u0643 \u062f\u0642\u064a\u0642\u0629 \u0628\u062f\u0642\u064a\u0642\u0629 \u0648\u0645\u0646 \u0623\u064a \u0645\u0643\u0627\u0646 \u0648\u0623\u0643\u062b\u0631 \u0645\u0646 \u0630\u0644\u0643 \u0628\u0643\u062b\u064a\u0631...<\/p>\n\t<\/div>\n<\/div>\n\n\n\n\n\t\t<\/div> \n\t<\/div>\n\t<\/div> \n<\/div><\/div><div id=\"fws_69df673c25b4d\" data-midnight=\"\" data-column-margin=\"default\" class=\"wpb_row vc_row-fluid vc_row inner_row\"  style=\"\"><div class=\"row-bg-wrap\"> <div class=\"row-bg\" ><\/div> <\/div><div class=\"row_col_wrap_12_inner col span_12  left\">\n\t<div  class=\"vc_col-sm-12 wpb_column column_container vc_column_container col child_column has-animation no-extra-padding\"   data-padding-pos=\"all\" data-has-bg-color=\"false\" data-bg-color=\"\" data-bg-opacity=\"1\" data-animation=\"fade-in-from-bottom\" data-delay=\"0\" >\n\t\t<div class=\"vc_column-inner\" >\n\t\t<div class=\"wpb_wrapper\">\n\t\t\t\n<div class=\"wpb_text_column wpb_content_element\" >\n\t<div class=\"wpb_wrapper\">\n\t\t<h6 style=\"color: #ed133c;\">\u064a\u062a\u0643\u064a\u0641 \u0628\u0631\u0646\u0627\u0645\u062c \u00c1gora \u0645\u0639 \u0627\u062d\u062a\u064a\u0627\u062c\u0627\u062a\u0643<\/h6>\n<p><span style=\"color: rgba(0,0,0,0.45);\">\u0645\u0639 \u0648\u062c\u0648\u062f\u0646\u0627 \u0641\u064a \u0627\u0644\u0633\u0648\u0642 \u0644\u0623\u0643\u062b\u0631 \u0645\u0646 20 \u0639\u0627\u0645\u064b\u0627\u060c \u0646\u0648\u0627\u0635\u0644 \u0627\u0628\u062a\u0643\u0627\u0631 \u0648\u062a\u0637\u0648\u064a\u0631 \u0623\u062f\u0648\u0627\u062a \u062c\u062f\u064a\u062f\u0629 \u062a\u062a\u0643\u064a\u0641 \u0645\u0639 \u0627\u0644\u0627\u062d\u062a\u064a\u0627\u062c\u0627\u062a \u0627\u0644\u062c\u062f\u064a\u062f\u0629 \u0644\u0639\u0645\u0644\u0627\u0626\u0646\u0627.<\/span><\/p>\n\t<\/div>\n<\/div>\n\n\n\n\n\t\t<\/div> \n\t<\/div>\n\t<\/div> \n<\/div><\/div><a class=\"nectar-button large regular extra-color-3  regular-button\"  role=\"button\" style=\"margin-top: 10px; \" target=\"_blank\" href=\"https:\/\/fos.consulting\/ar\/contacto\/\" data-color-override=\"false\" data-hover-color-override=\"false\" data-hover-text-color-override=\"#fff\"><span>\u0644\u0645\u0632\u064a\u062f \u0645\u0646 \u0627\u0644\u0645\u0639\u0644\u0648\u0645\u0627\u062a \u0627\u062a\u0635\u0644 \u0628\u0646\u0627<\/span><\/a>\n\t\t\t<\/div> \n\t\t<\/div>\n\t<\/div> \n\n\t<div  class=\"vc_col-sm-3 wpb_column column_container vc_column_container col padding-2-percent\"  data-padding-pos=\"all\" data-has-bg-color=\"false\" data-bg-color=\"\" data-bg-opacity=\"1\" data-animation=\"\" data-delay=\"0\" >\n\t\t<div class=\"vc_column-inner\" >\n\t\t\t<div class=\"wpb_wrapper\">\n\t\t\t\t\n<div class=\"wpb_text_column wpb_content_element  vc_custom_1611228279919\" >\n\t<div class=\"wpb_wrapper\">\n\t\t<h5>\u0625\u062f\u0627\u0631\u0629 \u0627\u0644\u062a\u062d\u0635\u064a\u0644<\/h5>\n\t<\/div>\n<\/div>\n\n\n\n<div class=\"nectar-fancy-ul\" data-list-icon=\"icon-salient-thin-line\" data-animation=\"true\" data-animation-delay=\"0\" data-color=\"extra-color-3\" data-spacing=\"default\" data-alignment=\"left\"> \n<ul>\n<li><span style=\"color: #999999;\">\u062a\u0630\u0643\u0631\u0629 \u0645\u0642\u0633\u0645\u0629 \u2013 \u062f\u0641\u0639 \u0645\u062a\u0639\u062f\u062f<\/span><\/li>\n<li><span style=\"color: #999999;\">\u062f\u0641\u0639 \u0627\u0644\u062c\u062f\u0648\u0644 \u0627\u0644\u0645\u062d\u0645\u0648\u0644<\/span><\/li>\n<li><span style=\"color: #999999;\">\u0622\u0644\u0629 \u0627\u0644\u062a\u062d\u0643\u0645 \u0627\u0644\u0641\u0639\u0627\u0644\u0629<\/span><\/li>\n<li><span style=\"color: #999999;\">\u0647\u0627\u062a\u0641 \u0628\u064a\u0627\u0646\u0627\u062a POS \u0645\u062a\u0643\u0627\u0645\u0644<\/span><\/li>\n<li><span style=\"color: #999999;\">\u0645\u0631\u0627\u0642\u0628\u0629 \u0627\u0644\u0646\u0642\u062f<\/span><\/li>\n<\/ul>\n <\/div><div class=\"divider-wrap\" data-alignment=\"default\"><div style=\"height: 20px;\" class=\"divider\"><\/div><\/div>\n<div class=\"wpb_text_column wpb_content_element  vc_custom_1611229767872\" >\n\t<div class=\"wpb_wrapper\">\n\t\t<h5>\u0627\u0644\u0625\u062f\u0627\u0631\u0629 \u0627\u0644\u0639\u0627\u0645\u0629<\/h5>\n\t<\/div>\n<\/div>\n\n\n\n<div class=\"nectar-fancy-ul\" data-list-icon=\"icon-salient-thin-line\" data-animation=\"true\" data-animation-delay=\"0\" data-color=\"extra-color-3\" data-spacing=\"default\" data-alignment=\"left\"> \n<ul>\n<li><span style=\"color: #999999;\">\u0645\u0631\u0627\u0642\u0628\u0629 \u062c\u062f\u0648\u0644 \u0627\u0644\u0645\u0648\u0638\u0641<\/span><\/li>\n<li><span style=\"color: #999999;\">\u0627\u0644\u0648\u0635\u0648\u0644 \u0625\u0644\u0649 \u0645\u0646\u0635\u0627\u062a \u0645\u062a\u0639\u062f\u062f\u0629<\/span><\/li>\n<li><span style=\"color: #999999;\">\u0627\u0644\u062a\u062d\u0644\u064a\u0644 \u0627\u0644\u0627\u0642\u062a\u0635\u0627\u062f\u064a<\/span><\/li>\n<li><span style=\"color: #999999;\">\u0627\u0644\u062a\u0643\u0627\u0645\u0644 \u0645\u0639 \u062a\u062e\u0637\u064a\u0637 \u0645\u0648\u0627\u0631\u062f \u0627\u0644\u0645\u0624\u0633\u0633\u0627\u062a<\/span><\/li>\n<li><span style=\"color: #999999;\">\u0645\u0639\u0644\u0648\u0645\u0629<\/span><\/li>\n<\/ul>\n <\/div><a class=\"nectar-button large regular extra-color-3  regular-button\"  role=\"button\" style=\"margin-top: 100px; margin-left: 20px;\"  href=\"http:\/\/demo.agorapos.com\/\" data-color-override=\"false\" data-hover-color-override=\"false\" data-hover-text-color-override=\"#fff\"><span>\u062c\u0631\u0628 \u0627\u0644\u0639\u0631\u0636 \u0627\u0644\u062a\u0648\u0636\u064a\u062d\u064a<\/span><\/a>\n\t\t\t<\/div> \n\t\t<\/div>\n\t<\/div> \n\n\t<div  class=\"vc_col-sm-3 wpb_column column_container vc_column_container col padding-2-percent\"  data-padding-pos=\"all\" data-has-bg-color=\"false\" data-bg-color=\"\" data-bg-opacity=\"1\" data-animation=\"\" data-delay=\"0\" >\n\t\t<div class=\"vc_column-inner\" >\n\t\t\t<div class=\"wpb_wrapper\">\n\t\t\t\t\n<div class=\"wpb_text_column wpb_content_element  vc_custom_1611228162693\" >\n\t<div class=\"wpb_wrapper\">\n\t\t<h5>\u0625\u062f\u0627\u0631\u0629 \u0627\u0644\u0645\u0628\u064a\u0639\u0627\u062a<\/h5>\n\t<\/div>\n<\/div>\n\n\n\n<div class=\"nectar-fancy-ul\" data-list-icon=\"icon-salient-thin-line\" data-animation=\"true\" data-animation-delay=\"0\" data-color=\"extra-color-3\" data-spacing=\"default\" data-alignment=\"left\"> \n<ul>\n<li><span style=\"color: #999999;\">\u0631\u0633\u0627\u0644\u0629 QR \u0627\u0644\u0631\u0642\u0645\u064a\u0629<\/span><\/li>\n<li><span style=\"color: #999999;\">\u0627\u0644\u0628\u064a\u0639 \u0639\u0628\u0631 \u0627\u0644\u0625\u0646\u062a\u0631\u0646\u062a<\/span><\/li>\n<li><span style=\"color: #999999;\">\u0627\u0644\u062a\u0633\u0644\u064a\u0645 \u0648\u064a\u0623\u062e\u0630 \u0628\u0639\u064a\u062f\u0627<\/span><\/li>\n<li><span style=\"color: #999999;\">\u062d\u062c\u0648\u0632\u0627\u062a \u0627\u0644\u0637\u0627\u0648\u0644\u0629<\/span><\/li>\n<li><span style=\"color: #999999;\">\u0627\u0644\u0642\u0648\u0627\u0626\u0645 \u0648\u0627\u0644\u0639\u0631\u0648\u0636 \u0648\u0627\u0644\u062a\u0631\u0642\u064a\u0627\u062a<\/span><\/li>\n<\/ul>\n <\/div><div class=\"divider-wrap\" data-alignment=\"default\"><div style=\"height: 20px;\" class=\"divider\"><\/div><\/div>\n<div class=\"wpb_text_column wpb_content_element  vc_custom_1611229560414\" >\n\t<div class=\"wpb_wrapper\">\n\t\t<h5>\u0627\u0644\u0645\u0634\u062a\u0631\u064a\u0627\u062a \u0648\u0625\u062f\u0627\u0631\u0629 \u0627\u0644\u0645\u062e\u0632\u0648\u0646<\/h5>\n\t<\/div>\n<\/div>\n\n\n\n<div class=\"nectar-fancy-ul\" data-list-icon=\"icon-salient-thin-line\" data-animation=\"true\" data-animation-delay=\"0\" data-color=\"extra-color-3\" data-spacing=\"default\" data-alignment=\"left\"> \n<ul>\n<li><span style=\"color: #999999;\">\u0627\u0644\u0637\u0644\u0628\u0627\u062a \u0645\u0646 \u0627\u0644\u0645\u0648\u0631\u062f\u064a\u0646<\/span><\/li>\n<li><span style=\"color: #999999;\">\u0627\u0644\u0645\u0633\u062a\u0648\u062f\u0639\u0627\u062a<\/span><\/li>\n<li><span style=\"color: #999999;\">\u0645\u0630\u0643\u0631\u0627\u062a \u0627\u0644\u062a\u0633\u0644\u064a\u0645 \u0648\u0627\u0644\u0641\u0648\u0627\u062a\u064a\u0631<\/span><\/li>\n<li><span style=\"color: #999999;\">\u0645\u0631\u0627\u0642\u0628\u0629 \u0627\u0644\u0645\u062e\u0632\u0648\u0646<\/span><\/li>\n<li><span style=\"color: #999999;\">\u0641\u0636\u0627\u0626\u062d<\/span><\/li>\n<\/ul>\n <\/div>\n\t\t\t<\/div> \n\t\t<\/div>\n\t<\/div> \n<\/div><\/div>\n\t\t<div id=\"fws_69df673c2791a\"  data-column-margin=\"default\" data-midnight=\"dark\"  class=\"wpb_row vc_row-fluid vc_row\"  style=\"padding-top: 0px; padding-bottom: 0px; \"><div class=\"row-bg-wrap\" data-bg-animation=\"none\" data-bg-animation-delay=\"\" data-bg-overlay=\"false\"><div class=\"inner-wrap row-bg-layer\" ><div class=\"row-bg viewport-desktop\"  style=\"\"><\/div><\/div><\/div><div class=\"row_col_wrap_12 col span_12 dark left\">\n\t<div style=\"margin-top: -100px; \" class=\"vc_col-sm-12 wpb_column column_container vc_column_container col neg-marg no-extra-padding\"  data-padding-pos=\"all\" data-has-bg-color=\"false\" data-bg-color=\"\" data-bg-opacity=\"1\" data-animation=\"\" data-delay=\"0\" >\n\t\t<div class=\"vc_column-inner\" >\n\t\t\t<div class=\"wpb_wrapper\">\n\t\t\t\t<div class=\"divider-wrap\" data-alignment=\"default\"><div  data-width=\"100%\" data-animate=\"\" data-animation-delay=\"\" data-color=\"extra-color-3\" class=\"divider-border\"><\/div><\/div><div class=\"img-with-aniamtion-wrap right\" data-max-width=\"100%\" data-max-width-mobile=\"100%\" data-shadow=\"none\" data-animation=\"fade-in\"  style=\"margin-top: -20px; \">\n      <div class=\"inner\">\n        <div class=\"hover-wrap\"> \n          <div class=\"hover-wrap-inner\">\n            <img loading=\"lazy\" decoding=\"async\" class=\"img-with-animation skip-lazy\" data-delay=\"0\" height=\"500\" width=\"1417\" data-animation=\"fade-in\" src=\"https:\/\/i0.wp.com\/fos.consulting\/wp-content\/uploads\/2021\/01\/pantalla_agora_software.jpg?fit=1417%2C500&#038;ssl=1\" alt=\"\" srcset=\"https:\/\/i0.wp.com\/fos.consulting\/wp-content\/uploads\/2021\/01\/pantalla_agora_software.jpg?w=1417&ssl=1 1417w, https:\/\/i0.wp.com\/fos.consulting\/wp-content\/uploads\/2021\/01\/pantalla_agora_software.jpg?resize=300%2C106&ssl=1 300w, https:\/\/i0.wp.com\/fos.consulting\/wp-content\/uploads\/2021\/01\/pantalla_agora_software.jpg?resize=768%2C271&ssl=1 768w, https:\/\/i0.wp.com\/fos.consulting\/wp-content\/uploads\/2021\/01\/pantalla_agora_software.jpg?resize=1251%2C441&ssl=1 1251w\" sizes=\"auto, (max-width: 1080px) 100vw, 1080px\" \/>\n          <\/div>\n        <\/div>\n      <\/div>\n    <\/div><div class=\"divider-wrap\" data-alignment=\"default\"><div  data-width=\"100%\" data-animate=\"\" data-animation-delay=\"\" data-color=\"extra-color-3\" class=\"divider-border\"><\/div><\/div>\n\t\t\t<\/div> \n\t\t<\/div>\n\t<\/div> \n<\/div><\/div>","protected":false},"excerpt":{"rendered":"\u00c1gora Software la mejor tecnolog\u00eda para gestionar tu negocio. Con \u00c1gora Software tienes tu negocio bajo control. Mejora los procesos de venta agilizando las operaciones,...","protected":false},"author":18,"featured_media":0,"parent":0,"menu_order":0,"comment_status":"closed","ping_status":"closed","template":"","meta":{"footnotes":""},"class_list":["post-6147","page","type-page","status-publish"],"jetpack_sharing_enabled":true,"jetpack-related-posts":[],"jetpack_shortlink":"https:\/\/wp.me\/PfY7gm-1B9","_links":{"self":[{"href":"https:\/\/fos.consulting\/ar\/wp-json\/wp\/v2\/pages\/6147","targetHints":{"allow":["GET"]}}],"collection":[{"href":"https:\/\/fos.consulting\/ar\/wp-json\/wp\/v2\/pages"}],"about":[{"href":"https:\/\/fos.consulting\/ar\/wp-json\/wp\/v2\/types\/page"}],"author":[{"embeddable":true,"href":"https:\/\/fos.consulting\/ar\/wp-json\/wp\/v2\/users\/18"}],"replies":[{"embeddable":true,"href":"https:\/\/fos.consulting\/ar\/wp-json\/wp\/v2\/comments?post=6147"}],"version-history":[{"count":23,"href":"https:\/\/fos.consulting\/ar\/wp-json\/wp\/v2\/pages\/6147\/revisions"}],"predecessor-version":[{"id":11577,"href":"https:\/\/fos.consulting\/ar\/wp-json\/wp\/v2\/pages\/6147\/revisions\/11577"}],"wp:attachment":[{"href":"https:\/\/fos.consulting\/ar\/wp-json\/wp\/v2\/media?parent=6147"}],"curies":[{"name":"wp","href":"https:\/\/api.w.org\/{rel}","templated":true}]}}