{"id":30010,"date":"2024-10-17T09:15:43","date_gmt":"2024-10-17T08:15:43","guid":{"rendered":"https:\/\/fos.consulting\/?page_id=30010"},"modified":"2025-12-16T09:51:02","modified_gmt":"2025-12-16T08:51:02","slug":"auditoriagratuita","status":"publish","type":"page","link":"https:\/\/fos.consulting\/en\/auditoriagratuita\/","title":{"rendered":"Auditor\u00eda Gratuita"},"content":{"rendered":"<div id=\"fws_69defab683cfe\"  data-column-margin=\"default\" data-midnight=\"dark\"  class=\"wpb_row vc_row-fluid vc_row full-width-content vc_row-o-equal-height vc_row-flex vc_row-o-content-middle\"  style=\"padding-top: 0px; padding-bottom: 0px; \"><div class=\"row-bg-wrap\" data-bg-animation=\"none\" data-bg-animation-delay=\"\" data-bg-overlay=\"false\"><div class=\"inner-wrap row-bg-layer\" ><div class=\"row-bg viewport-desktop using-bg-color\"  style=\"background-color: #f7f7f7; \"><\/div><\/div><\/div><div class=\"row_col_wrap_12 col span_12 dark left\">\n\t<div style=\" color: #ffffff;\" class=\"vc_col-sm-6 wpb_column column_container vc_column_container col padding-8-percent inherit_tablet inherit_phone\" data-cfc=\"true\" data-using-bg=\"true\" data-padding-pos=\"all\" data-has-bg-color=\"true\" data-bg-color=\"#0a0a0a\" data-bg-opacity=\"0.9\" data-animation=\"\" data-delay=\"0\" >\n\t\t<div class=\"vc_column-inner\" ><div class=\"column-image-bg-wrap column-bg-layer viewport-desktop\" data-bg-pos=\"center center\" data-bg-animation=\"none\" data-bg-overlay=\"false\"><div class=\"inner-wrap\"><div class=\"column-image-bg\" style=\" background-image: url('https:\/\/i0.wp.com\/fos.consulting\/wp-content\/uploads\/2024\/03\/6588984-P4CEbE.jpeg?fit=700%2C466&#038;ssl=1'); \"><\/div><\/div><\/div><div class=\"column-bg-overlay-wrap column-bg-layer\" data-bg-animation=\"none\"><div class=\"column-bg-overlay\" style=\"opacity: 0.9; background-color: #0a0a0a;\"><\/div><\/div>\n\t\t\t<div class=\"wpb_wrapper\">\n\t\t\t\t<h2 style=\"color: #ffffff;text-align: left\" class=\"vc_custom_heading vc_do_custom_heading\" >Reserva tu Auditor\u00eda Tecnol\u00f3gica Gratuita<\/h2>\n<div class=\"wpb_text_column wpb_content_element  vc_custom_1729843259793\" style=\" max-width: 475px; display: inline-block;\">\n\t<div class=\"wpb_wrapper\">\n\t\t<p><span class=\"TextRun SCXW95748591 BCX8\" lang=\"ES-ES\" xml:lang=\"ES-ES\" data-contrast=\"auto\"><span class=\"NormalTextRun SCXW95748591 BCX8\">\u00bfTe gustar\u00eda descubrir c\u00f3mo la tecnolog\u00eda puede transformar tu restaurante y optimizar tus operaciones? <\/span><\/span><span class=\"EOP SCXW95748591 BCX8\" data-ccp-props=\"{&quot;134233117&quot;:false,&quot;134233118&quot;:false,&quot;335551550&quot;:1,&quot;335551620&quot;:1,&quot;335559738&quot;:240,&quot;335559739&quot;:240}\">\u00a0<\/span><\/p>\n\t<\/div>\n<\/div>\n\n\n\n<div class=\"nectar-responsive-text nectar-link-underline-effect\"><h4>Completa tus datos para reservar una Auditor\u00eda Gratuita con nuestros consultores expertos. \u00a1Abrimos algunos cupos por mes, participa enviando el formulario!<\/h4>\n<\/div>\n\t\t\t<\/div> \n\t\t<\/div>\n\t<\/div> \n\n\t<div style=\"\" class=\"vc_col-sm-6 wpb_column column_container vc_column_container col padding-8-percent inherit_tablet inherit_phone\" data-using-bg=\"true\" data-padding-pos=\"all\" data-has-bg-color=\"true\" data-bg-color=\"#dbdbdb\" data-bg-opacity=\"1\" data-animation=\"\" data-delay=\"0\" >\n\t\t<div class=\"vc_column-inner\" ><div class=\"column-bg-overlay-wrap column-bg-layer\" data-bg-animation=\"none\"><div class=\"column-bg-overlay\" style=\"opacity: 1; background-color: #dbdbdb;\"><\/div><\/div>\n\t\t\t<div class=\"wpb_wrapper\">\n\t\t\t\t<div class=\"wpforms-container wpforms-container-full wpforms-container-save-resume\" id=\"wpforms-44678\"><form id=\"wpforms-form-44678\" class=\"wpforms-validate wpforms-form wpforms-ajax-form\" data-formid=\"44678\" method=\"post\" enctype=\"multipart\/form-data\" action=\"\/en\/wp-json\/wp\/v2\/pages\/30010\" data-token=\"0d00c1b898b420dc7fff75d40339ac9f\" data-token-time=\"1776220854\" data-trp-original-action=\"\/en\/wp-json\/wp\/v2\/pages\/30010\"><noscript class=\"wpforms-error-noscript\">Please enable JavaScript in your browser to complete this form.<\/noscript><div class=\"wpforms-field-container\"><div id=\"wpforms-44678-field_1-container\" class=\"wpforms-field wpforms-field-name\" data-field-id=\"1\"><label class=\"wpforms-field-label\">Nombre Completo <span class=\"wpforms-required-label\">*<\/span><\/label><div class=\"wpforms-field-row wpforms-field-medium\"><div class=\"wpforms-field-row-block wpforms-first wpforms-one-half\"><input type=\"text\" id=\"wpforms-44678-field_1\" class=\"wpforms-field-name-first wpforms-field-required\" name=\"wpforms[fields][1][first]\" required><label for=\"wpforms-44678-field_1\" class=\"wpforms-field-sublabel after\">First<\/label><\/div><div class=\"wpforms-field-row-block wpforms-one-half\"><input type=\"text\" id=\"wpforms-44678-field_1-last\" class=\"wpforms-field-name-last wpforms-field-required\" name=\"wpforms[fields][1][last]\" required><label for=\"wpforms-44678-field_1-last\" class=\"wpforms-field-sublabel after\">Last<\/label><\/div><\/div><\/div><div id=\"wpforms-44678-field_6-container\" class=\"wpforms-field wpforms-field-text\" data-field-id=\"6\"><label class=\"wpforms-field-label\" for=\"wpforms-44678-field_6\">Company <span class=\"wpforms-required-label\">*<\/span><\/label><input type=\"text\" id=\"wpforms-44678-field_6\" class=\"wpforms-field-medium wpforms-field-required\" name=\"wpforms[fields][6]\" required><\/div><div id=\"wpforms-44678-field_2-container\" class=\"wpforms-field wpforms-field-email\" data-field-id=\"2\"><label class=\"wpforms-field-label\" for=\"wpforms-44678-field_2\">E-mail address <span class=\"wpforms-required-label\">*<\/span><\/label><input type=\"email\" id=\"wpforms-44678-field_2\" class=\"wpforms-field-medium wpforms-field-required\" name=\"wpforms[fields][2]\" spellcheck=\"false\" required><\/div><div id=\"wpforms-44678-field_4-container\" class=\"wpforms-field wpforms-field-phone\" data-field-id=\"4\"><label class=\"wpforms-field-label\" for=\"wpforms-44678-field_4\">Telephone<\/label><input type=\"tel\" id=\"wpforms-44678-field_4\" class=\"wpforms-field-medium wpforms-smart-phone-field\" data-rule-smart-phone-field=\"true\" name=\"wpforms[fields][4]\" aria-label=\"Telephone\" ><\/div><\/div><!-- .wpforms-field-container --><div class=\"wpforms-submit-container\" ><input type=\"hidden\" name=\"wpforms[id]\" value=\"44678\"><input type=\"hidden\" name=\"page_title\" value=\"\"><input type=\"hidden\" name=\"page_url\" value=\"https:\/\/fos.consulting\/en\/wp-json\/wp\/v2\/pages\/30010\"><input type=\"hidden\" name=\"url_referer\" value=\"\"><button type=\"submit\" name=\"wpforms[submit]\" id=\"wpforms-submit-44678\" class=\"wpforms-submit\" data-alt-text=\"Enviando...\" data-submit-text=\"Enviar\" aria-live=\"assertive\" value=\"wpforms-submit\">Send<\/button><img loading=\"lazy\" decoding=\"async\" src=\"https:\/\/fos.consulting\/wp-content\/plugins\/wpforms\/assets\/images\/submit-spin.svg\" class=\"wpforms-submit-spinner\" style=\"display: none;\" width=\"26\" height=\"26\" alt=\"Loading\"><\/div><input type=\"hidden\" name=\"trp-form-language\" value=\"en\"\/><\/form><\/div>  <!-- .wpforms-container -->\n\t\t\t<\/div> \n\t\t<\/div>\n\t<\/div> \n<\/div><\/div>","protected":false},"excerpt":{"rendered":"Reserva tu Auditor\u00eda Tecnol\u00f3gica Gratuita \u00bfTe gustar\u00eda descubrir c\u00f3mo la tecnolog\u00eda puede transformar tu restaurante y optimizar tus operaciones? \u00a0 Completa tus datos para reservar...","protected":false},"author":150,"featured_media":0,"parent":0,"menu_order":0,"comment_status":"closed","ping_status":"closed","template":"","meta":{"footnotes":""},"class_list":["post-30010","page","type-page","status-publish"],"jetpack_sharing_enabled":true,"jetpack-related-posts":[],"jetpack_shortlink":"https:\/\/wp.me\/PfY7gm-7O2","_links":{"self":[{"href":"https:\/\/fos.consulting\/en\/wp-json\/wp\/v2\/pages\/30010","targetHints":{"allow":["GET"]}}],"collection":[{"href":"https:\/\/fos.consulting\/en\/wp-json\/wp\/v2\/pages"}],"about":[{"href":"https:\/\/fos.consulting\/en\/wp-json\/wp\/v2\/types\/page"}],"author":[{"embeddable":true,"href":"https:\/\/fos.consulting\/en\/wp-json\/wp\/v2\/users\/150"}],"replies":[{"embeddable":true,"href":"https:\/\/fos.consulting\/en\/wp-json\/wp\/v2\/comments?post=30010"}],"version-history":[{"count":9,"href":"https:\/\/fos.consulting\/en\/wp-json\/wp\/v2\/pages\/30010\/revisions"}],"predecessor-version":[{"id":44683,"href":"https:\/\/fos.consulting\/en\/wp-json\/wp\/v2\/pages\/30010\/revisions\/44683"}],"wp:attachment":[{"href":"https:\/\/fos.consulting\/en\/wp-json\/wp\/v2\/media?parent=30010"}],"curies":[{"name":"wp","href":"https:\/\/api.w.org\/{rel}","templated":true}]}}