{"id":40398,"date":"2025-06-26T10:20:29","date_gmt":"2025-06-26T09:20:29","guid":{"rendered":"https:\/\/fos.consulting\/?page_id=40398"},"modified":"2025-06-26T10:20:29","modified_gmt":"2025-06-26T09:20:29","slug":"declaracion-responsable-del-sistema-informatico-de-facturacion","status":"publish","type":"page","link":"https:\/\/fos.consulting\/en\/declaracion-responsable-del-sistema-informatico-de-facturacion\/","title":{"rendered":"Declaration of responsibility for the computerised invoicing system"},"content":{"rendered":"<div id=\"fws_69d4e189d6691\"  data-column-margin=\"default\" data-midnight=\"dark\"  class=\"wpb_row vc_row-fluid vc_row\"  style=\"padding-top: 0px; padding-bottom: 0px; \"><div class=\"row-bg-wrap\" data-bg-animation=\"none\" data-bg-animation-delay=\"\" data-bg-overlay=\"false\"><div class=\"inner-wrap row-bg-layer\" ><div class=\"row-bg viewport-desktop\"  style=\"\"><\/div><\/div><\/div><div class=\"row_col_wrap_12 col span_12 dark left\">\n\t<div  class=\"vc_col-sm-12 wpb_column column_container vc_column_container col no-extra-padding inherit_tablet inherit_phone\"  data-padding-pos=\"all\" data-has-bg-color=\"false\" data-bg-color=\"\" data-bg-opacity=\"1\" data-animation=\"\" data-delay=\"0\" >\n\t\t<div class=\"vc_column-inner\" >\n\t\t\t<div class=\"wpb_wrapper\">\n\t\t\t\t<h2 style=\"font-size: 48px;line-height: 57px;text-align: center\" class=\"vc_custom_heading vc_do_custom_heading\" >Declaration of responsibility for the computerised invoicing system<\/h2><p style=\"text-align: center\" class=\"vc_custom_heading vc_do_custom_heading\" ><a href=\"https:\/\/fos.consulting\/en\/contacto\/\" title=\"Contact\">DECLARATION OF RESPONSIBILITY FOR THE COMPUTERISED INVOICING SYSTEM<br \/>\nResponsible Declaration<br \/>\nDECLARATION OF RESPONSIBILITY FOR THE COMPUTERISED BILLING SYSTEM OF IGT MICROELECTRONICS, S.L. FOR THE PURPOSES OF ORDER HAC\/1177\/2024<\/p>\n<p>IGT MICROELECTRONICS, S.L. (\"IGT\"), with Tax Identification Code B-78032034, with address for notification purposes at Calle Alonso Cano, N\u00ba 87 -CP 28003- Madrid, hereby and for the purposes provided for in art. 15 et seq. of Order HAC\/1177\/2024, of 17 October, which develops the technical, functional and content specifications referred to in the Regulation establishing the requirements to be adopted by the computer or electronic systems and programmes that support the invoicing processes of entrepreneurs and professionals, and the standardisation of invoicing record formats, approved by Royal Decree 1007\/2023, of 5 December; and in the Regulation regulating invoicing obligations, approved by Royal Decree 1619\/2012, of 30 November (the \"Order\"), DECLARES:<\/p>\n<p>FIRST<br \/>\nThat IGT is the owner of the computer system Agora, with identifier code \"AG\" in accordance with the specifications given in section 2.6 of the Annex to the Order, with version 8.2.5, has the following hardware and software components:<\/p>\n<p>For hardware components, the system has one or more POS hardware and\/or a central server, depending on the configuration of the IT system.<br \/>\nFor software components, the system has the Agora programme.<br \/>\nSECOND<br \/>\nThat the said computer system is a Point of Sale Terminal management software for businesses with the main functionalities:<\/p>\n<p>Centralised system for managing multiple installations in a single database.<br \/>\nBusiness analysis with web and mobile application.<br \/>\nCommander with mobile application to prepare orders, manage collections and communication with the kitchen.<br \/>\nKitchen monitor to manage orders and preparations in the kitchen or preparation area.<br \/>\nOnline booking manager to be able to book a table from different communication channels.<br \/>\nDigital menu to be able to access the offer of the premises remotely.<br \/>\nIntegration with delivery platforms.<br \/>\nAudit to query operations within the system.<br \/>\nWarehouse application to manage goods receipt, inventories and stock regulations.<br \/>\nTime control for clocking in and clocking out.<br \/>\nIntegrations with other applications on the market.<br \/>\nSystem for making payments via QR.<br \/>\nCreation of invoices from the mobile by means of QR printed on the ticket.<br \/>\nTHIRD<br \/>\nThat this system can only operate exclusively as \"VERIFACTU\", in accordance with the specifications given in paragraph 2.6 of the Annex to Order HAC\/1177\/2024.<\/p>\n<p>FOURTH<br \/>\nThat this computer system can be used by several taxpayers, supporting the invoicing of several taxpayers. This option is only available in the centralised system.<\/p>\n<p>FIFTH<br \/>\nThat Agora, for version 8.2.5, complies with the provisions of Article 29.2.j of Law 58\/2003, of 17 December, on General Taxation, in the Regulation that establishes the requirements to be adopted by computer or electronic systems and programmes that support the invoicing processes of entrepreneurs and professionals, and the standardisation of invoicing record formats, approved by Royal Decree 1007\/2023, of 5 December, in this order and in the electronic headquarters of the State Tax Administration Agency for everything that completes the specifications of this order.<\/p>\n<p>Madrid, Spain, 14\/05\/2025.<\/p>\n<p>IGT MICROELECTRONICS, S.L.<\/a><\/p>\n\t\t\t<\/div> \n\t\t<\/div>\n\t<\/div> \n<\/div><\/div>","protected":false},"excerpt":{"rendered":"Declaraci\u00f3n Responsable del sistema inform\u00e1tico de facturaci\u00f3nDECLARACI\u00d3N RESPONSABLE DEL SISTEMA INFORM\u00c1TICO DE FACTURACI\u00d3N Declaraci\u00f3n Responsable DECLARACI\u00d3N RESPONSABLE DEL SISTEMA INFORM\u00c1TICO DE FACTURACI\u00d3N DE IGT MICROELECTRONICS,...","protected":false},"author":150,"featured_media":0,"parent":0,"menu_order":0,"comment_status":"closed","ping_status":"closed","template":"","meta":{"footnotes":""},"class_list":["post-40398","page","type-page","status-publish"],"jetpack_sharing_enabled":true,"jetpack-related-posts":[],"jetpack_shortlink":"https:\/\/wp.me\/PfY7gm-avA","_links":{"self":[{"href":"https:\/\/fos.consulting\/en\/wp-json\/wp\/v2\/pages\/40398","targetHints":{"allow":["GET"]}}],"collection":[{"href":"https:\/\/fos.consulting\/en\/wp-json\/wp\/v2\/pages"}],"about":[{"href":"https:\/\/fos.consulting\/en\/wp-json\/wp\/v2\/types\/page"}],"author":[{"embeddable":true,"href":"https:\/\/fos.consulting\/en\/wp-json\/wp\/v2\/users\/150"}],"replies":[{"embeddable":true,"href":"https:\/\/fos.consulting\/en\/wp-json\/wp\/v2\/comments?post=40398"}],"version-history":[{"count":3,"href":"https:\/\/fos.consulting\/en\/wp-json\/wp\/v2\/pages\/40398\/revisions"}],"predecessor-version":[{"id":40401,"href":"https:\/\/fos.consulting\/en\/wp-json\/wp\/v2\/pages\/40398\/revisions\/40401"}],"wp:attachment":[{"href":"https:\/\/fos.consulting\/en\/wp-json\/wp\/v2\/media?parent=40398"}],"curies":[{"name":"wp","href":"https:\/\/api.w.org\/{rel}","templated":true}]}}