{"id":6276,"date":"2021-01-28T17:17:58","date_gmt":"2021-01-28T17:17:58","guid":{"rendered":"https:\/\/fos.consulting\/?page_id=6276"},"modified":"2021-02-08T10:06:36","modified_gmt":"2021-02-08T10:06:36","slug":"concord","status":"publish","type":"page","link":"https:\/\/fos.consulting\/en\/concord\/","title":{"rendered":"Concord"},"content":{"rendered":"<div id=\"fws_69f5526fcc897\"  data-column-margin=\"default\" data-midnight=\"dark\"  class=\"wpb_row vc_row-fluid vc_row full-width-content vc_row-o-equal-height vc_row-flex vc_row-o-content-top\"  style=\"padding-top: 0px; padding-bottom: 0px; \"><div class=\"row-bg-wrap\" data-bg-animation=\"none\" data-bg-animation-delay=\"\" data-bg-overlay=\"false\"><div class=\"inner-wrap row-bg-layer\" ><div class=\"row-bg viewport-desktop using-bg-color\"  style=\"background-color: #ffffff; \"><\/div><\/div><\/div><div class=\"row_col_wrap_12 col span_12 dark left\">\n\t<div style=\"\" class=\"vc_col-sm-12 wpb_column column_container vc_column_container col centered-text no-extra-padding\" data-using-bg=\"true\" data-padding-pos=\"all\" data-has-bg-color=\"true\" data-bg-color=\"#ffffff\" data-bg-opacity=\"1\" data-animation=\"\" data-delay=\"0\" >\n\t\t<div class=\"vc_column-inner\" ><div class=\"column-bg-overlay-wrap column-bg-layer\" data-bg-animation=\"none\"><div class=\"column-bg-overlay\" style=\"opacity: 1; background-color: #ffffff;\"><\/div><\/div>\n\t\t\t<div class=\"wpb_wrapper\">\n\t\t\t\t<div class=\"divider-wrap\" data-alignment=\"default\"><div style=\"height: 30px;\" class=\"divider\"><\/div><\/div>\n\t\t\t<\/div> \n\t\t<\/div>\n\t<\/div> \n<\/div><\/div>\n\t\t<div id=\"fws_69f5526fcde81\"  data-column-margin=\"default\" data-midnight=\"dark\" data-top-percent=\"4%\"  class=\"wpb_row vc_row-fluid vc_row full-width-content vc_row-o-equal-height vc_row-flex vc_row-o-content-top\"  style=\"padding-top: calc(100vw * 0.04); padding-bottom: 20px; \"><div class=\"row-bg-wrap\" data-bg-animation=\"none\" data-bg-animation-delay=\"\" data-bg-overlay=\"false\"><div class=\"inner-wrap row-bg-layer using-image\" ><div class=\"row-bg viewport-desktop using-image\"  style=\"background-image: url(https:\/\/i0.wp.com\/fos.consulting\/wp-content\/uploads\/2021\/01\/Concord-cabecera-1.jpg?fit=1365%2C491&#038;ssl=1); background-position: left center; background-repeat: no-repeat; \"><\/div><\/div><\/div><div class=\"row_col_wrap_12 col span_12 dark left\">\n\t<div  class=\"vc_col-sm-12 wpb_column column_container vc_column_container col padding-8-percent\"  data-padding-pos=\"all\" data-has-bg-color=\"false\" data-bg-color=\"\" data-bg-opacity=\"1\" data-animation=\"\" data-delay=\"0\" >\n\t\t<div class=\"vc_column-inner\" >\n\t\t\t<div class=\"wpb_wrapper\">\n\t\t\t\t<div class=\"img-with-aniamtion-wrap\" data-max-width=\"100%\" data-max-width-mobile=\"100%\" data-shadow=\"x_large_depth\" data-animation=\"grow-in\" >\n      <div class=\"inner\">\n        <div class=\"hover-wrap\"> \n          <div class=\"hover-wrap-inner\">\n            <img loading=\"lazy\" decoding=\"async\" class=\"img-with-animation skip-lazy\" data-delay=\"0\" height=\"200\" width=\"200\" data-animation=\"grow-in\" src=\"https:\/\/i0.wp.com\/fos.consulting\/wp-content\/uploads\/2021\/01\/concord_200x200.jpg?fit=200%2C200&#038;ssl=1\" alt=\"\" srcset=\"https:\/\/i0.wp.com\/fos.consulting\/wp-content\/uploads\/2021\/01\/concord_200x200.jpg?w=200&ssl=1 200w, https:\/\/i0.wp.com\/fos.consulting\/wp-content\/uploads\/2021\/01\/concord_200x200.jpg?resize=150%2C150&ssl=1 150w, https:\/\/i0.wp.com\/fos.consulting\/wp-content\/uploads\/2021\/01\/concord_200x200.jpg?resize=100%2C100&ssl=1 100w, https:\/\/i0.wp.com\/fos.consulting\/wp-content\/uploads\/2021\/01\/concord_200x200.jpg?resize=140%2C140&ssl=1 140w\" sizes=\"auto, (max-width: 200px) 100vw, 200px\" \/>\n          <\/div>\n        <\/div>\n      <\/div>\n    <\/div><div class=\"divider-wrap\" data-alignment=\"default\"><div style=\"height: 50px;\" class=\"divider\"><\/div><\/div>\n\t\t\t<\/div> \n\t\t<\/div>\n\t<\/div> \n<\/div><\/div>\n\t\t<div id=\"fws_69f5526fcf8dd\"  data-column-margin=\"default\" data-midnight=\"dark\" data-bottom-percent=\"5%\"  class=\"wpb_row vc_row-fluid vc_row vc_row-o-full-height vc_row-o-columns-middle vc_row-o-equal-height vc_row-flex\"  style=\"padding-top: 30px; padding-bottom: calc(100vw * 0.05); \"><div class=\"row-bg-wrap\" data-bg-animation=\"none\" data-bg-animation-delay=\"\" data-bg-overlay=\"false\"><div class=\"inner-wrap row-bg-layer\" ><div class=\"row-bg viewport-desktop using-bg-color\"  style=\"background-color: #ffffff; \"><\/div><\/div><\/div><div class=\"row_col_wrap_12 col span_12 dark left\">\n\t<div  class=\"vc_col-sm-6 wpb_column column_container vc_column_container col padding-2-percent\"  data-padding-pos=\"all\" data-has-bg-color=\"false\" data-bg-color=\"\" data-bg-opacity=\"1\" data-animation=\"\" data-delay=\"0\" >\n\t\t<div class=\"vc_column-inner\" >\n\t\t\t<div class=\"wpb_wrapper\">\n\t\t\t\t<div class=\"nectar-split-heading\" data-align=\"default\" data-m-align=\"inherit\" data-text-effect=\"default\" data-animation-type=\"default\" data-animation-delay=\"0\" data-animation-offset=\"\" data-m-rm-animation=\"\" data-stagger=\"\" data-custom-font-size=\"false\" ><div class=\"heading-line\" > <div><h2 style=\"color: #1e83ec\"><span style=\"color: #00ba4b\">Concord<\/span><\/h2> <\/div> <\/div><div class=\"heading-line\" > <div><h2 style=\"color: #1e83ec\"><span style=\"color: #00ba4b\">calidad y dise\u00f1o para<\/span><\/h2> <\/div> <\/div><div class=\"heading-line\" > <div><h2 style=\"color: #1e83ec\"><span style=\"color: #00ba4b\">tu negocio.<\/span><\/h2> <\/div> <\/div><\/div><div id=\"fws_69f5526fd0395\" data-midnight=\"\" data-column-margin=\"default\" class=\"wpb_row vc_row-fluid vc_row inner_row\"  style=\"padding-top: 15px; padding-bottom: 25px; \"><div class=\"row-bg-wrap\"> <div class=\"row-bg\" ><\/div> <\/div><div class=\"row_col_wrap_12_inner col span_12  left\">\n\t<div  class=\"vc_col-sm-12 wpb_column column_container vc_column_container col child_column has-animation no-extra-padding\"   data-padding-pos=\"all\" data-has-bg-color=\"false\" data-bg-color=\"\" data-bg-opacity=\"1\" data-animation=\"fade-in-from-bottom\" data-delay=\"0\" >\n\t\t<div class=\"vc_column-inner\" >\n\t\t<div class=\"wpb_wrapper\">\n\t\t\t\n<div class=\"wpb_text_column wpb_content_element\" >\n\t<div class=\"wpb_wrapper\">\n\t\t<p>Descubre la gama de equipos Concord, tenemos la soluci\u00f3n adecuada para ti. Hosteler\u00eda, comercio, alimentacion, sea cual sea tu negocio, existe un modelo de Concord que se adapta a tus necesidades.<\/p>\n\t<\/div>\n<\/div>\n\n\n\n\n\t\t<\/div> \n\t<\/div>\n\t<\/div> \n<\/div><\/div><div id=\"fws_69f5526fd0ced\" data-midnight=\"\" data-column-margin=\"default\" class=\"wpb_row vc_row-fluid vc_row inner_row\"  style=\"\"><div class=\"row-bg-wrap\"> <div class=\"row-bg\" ><\/div> <\/div><div class=\"row_col_wrap_12_inner col span_12  left\">\n\t<div  class=\"vc_col-sm-12 wpb_column column_container vc_column_container col child_column has-animation no-extra-padding\"   data-padding-pos=\"all\" data-has-bg-color=\"false\" data-bg-color=\"\" data-bg-opacity=\"1\" data-animation=\"fade-in-from-bottom\" data-delay=\"0\" >\n\t\t<div class=\"vc_column-inner\" >\n\t\t<div class=\"wpb_wrapper\">\n\t\t\t\n<div class=\"wpb_text_column wpb_content_element\" >\n\t<div class=\"wpb_wrapper\">\n\t\t<h3 style=\"color: #00ba4b;\">Concord Care Service Gold<\/h3>\n<p><span style=\"color: rgba(0,0,0,0.45);\">Ahora puedes disfrutar de nuestra cobertura para equipos TPV. Durante cuatro a\u00f1os, en caso de cualquier incidencia, te sustituimos tu equipo en menos de 24 hs. Con Concord tu negocio siempre estar\u00e1 en marcha.<\/span><\/p>\n\t<\/div>\n<\/div>\n\n\n\n<a class=\"nectar-button large regular extra-color-3  regular-button\"  role=\"button\" style=\"margin-top: 50px; background-color: #00ba4b;\" target=\"_blank\" href=\"https:\/\/www.tpvconcord.com\" data-color-override=\"#00ba4b\" data-hover-color-override=\"false\" data-hover-text-color-override=\"#fff\"><span>M\u00e1s informaci\u00f3n<\/span><\/a>\n\t\t<\/div> \n\t<\/div>\n\t<\/div> \n<\/div><\/div>\n\t\t\t<\/div> \n\t\t<\/div>\n\t<\/div> \n\n\t<div  class=\"vc_col-sm-3 wpb_column column_container vc_column_container col padding-2-percent\"  data-padding-pos=\"all\" data-has-bg-color=\"false\" data-bg-color=\"\" data-bg-opacity=\"1\" data-animation=\"\" data-delay=\"0\" >\n\t\t<div class=\"vc_column-inner\" >\n\t\t\t<div class=\"wpb_wrapper\">\n\t\t\t\t\n<div class=\"wpb_text_column wpb_content_element  vc_custom_1611580782773\" >\n\t<div class=\"wpb_wrapper\">\n\t\t<ul>\n<li>POS<\/li>\n<li>Soluciones M\u00f3viles<\/li>\n<li>Printers<\/li>\n<li>Visores de Cliente<\/li>\n<li>Lectores C\u00f3digos de Barra<\/li>\n<li>Lectores Huellas digitales<\/li>\n<li>Lectores de Tarjetas<\/li>\n<li>Cajones Portamonedas<\/li>\n<\/ul>\n\t<\/div>\n<\/div>\n\n\n\n<div class=\"divider-wrap\" data-alignment=\"default\"><div style=\"height: 20px;\" class=\"divider\"><\/div><\/div><div class=\"img-with-aniamtion-wrap center\" data-max-width=\"100%\" data-max-width-mobile=\"100%\" data-shadow=\"none\" data-animation=\"fade-in\" >\n      <div class=\"inner\">\n        <div class=\"hover-wrap\"> \n          <div class=\"hover-wrap-inner\">\n            <img loading=\"lazy\" decoding=\"async\" class=\"img-with-animation skip-lazy\" data-delay=\"0\" height=\"500\" width=\"500\" data-animation=\"fade-in\" src=\"https:\/\/i0.wp.com\/fos.consulting\/wp-content\/uploads\/2021\/01\/Concord-M15.png?fit=500%2C500&#038;ssl=1\" alt=\"\" srcset=\"https:\/\/i0.wp.com\/fos.consulting\/wp-content\/uploads\/2021\/01\/Concord-M15.png?w=500&ssl=1 500w, https:\/\/i0.wp.com\/fos.consulting\/wp-content\/uploads\/2021\/01\/Concord-M15.png?resize=300%2C300&ssl=1 300w, https:\/\/i0.wp.com\/fos.consulting\/wp-content\/uploads\/2021\/01\/Concord-M15.png?resize=150%2C150&ssl=1 150w, https:\/\/i0.wp.com\/fos.consulting\/wp-content\/uploads\/2021\/01\/Concord-M15.png?resize=100%2C100&ssl=1 100w, https:\/\/i0.wp.com\/fos.consulting\/wp-content\/uploads\/2021\/01\/Concord-M15.png?resize=140%2C140&ssl=1 140w, https:\/\/i0.wp.com\/fos.consulting\/wp-content\/uploads\/2021\/01\/Concord-M15.png?resize=350%2C350&ssl=1 350w, https:\/\/i0.wp.com\/fos.consulting\/wp-content\/uploads\/2021\/01\/Concord-M15.png?resize=277%2C277&ssl=1 277w\" sizes=\"auto, (max-width: 500px) 100vw, 500px\" \/>\n          <\/div>\n        <\/div>\n      <\/div>\n    <\/div>\n\t\t\t<\/div> \n\t\t<\/div>\n\t<\/div> \n\n\t<div  class=\"vc_col-sm-3 wpb_column column_container vc_column_container col padding-2-percent\"  data-padding-pos=\"all\" data-has-bg-color=\"false\" data-bg-color=\"\" data-bg-opacity=\"1\" data-animation=\"\" data-delay=\"0\" >\n\t\t<div class=\"vc_column-inner\" >\n\t\t\t<div class=\"wpb_wrapper\">\n\t\t\t\t<div class=\"img-with-aniamtion-wrap right\" data-max-width=\"100%\" data-max-width-mobile=\"100%\" data-shadow=\"none\" data-animation=\"fade-in\"  style=\"margin-top: -20px; \">\n      <div class=\"inner\">\n        <div class=\"hover-wrap\"> \n          <div class=\"hover-wrap-inner\">\n            <img loading=\"lazy\" decoding=\"async\" class=\"img-with-animation skip-lazy\" data-delay=\"0\" height=\"462\" width=\"462\" data-animation=\"fade-in\" src=\"https:\/\/i0.wp.com\/fos.consulting\/wp-content\/uploads\/2021\/01\/3036-detalle-huella.png?fit=462%2C462&#038;ssl=1\" alt=\"\" srcset=\"https:\/\/i0.wp.com\/fos.consulting\/wp-content\/uploads\/2021\/01\/3036-detalle-huella.png?w=462&ssl=1 462w, https:\/\/i0.wp.com\/fos.consulting\/wp-content\/uploads\/2021\/01\/3036-detalle-huella.png?resize=300%2C300&ssl=1 300w, https:\/\/i0.wp.com\/fos.consulting\/wp-content\/uploads\/2021\/01\/3036-detalle-huella.png?resize=150%2C150&ssl=1 150w, https:\/\/i0.wp.com\/fos.consulting\/wp-content\/uploads\/2021\/01\/3036-detalle-huella.png?resize=100%2C100&ssl=1 100w, https:\/\/i0.wp.com\/fos.consulting\/wp-content\/uploads\/2021\/01\/3036-detalle-huella.png?resize=140%2C140&ssl=1 140w, https:\/\/i0.wp.com\/fos.consulting\/wp-content\/uploads\/2021\/01\/3036-detalle-huella.png?resize=350%2C350&ssl=1 350w, https:\/\/i0.wp.com\/fos.consulting\/wp-content\/uploads\/2021\/01\/3036-detalle-huella.png?resize=277%2C277&ssl=1 277w\" sizes=\"auto, (max-width: 462px) 100vw, 462px\" \/>\n          <\/div>\n        <\/div>\n      <\/div>\n    <\/div><div class=\"img-with-aniamtion-wrap right\" data-max-width=\"100%\" data-max-width-mobile=\"100%\" data-shadow=\"none\" data-animation=\"fade-in\"  style=\"margin-top: 20px; margin-left: 5px;\">\n      <div class=\"inner\">\n        <div class=\"hover-wrap\"> \n          <div class=\"hover-wrap-inner\">\n            <img loading=\"lazy\" decoding=\"async\" class=\"img-with-animation skip-lazy\" data-delay=\"0\" height=\"462\" width=\"462\" data-animation=\"fade-in\" src=\"https:\/\/i0.wp.com\/fos.consulting\/wp-content\/uploads\/2021\/01\/3036-Detalle-Segunda-Pantalla.png?fit=462%2C462&#038;ssl=1\" alt=\"\" srcset=\"https:\/\/i0.wp.com\/fos.consulting\/wp-content\/uploads\/2021\/01\/3036-Detalle-Segunda-Pantalla.png?w=462&ssl=1 462w, https:\/\/i0.wp.com\/fos.consulting\/wp-content\/uploads\/2021\/01\/3036-Detalle-Segunda-Pantalla.png?resize=300%2C300&ssl=1 300w, https:\/\/i0.wp.com\/fos.consulting\/wp-content\/uploads\/2021\/01\/3036-Detalle-Segunda-Pantalla.png?resize=150%2C150&ssl=1 150w, https:\/\/i0.wp.com\/fos.consulting\/wp-content\/uploads\/2021\/01\/3036-Detalle-Segunda-Pantalla.png?resize=100%2C100&ssl=1 100w, https:\/\/i0.wp.com\/fos.consulting\/wp-content\/uploads\/2021\/01\/3036-Detalle-Segunda-Pantalla.png?resize=140%2C140&ssl=1 140w, https:\/\/i0.wp.com\/fos.consulting\/wp-content\/uploads\/2021\/01\/3036-Detalle-Segunda-Pantalla.png?resize=350%2C350&ssl=1 350w, https:\/\/i0.wp.com\/fos.consulting\/wp-content\/uploads\/2021\/01\/3036-Detalle-Segunda-Pantalla.png?resize=277%2C277&ssl=1 277w\" sizes=\"auto, (max-width: 462px) 100vw, 462px\" \/>\n          <\/div>\n        <\/div>\n      <\/div>\n    <\/div>\n\t\t\t<\/div> \n\t\t<\/div>\n\t<\/div> \n<\/div><\/div>\n\t\t<div id=\"fws_69f5526fd3f28\"  data-column-margin=\"default\" data-midnight=\"dark\"  class=\"wpb_row vc_row-fluid vc_row\"  style=\"padding-top: -90px; padding-bottom: 0px; \"><div class=\"row-bg-wrap\" data-bg-animation=\"none\" data-bg-animation-delay=\"\" data-bg-overlay=\"false\"><div class=\"inner-wrap row-bg-layer\" ><div class=\"row-bg viewport-desktop\"  style=\"\"><\/div><\/div><\/div><div class=\"row_col_wrap_12 col span_12 dark left\">\n\t<div  class=\"vc_col-sm-12 wpb_column column_container vc_column_container col no-extra-padding\"  data-padding-pos=\"all\" data-has-bg-color=\"false\" data-bg-color=\"\" data-bg-opacity=\"1\" data-animation=\"\" data-delay=\"0\" >\n\t\t<div class=\"vc_column-inner\" >\n\t\t\t<div class=\"wpb_wrapper\">\n\t\t\t\t<div class=\"img-with-aniamtion-wrap center\" data-max-width=\"110%\" data-max-width-mobile=\"100%\" data-shadow=\"none\" data-animation=\"fade-in\"  style=\"margin-top: -150px; \">\n      <div class=\"inner\">\n        <div class=\"hover-wrap\"> \n          <div class=\"hover-wrap-inner\">\n            <img loading=\"lazy\" decoding=\"async\" class=\"img-with-animation skip-lazy\" data-delay=\"0\" height=\"486\" width=\"1000\" data-animation=\"fade-in\" src=\"https:\/\/i0.wp.com\/fos.consulting\/wp-content\/uploads\/2021\/01\/Familia.png?fit=1000%2C486&#038;ssl=1\" alt=\"\" srcset=\"https:\/\/i0.wp.com\/fos.consulting\/wp-content\/uploads\/2021\/01\/Familia.png?w=1000&ssl=1 1000w, https:\/\/i0.wp.com\/fos.consulting\/wp-content\/uploads\/2021\/01\/Familia.png?resize=300%2C146&ssl=1 300w, https:\/\/i0.wp.com\/fos.consulting\/wp-content\/uploads\/2021\/01\/Familia.png?resize=768%2C373&ssl=1 768w\" sizes=\"auto, (max-width: 1000px) 100vw, 1000px\" \/>\n          <\/div>\n        <\/div>\n      <\/div>\n    <\/div>\n\t\t\t<\/div> \n\t\t<\/div>\n\t<\/div> \n<\/div><\/div>","protected":false},"excerpt":{"rendered":"Concord calidad y dise\u00f1o para tu negocio. Descubre la gama de equipos Concord, tenemos la soluci\u00f3n adecuada para ti. Hosteler\u00eda, comercio, alimentacion, sea cual sea...","protected":false},"author":18,"featured_media":0,"parent":0,"menu_order":0,"comment_status":"closed","ping_status":"closed","template":"","meta":{"footnotes":""},"class_list":["post-6276","page","type-page","status-publish"],"jetpack_sharing_enabled":true,"jetpack-related-posts":[],"jetpack_shortlink":"https:\/\/wp.me\/PfY7gm-1De","_links":{"self":[{"href":"https:\/\/fos.consulting\/en\/wp-json\/wp\/v2\/pages\/6276","targetHints":{"allow":["GET"]}}],"collection":[{"href":"https:\/\/fos.consulting\/en\/wp-json\/wp\/v2\/pages"}],"about":[{"href":"https:\/\/fos.consulting\/en\/wp-json\/wp\/v2\/types\/page"}],"author":[{"embeddable":true,"href":"https:\/\/fos.consulting\/en\/wp-json\/wp\/v2\/users\/18"}],"replies":[{"embeddable":true,"href":"https:\/\/fos.consulting\/en\/wp-json\/wp\/v2\/comments?post=6276"}],"version-history":[{"count":25,"href":"https:\/\/fos.consulting\/en\/wp-json\/wp\/v2\/pages\/6276\/revisions"}],"predecessor-version":[{"id":6643,"href":"https:\/\/fos.consulting\/en\/wp-json\/wp\/v2\/pages\/6276\/revisions\/6643"}],"wp:attachment":[{"href":"https:\/\/fos.consulting\/en\/wp-json\/wp\/v2\/media?parent=6276"}],"curies":[{"name":"wp","href":"https:\/\/api.w.org\/{rel}","templated":true}]}}