{"id":23695,"date":"2017-02-07T15:05:55","date_gmt":"2017-02-07T15:05:55","guid":{"rendered":"http:\/\/themenectar.com\/demo\/salient-startup\/?page_id=8"},"modified":"2025-04-04T10:15:59","modified_gmt":"2025-04-04T09:15:59","slug":"contacto","status":"publish","type":"page","link":"https:\/\/fos.consulting\/pt\/contacto\/","title":{"rendered":"Contacto"},"content":{"rendered":"<div id=\"fws_69dad9d053e64\"  data-column-margin=\"default\" data-midnight=\"light\" data-top-percent=\"10%\" data-bottom-percent=\"2%\"  class=\"wpb_row vc_row-fluid vc_row full-width-section parallax_section\"  style=\"padding-top: calc(100vw * 0.10); padding-bottom: calc(100vw * 0.02); \"><div class=\"row-bg-wrap\" data-bg-animation=\"none\" data-bg-animation-delay=\"\" data-bg-overlay=\"true\"><div class=\"inner-wrap row-bg-layer using-image\" ><div class=\"row-bg viewport-desktop using-image using-bg-color\" data-parallax-speed=\"fast\" style=\"background-image: url(https:\/\/i0.wp.com\/fos.consulting\/wp-content\/uploads\/2024\/11\/FondoContactoFosconsulting-yellow-tone-png.webp?fit=4068%2C2584&#038;ssl=1); background-position: center center; background-repeat: no-repeat; background-color: #ffffff; \"><\/div><\/div><div class=\"row-bg-overlay row-bg-layer\" style=\"background-color:#0a0a0a;  opacity: 0.5; \"><\/div><\/div><div class=\"row_col_wrap_12 col span_12 light left\">\n\t<div  class=\"vc_col-sm-12 wpb_column column_container vc_column_container col no-extra-padding inherit_tablet inherit_phone\"  data-padding-pos=\"all\" data-has-bg-color=\"false\" data-bg-color=\"\" data-bg-opacity=\"1\" data-animation=\"\" data-delay=\"0\" >\n\t\t<div class=\"vc_column-inner\" >\n\t\t\t<div class=\"wpb_wrapper\">\n\t\t\t\t<div id=\"fws_69dad9d0546f0\" data-midnight=\"\" data-column-margin=\"default\" class=\"wpb_row vc_row-fluid vc_row inner_row vc_row-o-equal-height vc_row-flex vc_row-o-content-middle row_position_tablet_relative row_position_phone_relative\"  style=\"\"><div class=\"row-bg-wrap\"> <div class=\"row-bg\" ><\/div> <\/div><div class=\"row_col_wrap_12_inner col span_12  left\">\n\t<div  class=\"vc_col-sm-6 vc_col-lg-6 vc_col-md-6 vc_col-xs-12 wpb_column column_container vc_column_container col child_column has-animation no-extra-padding inherit_tablet inherit_phone\"   data-padding-pos=\"all\" data-has-bg-color=\"false\" data-bg-color=\"\" data-bg-opacity=\"1\" data-animation=\"fade-in\" data-delay=\"0\" >\n\t\t<div class=\"vc_column-inner\" >\n\t\t<div class=\"wpb_wrapper\">\n\t\t\t\n<div class=\"wpb_text_column wpb_content_element\" >\n\t<div class=\"wpb_wrapper\">\n\t\t<h3>N\u00f3s<\/h3>\n\t<\/div>\n<\/div>\n\n\n\n<div class=\"nectar-responsive-text nectar-link-underline-effect\"><h4><strong>FOS SYSTEMS SOLUTIONS S.L<\/strong><br \/>\n<a href=\"https:\/\/www.google.com\/maps\/dir\/\/C.+de+Crist%C3%B3bal+Bordi%C3%BA,+49,+Chamber%C3%AD,+28003+Madrid\/data=!4m6!4m5!1m1!4e2!1m2!1m1!1s0xd4228f0a47b66e7:0xb9c42e6b7b3bbb2a?sa=X&amp;ved=1t:707&amp;ictx=111\">C\/Cristobal bordiu, 49 28003<\/a><br \/>\nMadrid, Espanha.<br \/>\nN\u00daMERO DE IVA: B87180022<\/h4>\n<\/div><div class=\"nectar-responsive-text nectar-link-underline-effect\"><h4><strong>Comercial<\/strong><\/h4>\n<h4>Telefone: <a href=\"tel:91 091 7901\" target=\"_blank\" rel=\"noopener\">91 091 7901<\/a><\/h4>\n<h4>Correio eletr\u00f3nico: <a href=\"mailto:comercial@fos.consulting\" target=\"_blank\" rel=\"noopener\">comercial@fos.consulting<\/a><\/h4>\n<\/div><div class=\"nectar-responsive-text nectar-link-underline-effect\"><h4><strong>Apoio t\u00e9cnico<\/strong><\/h4>\n<h4>Telefone: <a href=\"tel:91 091 55 89\" target=\"_blank\" rel=\"noopener\">91 091 5589<\/a><\/h4>\n<h4>Correio eletr\u00f3nico: <a href=\"mailto:soporte@fos.consulting\" target=\"_blank\" rel=\"noopener\">soporte@fos.consulting<\/a><\/h4>\n<\/div>\n\t\t<\/div> \n\t<\/div>\n\t<\/div> \n\n\t<div style=\"\" class=\"vc_col-sm-6 vc_hidden-sm vc_hidden-xs wpb_column column_container vc_column_container col child_column no-extra-padding no-extra-padding_tablet no-extra-padding_phone\"  data-using-bg=\"true\" data-padding-pos=\"all\" data-has-bg-color=\"true\" data-bg-color=\"#bfbfbf\" data-bg-opacity=\"0.6\" data-animation=\"\" data-delay=\"0\" >\n\t\t<div class=\"vc_column-inner\" ><div class=\"column-bg-overlay-wrap column-bg-layer\" data-bg-animation=\"none\"><div class=\"column-bg-overlay\" style=\"opacity: 0.6; background-color: #bfbfbf;\"><\/div><\/div>\n\t\t<div class=\"wpb_wrapper\">\n\t\t\t<div class=\"nectar-split-heading\" data-align=\"default\" data-m-align=\"inherit\" data-text-effect=\"default\" data-animation-type=\"default\" data-animation-delay=\"0\" data-animation-offset=\"\" data-m-rm-animation=\"\" data-stagger=\"\" data-custom-font-size=\"false\" ><div class=\"heading-line\" > <div><h3>Envie-nos os seus coment\u00e1rios<\/h3> <\/div> <\/div><div class=\"heading-line\" > <div><h3><\/h3> <\/div> <\/div><\/div>\n<div class=\"wpb_text_column wpb_content_element\" >\n\t<div class=\"wpb_wrapper\">\n\t\t<p><strong>Especialistas em software de gest\u00e3o para o sector da hotelaria e restaura\u00e7\u00e3o<\/strong><\/p>\n<p>Oferecemos solu\u00e7\u00f5es de gest\u00e3o inovadoras e personalizadas para o sector da hotelaria e restaura\u00e7\u00e3o. Temos uma equipa de especialistas em tecnologia e opera\u00e7\u00f5es dedicados a impulsionar o crescimento dos nossos clientes.<\/p>\n<p><strong>Estamos aqui para o ajudar a elevar o seu neg\u00f3cio de hotelaria ao pr\u00f3ximo n\u00edvel, fazendo aquilo que o apaixona da melhor forma poss\u00edvel.<\/strong><\/p>\n\t<\/div>\n<\/div>\n\n\n\n\n\t\t<\/div> \n\t<\/div>\n\t<\/div> \n<\/div><\/div>\n\t\t\t<\/div> \n\t\t<\/div>\n\t<\/div> \n<\/div><\/div>\n\t\t<div id=\"fws_69dad9d055f53\"  data-column-margin=\"default\" data-midnight=\"dark\"  class=\"wpb_row vc_row-fluid vc_row full-width-content vc_row-o-equal-height vc_row-flex vc_row-o-content-top\"  style=\"padding-top: 0px; padding-bottom: 0px; \"><div class=\"row-bg-wrap\" data-bg-animation=\"none\" data-bg-animation-delay=\"\" data-bg-overlay=\"false\"><div class=\"inner-wrap row-bg-layer\" ><div class=\"row-bg viewport-desktop using-bg-color\"  style=\"background-color: #ffffff; \"><\/div><\/div><\/div><div class=\"row_col_wrap_12 col span_12 dark left\">\n\t<div  class=\"vc_col-sm-6 wpb_column column_container vc_column_container col no-extra-padding inherit_tablet inherit_phone\"  data-padding-pos=\"all\" data-has-bg-color=\"false\" data-bg-color=\"\" data-bg-opacity=\"1\" data-animation=\"\" data-delay=\"0\" >\n\t\t<div class=\"vc_column-inner\" >\n\t\t\t<div class=\"wpb_wrapper\">\n\t\t\t\t<div id=\"map_69dad9d056491\" style=\"height: 700px;\" class=\"nectar-google-map\" data-infowindow-start-open=\"\" data-dark-color-scheme=\"1\" data-marker-style=\"nectar\" data-nectar-marker-color=\"accent-color\" data-ultra-flat=\"\" data-greyscale=\"1\" data-extra-color=\"\" data-enable-animation=\"false\" data-enable-zoom=\"\" data-zoom-level=\"17\" data-center-lat=\"40.4430946\" data-center-lng=\"-3.6967562\" data-marker-img=\"https:\/\/i0.wp.com\/fos.consulting\/wp-content\/uploads\/2024\/11\/Marcador_Mapa_Fos_Consulting-png.webp?fit=50%2C50&ssl=1\"><\/div><div class=\"map_69dad9d056491 map-marker-list\"><div class=\"map-marker\" data-marker-image-width=\"50\" data-marker-image-height=\"50\" data-lat=\"40.4430946\" data-lng=\"-3.6967562\" data-mapinfo=\"\"><\/div><\/div>\n\t\t\t<\/div> \n\t\t<\/div>\n\t<\/div> \n\n\t<div  class=\"vc_col-sm-6 wpb_column column_container vc_column_container col no-extra-padding inherit_tablet inherit_phone\"  data-border-animation=\"\" data-border-animation-delay=\"\" data-border-width=\"8px\" data-border-style=\"solid\" data-border-color=\"\" data-padding-pos=\"all\" data-has-bg-color=\"false\" data-bg-color=\"\" data-bg-opacity=\"1\" data-animation=\"\" data-delay=\"0\" >\n\t\t<div class=\"vc_column-inner\" style=\"border: 8px solid rgba(255,255,255,0); \"><span class=\"border-wrap\" style=\"border-color: ;\"><span class=\"border-top\"><\/span><span class=\"border-right\"><\/span><span class=\"border-bottom\"><\/span><span class=\"border-left\"><\/span><\/span>\n\t\t\t<div class=\"wpb_wrapper\">\n\t\t\t\t<div class=\"wpforms-container wpforms-container-full wpforms-container-save-resume\" id=\"wpforms-39338\"><form id=\"wpforms-form-39338\" class=\"wpforms-validate wpforms-form wpforms-ajax-form\" data-formid=\"39338\" method=\"post\" enctype=\"multipart\/form-data\" action=\"\/pt\/wp-json\/wp\/v2\/pages\/23695\" data-token=\"eda64eaea0be0d67b267b273eaa3bc44\" data-token-time=\"1775950288\" data-trp-original-action=\"\/pt\/wp-json\/wp\/v2\/pages\/23695\"><div class=\"wpforms-head-container\"><div class=\"wpforms-title\">Contacte-nos em<\/div><\/div><noscript class=\"wpforms-error-noscript\">Please enable JavaScript in your browser to complete this form.<\/noscript><div class=\"wpforms-field-container\"><div id=\"wpforms-39338-field_1-container\" class=\"wpforms-field wpforms-field-name\" data-field-id=\"1\"><label class=\"wpforms-field-label\">Nome <span class=\"wpforms-required-label\">*<\/span><\/label><div class=\"wpforms-field-row wpforms-field-medium\"><div class=\"wpforms-field-row-block wpforms-first wpforms-one-half\"><input type=\"text\" id=\"wpforms-39338-field_1\" class=\"wpforms-field-name-first wpforms-field-required\" name=\"wpforms[fields][1][first]\" required><label for=\"wpforms-39338-field_1\" class=\"wpforms-field-sublabel after\">First<\/label><\/div><div class=\"wpforms-field-row-block wpforms-one-half\"><input type=\"text\" id=\"wpforms-39338-field_1-last\" class=\"wpforms-field-name-last wpforms-field-required\" name=\"wpforms[fields][1][last]\" required><label for=\"wpforms-39338-field_1-last\" class=\"wpforms-field-sublabel after\">Last<\/label><\/div><\/div><\/div><div id=\"wpforms-39338-field_2-container\" class=\"wpforms-field wpforms-field-email\" data-field-id=\"2\"><label class=\"wpforms-field-label\" for=\"wpforms-39338-field_2\">Endere\u00e7o eletr\u00f3nico <span class=\"wpforms-required-label\">*<\/span><\/label><input type=\"email\" id=\"wpforms-39338-field_2\" class=\"wpforms-field-medium wpforms-field-required\" name=\"wpforms[fields][2]\" spellcheck=\"false\" required><\/div><div id=\"wpforms-39338-field_4-container\" class=\"wpforms-field wpforms-field-phone\" data-field-id=\"4\"><label class=\"wpforms-field-label\" for=\"wpforms-39338-field_4\">Telefone<\/label><input type=\"tel\" id=\"wpforms-39338-field_4\" class=\"wpforms-field-medium wpforms-smart-phone-field\" data-rule-smart-phone-field=\"true\" name=\"wpforms[fields][4]\" aria-label=\"Telefone\" ><\/div><div id=\"wpforms-39338-field_3-container\" class=\"wpforms-field wpforms-field-textarea\" data-field-id=\"3\"><label class=\"wpforms-field-label\" for=\"wpforms-39338-field_3\">Diga-nos como o podemos ajudar<\/label><textarea id=\"wpforms-39338-field_3\" class=\"wpforms-field-medium\" name=\"wpforms[fields][3]\" ><\/textarea><\/div><\/div><!-- .wpforms-field-container --><div class=\"wpforms-submit-container\" ><input type=\"hidden\" name=\"wpforms[id]\" value=\"39338\"><input type=\"hidden\" name=\"page_title\" value=\"\"><input type=\"hidden\" name=\"page_url\" value=\"https:\/\/fos.consulting\/pt\/wp-json\/wp\/v2\/pages\/23695\"><input type=\"hidden\" name=\"url_referer\" value=\"\"><button type=\"submit\" name=\"wpforms[submit]\" id=\"wpforms-submit-39338\" class=\"wpforms-submit\" data-alt-text=\"Enviando...\" data-submit-text=\"Enviar\" aria-live=\"assertive\" value=\"wpforms-submit\">Enviar<\/button><img loading=\"lazy\" decoding=\"async\" src=\"https:\/\/fos.consulting\/wp-content\/plugins\/wpforms\/assets\/images\/submit-spin.svg\" class=\"wpforms-submit-spinner\" style=\"display: none;\" width=\"26\" height=\"26\" alt=\"Loading\"><\/div><input type=\"hidden\" name=\"trp-form-language\" value=\"pt\"\/><\/form><\/div>  <!-- .wpforms-container -->\n\t\t\t<\/div> \n\t\t<\/div>\n\t<\/div> \n<\/div><\/div>","protected":false},"excerpt":{"rendered":"Nosotros FOS SYSTEMS SOLUTIONS S.L C\/Cristobal bordiu, 49 28003 Madrid, Espa\u00f1a.\u200b CIF: B87180022 Comercial Tel\u00e9fono: 91 091 7901 Email: comercial@fos.consulting Soporte T\u00e9cnico Tel\u00e9fono: 91 091...","protected":false},"author":1,"featured_media":0,"parent":0,"menu_order":0,"comment_status":"closed","ping_status":"closed","template":"","meta":{"footnotes":""},"class_list":["post-23695","page","type-page","status-publish"],"jetpack_sharing_enabled":true,"jetpack-related-posts":[],"jetpack_shortlink":"https:\/\/wp.me\/PfY7gm-6ab","_links":{"self":[{"href":"https:\/\/fos.consulting\/pt\/wp-json\/wp\/v2\/pages\/23695","targetHints":{"allow":["GET"]}}],"collection":[{"href":"https:\/\/fos.consulting\/pt\/wp-json\/wp\/v2\/pages"}],"about":[{"href":"https:\/\/fos.consulting\/pt\/wp-json\/wp\/v2\/types\/page"}],"author":[{"embeddable":true,"href":"https:\/\/fos.consulting\/pt\/wp-json\/wp\/v2\/users\/1"}],"replies":[{"embeddable":true,"href":"https:\/\/fos.consulting\/pt\/wp-json\/wp\/v2\/comments?post=23695"}],"version-history":[{"count":73,"href":"https:\/\/fos.consulting\/pt\/wp-json\/wp\/v2\/pages\/23695\/revisions"}],"predecessor-version":[{"id":30848,"href":"https:\/\/fos.consulting\/pt\/wp-json\/wp\/v2\/pages\/23695\/revisions\/30848"}],"wp:attachment":[{"href":"https:\/\/fos.consulting\/pt\/wp-json\/wp\/v2\/media?parent=23695"}],"curies":[{"name":"wp","href":"https:\/\/api.w.org\/{rel}","templated":true}]}}