{"id":31456,"date":"2025-01-02T06:56:34","date_gmt":"2025-01-02T05:56:34","guid":{"rendered":"https:\/\/fos.consulting\/?page_id=31456"},"modified":"2025-01-02T08:04:59","modified_gmt":"2025-01-02T07:04:59","slug":"reseller","status":"publish","type":"page","link":"https:\/\/fos.consulting\/pt\/reseller\/","title":{"rendered":"Revendedor"},"content":{"rendered":"<div id=\"fws_69dad86fe561f\"  data-column-margin=\"default\" data-midnight=\"dark\" data-top-percent=\"1%\"  class=\"wpb_row vc_row-fluid vc_row full-width-section\"  style=\"padding-top: calc(100vw * 0.01); padding-bottom: 0px; \"><div class=\"row-bg-wrap\" data-bg-animation=\"none\" data-bg-animation-delay=\"\" data-bg-overlay=\"false\"><div class=\"inner-wrap row-bg-layer\" ><div class=\"row-bg viewport-desktop using-bg-color\"  style=\"background-color: #ffffff; \"><\/div><\/div><\/div><div class=\"row_col_wrap_12 col span_12 dark left\">\n\t<div  class=\"vc_col-sm-6 wpb_column column_container vc_column_container col padding-2-percent inherit_tablet inherit_phone\"  data-padding-pos=\"all\" data-has-bg-color=\"false\" data-bg-color=\"\" data-bg-opacity=\"1\" data-animation=\"\" data-delay=\"0\" >\n\t\t<div class=\"vc_column-inner\" >\n\t\t\t<div class=\"wpb_wrapper\">\n\t\t\t\t<div class=\"nectar-split-heading\" data-align=\"default\" data-m-align=\"inherit\" data-text-effect=\"default\" data-animation-type=\"default\" data-animation-delay=\"0\" data-animation-offset=\"\" data-m-rm-animation=\"\" data-stagger=\"\" data-custom-font-size=\"false\" ><div class=\"heading-line\" > <div><h2 style=\"color: #1e83ec\"><span style=\"color: #000000\">Revendedores e\u00a0<\/span><\/h2> <\/div> <\/div><div class=\"heading-line\" > <div><h2 style=\"color: #1e83ec\"><span style=\"color: #000000\">Benef\u00edcios dos parceiros<\/span><\/h2> <\/div> <\/div><\/div><div id=\"fws_69dad86fe61ee\" data-midnight=\"\" data-column-margin=\"default\" class=\"wpb_row vc_row-fluid vc_row inner_row\"  style=\"padding-top: 15px; \"><div class=\"row-bg-wrap\"> <div class=\"row-bg\" ><\/div> <\/div><div class=\"row_col_wrap_12_inner col span_12  left\">\n\t<div  class=\"vc_col-sm-12 wpb_column column_container vc_column_container col child_column has-animation no-extra-padding inherit_tablet inherit_phone\"   data-padding-pos=\"all\" data-has-bg-color=\"false\" data-bg-color=\"\" data-bg-opacity=\"1\" data-animation=\"fade-in-from-bottom\" data-delay=\"0\" >\n\t\t<div class=\"vc_column-inner\" >\n\t\t<div class=\"wpb_wrapper\">\n\t\t\t\n<div class=\"wpb_text_column wpb_content_element\" >\n\t<div class=\"wpb_wrapper\">\n\t\t<p data-pm-slice=\"1 3 &#091;&#093;\">Em <strong>FOS Consulting.<\/strong>Oferecemos um programa de revenda concebido para aqueles que desejam comercializar as nossas solu\u00e7\u00f5es tecnol\u00f3gicas para o mercado dos servi\u00e7os alimentares. Este acordo permite-lhe estabelecer uma parceria connosco e tirar partido de uma estrutura de comiss\u00f5es atractiva, apoio t\u00e9cnico dedicado e acesso exclusivo \u00e0s nossas ferramentas e recursos.<\/p>\n<h4>Defini\u00e7\u00f5es-chave<\/h4>\n<ul data-spread=\"false\">\n<li><strong>Produtos e servi\u00e7os<\/strong>Solu\u00e7\u00f5es de software, hardware e servi\u00e7os especializados para a gest\u00e3o eficiente do mercado da restaura\u00e7\u00e3o.<\/li>\n<li><strong>Clientes finais<\/strong>Empresas e profissionais que adquirem as nossas solu\u00e7\u00f5es atrav\u00e9s dos nossos revendedores.<\/li>\n<li><strong>Territ\u00f3rio<\/strong>: Espanha.<\/li>\n<\/ul>\n<h4>Obriga\u00e7\u00f5es e benef\u00edcios para os parceiros<\/h4>\n<h5>Obriga\u00e7\u00f5es do FOS<\/h5>\n<ul data-spread=\"false\">\n<li>Prestar o servi\u00e7o, a aten\u00e7\u00e3o, a implementa\u00e7\u00e3o e o apoio necess\u00e1rios diretamente ao cliente final.<\/li>\n<li>Mant\u00ea-lo informado sobre actualiza\u00e7\u00f5es e altera\u00e7\u00f5es relevantes aos nossos produtos e servi\u00e7os.<\/li>\n<li>Assegurar um apoio t\u00e9cnico de alta qualidade para si e para os seus clientes.<\/li>\n<\/ul>\n<h5>Obriga\u00e7\u00f5es do revendedor<\/h5>\n<ul data-spread=\"false\">\n<li>Promover ativamente as nossas solu\u00e7\u00f5es e servi\u00e7os de acordo com as orienta\u00e7\u00f5es estabelecidas.<\/li>\n<li>Coordenar com o FOS a resolu\u00e7\u00e3o de incidentes e manter uma comunica\u00e7\u00e3o fluida com os clientes.<\/li>\n<li>Proteger a confidencialidade das informa\u00e7\u00f5es partilhadas durante a colabora\u00e7\u00e3o.<\/li>\n<\/ul>\n\t<\/div>\n<\/div>\n\n\n\n\n\t\t<\/div> \n\t<\/div>\n\t<\/div> \n<\/div><\/div>\n\t\t\t<\/div> \n\t\t<\/div>\n\t<\/div> \n\n\t<div  class=\"vc_col-sm-3 wpb_column column_container vc_column_container col padding-2-percent inherit_tablet inherit_phone\"  data-padding-pos=\"all\" data-has-bg-color=\"false\" data-bg-color=\"\" data-bg-opacity=\"1\" data-animation=\"\" data-delay=\"0\" >\n\t\t<div class=\"vc_column-inner\" >\n\t\t\t<div class=\"wpb_wrapper\">\n\t\t\t\t\n<div class=\"wpb_text_column wpb_content_element  vc_custom_1735797825081\" >\n\t<div class=\"wpb_wrapper\">\n\t\t<h5>Parceiro autorizado<\/h5>\n\t<\/div>\n<\/div>\n\n\n\n<div class=\"nectar-fancy-ul\" data-list-icon=\"icon-salient-thin-line\" data-animation=\"true\" data-animation-delay=\"0\" data-color=\"extra-color-3\" data-spacing=\"default\" data-alignment=\"left\"> \n<ul>\n<li>10% Assinaturas.**<\/li>\n<li>20% ConnectManager.** Integra\u00e7\u00f5es<\/li>\n<li>20% Manuten\u00e7\u00e3o.** 20% Manuten\u00e7\u00e3o.** 20% Manuten\u00e7\u00e3o.** 20% Manuten\u00e7\u00e3o.** 20%<\/li>\n<li>20% Servi\u00e7os profissionais.<\/li>\n<li>5% Hardware Concord.<\/li>\n<li>5% Ruijie Hardware.<\/li>\n<li>3% Gest\u00e3o de tesouraria.<\/li>\n<\/ul>\n <\/div><div class=\"divider-wrap\" data-alignment=\"default\"><div style=\"height: 20px;\" class=\"divider\"><\/div><\/div>\n<div class=\"wpb_text_column wpb_content_element  vc_custom_1735798416500\" >\n\t<div class=\"wpb_wrapper\">\n\t\t<h5>Condi\u00e7\u00f5es<\/h5>\n\t<\/div>\n<\/div>\n\n\n\n<div class=\"nectar-fancy-ul\" data-list-icon=\"icon-salient-thin-line\" data-animation=\"true\" data-animation-delay=\"0\" data-color=\"extra-color-3\" data-spacing=\"default\" data-alignment=\"left\"> <span style=\"color: #808080;\">Para se tornar um \"Prime Partner\", ter\u00e1 de adquirir os seus primeiros 3 clientes atrav\u00e9s do seu consultor pessoal.<\/span><br \/>\n<span style=\"color: #808080;\">Para manter as condi\u00e7\u00f5es econ\u00f3micas de \"Prime Partner\", deve ser atingido um m\u00ednimo de 5 clientes por ano.<\/span><\/p>\n<p><span style=\"color: #808080;\">**As taxas de subscri\u00e7\u00e3o s\u00e3o v\u00e1lidas para o primeiro ano do contrato com o cliente final.<\/span> <\/div>\n\t\t\t<\/div> \n\t\t<\/div>\n\t<\/div> \n\n\t<div  class=\"vc_col-sm-3 wpb_column column_container vc_column_container col padding-2-percent inherit_tablet inherit_phone\"  data-padding-pos=\"all\" data-has-bg-color=\"false\" data-bg-color=\"\" data-bg-opacity=\"1\" data-animation=\"\" data-delay=\"0\" >\n\t\t<div class=\"vc_column-inner\" >\n\t\t\t<div class=\"wpb_wrapper\">\n\t\t\t\t\n<div class=\"wpb_text_column wpb_content_element  vc_custom_1735797855864\" >\n\t<div class=\"wpb_wrapper\">\n\t\t<h5>Parceiro principal<\/h5>\n\t<\/div>\n<\/div>\n\n\n\n<div class=\"nectar-fancy-ul\" data-list-icon=\"icon-salient-thin-line\" data-animation=\"true\" data-animation-delay=\"0\" data-color=\"extra-color-3\" data-spacing=\"default\" data-alignment=\"left\"> \n<ul>\n<li>10% Assinaturas.**<\/li>\n<li>30% ConnectManager.** Integra\u00e7\u00f5es<\/li>\n<li>30% Manuten\u00e7\u00f5es.** 30% Manuten\u00e7\u00f5es.** 30% Manuten\u00e7\u00f5es.<\/li>\n<li>30% Servi\u00e7os profissionais.<\/li>\n<li>7% Hardware Concord.<\/li>\n<li>10% Ruijie Hardware.<\/li>\n<li>5% Gest\u00e3o de tesouraria.<\/li>\n<\/ul>\n <\/div><div class=\"divider-wrap\" data-alignment=\"default\"><div style=\"height: 20px;\" class=\"divider\"><\/div><\/div>\n<div class=\"wpb_text_column wpb_content_element  vc_custom_1735798189369\" >\n\t<div class=\"wpb_wrapper\">\n\t\t<h5>Condi\u00e7\u00f5es do parceiro principal<\/h5>\n\t<\/div>\n<\/div>\n\n\n\n<div class=\"nectar-fancy-ul\" data-list-icon=\"icon-salient-thin-line\" data-animation=\"true\" data-animation-delay=\"0\" data-color=\"extra-color-3\" data-spacing=\"default\" data-alignment=\"left\"> <span style=\"color: #808080;\">Obter os primeiros 10 clientes no primeiro ano, juntamente com um consultor pessoal.<\/span><\/p>\n<p><span style=\"color: #808080;\">Manter um m\u00ednimo de 5 novos clientes por ano para manter as condi\u00e7\u00f5es econ\u00f3micas do programa.<\/span><\/p>\n<p><span style=\"color: #808080;\">Em caso de incumprimento dos objectivos, \u00e9 poss\u00edvel recuperar o estatuto atrav\u00e9s da obten\u00e7\u00e3o de 10 novos clientes adicionais.<\/span><\/p>\n<p><span style=\"color: #808080;\">**As comiss\u00f5es de subscri\u00e7\u00e3o s\u00e3o v\u00e1lidas para o primeiro ano do contrato com o cliente final.<\/span> <\/div>\n\t\t\t<\/div> \n\t\t<\/div>\n\t<\/div> \n<\/div><\/div>\n\t\t<div id=\"fws_69dad86fe7ad4\"  data-column-margin=\"default\" data-midnight=\"dark\"  class=\"wpb_row vc_row-fluid vc_row\"  style=\"padding-top: 0px; padding-bottom: 0px; \"><div class=\"row-bg-wrap\" data-bg-animation=\"none\" data-bg-animation-delay=\"\" data-bg-overlay=\"false\"><div class=\"inner-wrap row-bg-layer\" ><div class=\"row-bg viewport-desktop\"  style=\"\"><\/div><\/div><\/div><div class=\"row_col_wrap_12 col span_12 dark left\">\n\t<div  class=\"vc_col-sm-12 wpb_column column_container vc_column_container col no-extra-padding inherit_tablet inherit_phone\"  data-padding-pos=\"all\" data-has-bg-color=\"false\" data-bg-color=\"\" data-bg-opacity=\"1\" data-animation=\"\" data-delay=\"0\" >\n\t\t<div class=\"vc_column-inner\" >\n\t\t\t<div class=\"wpb_wrapper\">\n\t\t\t\t<div id=\"fws_69dad86fe8082\" data-midnight=\"\" data-column-margin=\"default\" class=\"wpb_row vc_row-fluid vc_row inner_row\"  style=\"\"><div class=\"row-bg-wrap\"> <div class=\"row-bg\" ><\/div> <\/div><div class=\"row_col_wrap_12_inner col span_12  left\">\n\t<div  class=\"vc_col-sm-12 wpb_column column_container vc_column_container col child_column has-animation no-extra-padding inherit_tablet inherit_phone\"   data-padding-pos=\"all\" data-has-bg-color=\"false\" data-bg-color=\"\" data-bg-opacity=\"1\" data-animation=\"fade-in-from-bottom\" data-delay=\"0\" >\n\t\t<div class=\"vc_column-inner\" >\n\t\t<div class=\"wpb_wrapper\">\n\t\t\t\n<div class=\"wpb_text_column wpb_content_element\" >\n\t<div class=\"wpb_wrapper\">\n\t\t<h3 style=\"text-align: center;\"><span style=\"color: #000000;\">Como aderir?<\/span><\/h3>\n<h4 style=\"text-align: center;\"><span style=\"color: #808080;\">Se estiver interessado em aderir ao nosso programa de revendedores, introduza o seu endere\u00e7o de correio eletr\u00f3nico no formul\u00e1rio abaixo para iniciar o processo de registo.<\/span><\/h4>\n\t<\/div>\n<\/div>\n\n\n\n\n\t\t<\/div> \n\t<\/div>\n\t<\/div> \n<\/div><\/div>\n\t\t\t<\/div> \n\t\t<\/div>\n\t<\/div> \n<\/div><\/div>\n\t\t<div id=\"fws_69dad86fe8837\"  data-column-margin=\"default\" data-midnight=\"dark\"  class=\"wpb_row vc_row-fluid vc_row\"  style=\"padding-top: 0px; padding-bottom: 0px; \"><div class=\"row-bg-wrap\" data-bg-animation=\"none\" data-bg-animation-delay=\"\" data-bg-overlay=\"false\"><div class=\"inner-wrap row-bg-layer\" ><div class=\"row-bg viewport-desktop\"  style=\"\"><\/div><\/div><\/div><div class=\"row_col_wrap_12 col span_12 dark left\">\n\t<div  class=\"vc_col-sm-12 wpb_column column_container vc_column_container col no-extra-padding inherit_tablet inherit_phone\"  data-padding-pos=\"all\" data-has-bg-color=\"false\" data-bg-color=\"\" data-bg-opacity=\"1\" data-animation=\"\" data-delay=\"0\" >\n\t\t<div class=\"vc_column-inner\" >\n\t\t\t<div class=\"wpb_wrapper\">\n\t\t\t\t\n\t<div class=\"wpb_raw_code wpb_raw_js\" >\n\t\t<div class=\"wpb_wrapper\">\n\t\t\t<script src=\"https:\/\/cdn.docuseal.com\/js\/form.js\"><\/script>\n\n<docuseal-form data-src=\"https:\/\/digitalsignature.fos.consulting\/d\/1Rk1MYUwmjSnDm\"><\/docuseal-form>\n\n\t\t<\/div>\n\t<\/div>\n\n\t\t\t<\/div> \n\t\t<\/div>\n\t<\/div> \n<\/div><\/div>","protected":false},"excerpt":{"rendered":"Resellers y\u00a0 Beneficios para Asociados En FOS Consulting., ofrecemos un programa de reseller dise\u00f1ado para aquellos que desean comercializar nuestras soluciones tecnol\u00f3gicas en el mercado...","protected":false},"author":1,"featured_media":0,"parent":0,"menu_order":0,"comment_status":"closed","ping_status":"closed","template":"","meta":{"footnotes":""},"class_list":["post-31456","page","type-page","status-publish"],"jetpack_sharing_enabled":true,"jetpack-related-posts":[],"jetpack_shortlink":"https:\/\/wp.me\/PfY7gm-8bm","_links":{"self":[{"href":"https:\/\/fos.consulting\/pt\/wp-json\/wp\/v2\/pages\/31456","targetHints":{"allow":["GET"]}}],"collection":[{"href":"https:\/\/fos.consulting\/pt\/wp-json\/wp\/v2\/pages"}],"about":[{"href":"https:\/\/fos.consulting\/pt\/wp-json\/wp\/v2\/types\/page"}],"author":[{"embeddable":true,"href":"https:\/\/fos.consulting\/pt\/wp-json\/wp\/v2\/users\/1"}],"replies":[{"embeddable":true,"href":"https:\/\/fos.consulting\/pt\/wp-json\/wp\/v2\/comments?post=31456"}],"version-history":[{"count":26,"href":"https:\/\/fos.consulting\/pt\/wp-json\/wp\/v2\/pages\/31456\/revisions"}],"predecessor-version":[{"id":31483,"href":"https:\/\/fos.consulting\/pt\/wp-json\/wp\/v2\/pages\/31456\/revisions\/31483"}],"wp:attachment":[{"href":"https:\/\/fos.consulting\/pt\/wp-json\/wp\/v2\/media?parent=31456"}],"curies":[{"name":"wp","href":"https:\/\/api.w.org\/{rel}","templated":true}]}}