{"id":3899,"date":"2019-10-23T12:39:34","date_gmt":"2019-10-23T12:39:34","guid":{"rendered":"https:\/\/fos.consulting\/?page_id=3899"},"modified":"2019-10-23T13:03:23","modified_gmt":"2019-10-23T13:03:23","slug":"politica-de-cookies","status":"publish","type":"page","link":"https:\/\/fos.consulting\/pt\/politica-de-cookies\/","title":{"rendered":"Pol\u00edtica de cookies"},"content":{"rendered":"<div id=\"fws_69e359a035cb2\"  data-column-margin=\"default\" data-midnight=\"dark\"  class=\"wpb_row vc_row-fluid vc_row full-width-content vc_row-o-equal-height vc_row-flex vc_row-o-content-top\"  style=\"padding-top: 0px; padding-bottom: 0px; \"><div class=\"row-bg-wrap\" data-bg-animation=\"none\" data-bg-animation-delay=\"\" data-bg-overlay=\"false\"><div class=\"inner-wrap row-bg-layer\" ><div class=\"row-bg viewport-desktop\"  style=\"\"><\/div><\/div><\/div><div class=\"row_col_wrap_12 col span_12 dark left\">\n\t<div style=\"\" class=\"vc_col-sm-12 wpb_column column_container vc_column_container col padding-8-percent\" data-using-bg=\"true\" data-padding-pos=\"all\" data-has-bg-color=\"true\" data-bg-color=\"#ffffff\" data-bg-opacity=\"1\" data-animation=\"\" data-delay=\"0\" >\n\t\t<div class=\"vc_column-inner\" ><div class=\"column-bg-overlay-wrap column-bg-layer\" data-bg-animation=\"none\"><div class=\"column-bg-overlay\" style=\"opacity: 1; background-color: #ffffff;\"><\/div><\/div>\n\t\t\t<div class=\"wpb_wrapper\">\n\t\t\t\t<div class=\"col span_12 section-title text-align-center extra-padding\"><h2>\n<h2>POL\u00cdTICA DE COOKIES<\/h2>\n<\/h2><\/div><div class=\"clear\"><\/div>\n<div class=\"wpb_text_column wpb_content_element\" >\n\t<div class=\"wpb_wrapper\">\n\t\t<h4 style=\"text-align: left;\"><strong>1. informa\u00e7\u00f5es gerais<\/strong><\/h4>\n<p style=\"text-align: left;\">A seguir, o Utilizador recebe informa\u00e7\u00f5es gerais sobre o que s\u00e3o cookies e que tipos de cookies existem.<\/p>\n<h5 style=\"text-align: left;\"><strong>O que s\u00e3o bolachas?<\/strong><\/h5>\n<p style=\"text-align: left;\">Os cookies e outros dispositivos semelhantes, como pixels, web bugs, etc., s\u00e3o ficheiros de texto ou de imagem que s\u00e3o instalados no navegador do utilizador quando este acede a um servi\u00e7o em linha.<\/p>\n<p style=\"text-align: left;\">Os cookies permitem, entre outras coisas, armazenar e recuperar informa\u00e7\u00f5es sobre o utilizador, o navegador do utilizador, os dispositivos do utilizador e a atividade do utilizador no servi\u00e7o ao qual o utilizador se liga.<\/p>\n<h4 style=\"text-align: left;\"><strong>2) Informa\u00e7\u00f5es espec\u00edficas<\/strong><\/h4>\n<p style=\"text-align: left;\"><strong>Como desativar ou apagar cookies?<\/strong><\/p>\n<p style=\"text-align: left;\">Ao aceder ao servi\u00e7o pela primeira vez, o utilizador ver\u00e1 um aviso de cookie que o informa sobre a forma como pode dar ou recusar o seu consentimento.<\/p>\n<p style=\"text-align: left;\">Caso o utilizador tenha dado o seu consentimento, pode, a qualquer momento, desativar ou apagar os cookies acima referidos, configurando as op\u00e7\u00f5es do navegador utilizadas no seu dispositivo ou terminal.<\/p>\n<p style=\"text-align: left;\">No entanto, os utilizadores devem ter em conta que, se rejeitarem ou apagarem os cookies, n\u00e3o poderemos manter as suas prefer\u00eancias e algumas funcionalidades n\u00e3o estar\u00e3o operacionais, pelo que n\u00e3o poderemos oferecer-lhes servi\u00e7os personalizados e, cada vez que utilizarem o servi\u00e7o, aparecer\u00e3o como um novo utilizador a quem ser\u00e1 pedido que autorize a utiliza\u00e7\u00e3o de cookies.<\/p>\n<p style=\"text-align: left;\">Abaixo, fornecemos links onde o utilizador encontrar\u00e1 informa\u00e7\u00f5es sobre como desativar os cookies e similares nos principais browsers:<\/p>\n<p style=\"text-align: left;\"><a href=\"https:\/\/support.google.com\/chrome\/bin\/answer.py?hl=es&amp;answer=95647\">Defini\u00e7\u00f5es de cookies para o Google Chrome<\/a><\/p>\n<p style=\"text-align: left;\"><a href=\"https:\/\/support.mozilla.org\/es\/kb\/cookies-informacion-que-los-sitios-web-guardan-en-?redirectlocale=en-US&amp;redirectslug=Cookies\">Defini\u00e7\u00f5es de cookies para o Mozilla Firefox<\/a><\/p>\n<p style=\"text-align: left;\"><a href=\"https:\/\/support.microsoft.com\/es-es\/help\/278835\/how-to-delete-cookie-files-in-internet-explorer\">Defini\u00e7\u00f5es de cookies para o Internet Explorer<\/a><\/p>\n<p style=\"text-align: left;\"><a href=\"https:\/\/support.apple.com\/kb\/HT1677?viewlocale=es_ES\">Defini\u00e7\u00f5es de cookies para o Safari<\/a><\/p>\n<p style=\"text-align: left;\"><strong>Como \u00e9 que a utiliza\u00e7\u00e3o de cookies afecta a prote\u00e7\u00e3o dos dados pessoais do utilizador?<\/strong><\/p>\n<p style=\"text-align: left;\">A maioria dos cookies recolhe informa\u00e7\u00f5es an\u00f3nimas, que n\u00e3o permitem obter a identidade do utilizador, embora alguns dos c\u00f3digos inclu\u00eddos sejam utilizados para identificar ou individualizar o navegador do dispositivo utilizado, e podem estar sujeitos aos regulamentos sobre prote\u00e7\u00e3o de dados pessoais. Por conseguinte, informamos que as informa\u00e7\u00f5es obtidas atrav\u00e9s dos cookies ser\u00e3o tratadas para os fins indicados na presente Pol\u00edtica de Cookies. Da mesma forma, esta informa\u00e7\u00e3o tamb\u00e9m ser\u00e1 tratada pelas empresas que fornecem cookies para os fins indicados nas suas respectivas pol\u00edticas de privacidade.<\/p>\n<p style=\"text-align: left;\">No entanto, tendo em conta que estes c\u00f3digos n\u00e3o permitem a identifica\u00e7\u00e3o do Utilizador, os direitos de acesso, retifica\u00e7\u00e3o, supress\u00e3o, oposi\u00e7\u00e3o, limita\u00e7\u00e3o e portabilidade reconhecidos nos regulamentos de prote\u00e7\u00e3o de dados n\u00e3o ser\u00e3o aplic\u00e1veis, a menos que o Utilizador possa fornecer informa\u00e7\u00f5es adicionais que permitam associar a sua identidade aos c\u00f3digos de identifica\u00e7\u00e3o dos seus cookies.<\/p>\n<p style=\"text-align: left;\">Se o utilizador considerar que o seu direito \u00e0 prote\u00e7\u00e3o de dados foi violado, pode apresentar uma queixa \u00e0 Ag\u00eancia Espanhola de Prote\u00e7\u00e3o de Dados (<a href=\"http:\/\/www.aepd.es\/\">www.aepd.es<\/a>).<\/p>\n\t<\/div>\n<\/div>\n\n\n\n\n\t\t\t<\/div> \n\t\t<\/div>\n\t<\/div> \n<\/div><\/div>","protected":false},"excerpt":{"rendered":"POL\u00cdTICA DE COOKIES 1. Informaci\u00f3n General A continuaci\u00f3n, se ofrece al Usuario informaci\u00f3n general sobre qu\u00e9 son las cookies y qu\u00e9 tipos de cookies existen....","protected":false},"author":2,"featured_media":0,"parent":0,"menu_order":0,"comment_status":"closed","ping_status":"closed","template":"","meta":{"footnotes":""},"class_list":["post-3899","page","type-page","status-publish"],"jetpack_sharing_enabled":true,"jetpack-related-posts":[],"jetpack_shortlink":"https:\/\/wp.me\/PfY7gm-10T","_links":{"self":[{"href":"https:\/\/fos.consulting\/pt\/wp-json\/wp\/v2\/pages\/3899","targetHints":{"allow":["GET"]}}],"collection":[{"href":"https:\/\/fos.consulting\/pt\/wp-json\/wp\/v2\/pages"}],"about":[{"href":"https:\/\/fos.consulting\/pt\/wp-json\/wp\/v2\/types\/page"}],"author":[{"embeddable":true,"href":"https:\/\/fos.consulting\/pt\/wp-json\/wp\/v2\/users\/2"}],"replies":[{"embeddable":true,"href":"https:\/\/fos.consulting\/pt\/wp-json\/wp\/v2\/comments?post=3899"}],"version-history":[{"count":6,"href":"https:\/\/fos.consulting\/pt\/wp-json\/wp\/v2\/pages\/3899\/revisions"}],"predecessor-version":[{"id":3902,"href":"https:\/\/fos.consulting\/pt\/wp-json\/wp\/v2\/pages\/3899\/revisions\/3902"}],"wp:attachment":[{"href":"https:\/\/fos.consulting\/pt\/wp-json\/wp\/v2\/media?parent=3899"}],"curies":[{"name":"wp","href":"https:\/\/api.w.org\/{rel}","templated":true}]}}