{"id":39070,"date":"2025-03-23T08:57:06","date_gmt":"2025-03-23T07:57:06","guid":{"rendered":"https:\/\/fos.consulting\/?page_id=39070"},"modified":"2025-04-03T09:55:33","modified_gmt":"2025-04-03T08:55:33","slug":"lista-de-espera-verifactu-agora","status":"publish","type":"page","link":"https:\/\/fos.consulting\/pt\/lista-de-espera-verifactu-agora\/","title":{"rendered":"Lista de espera verifactu"},"content":{"rendered":"<div id=\"fws_69e911f243040\"  data-column-margin=\"default\" data-midnight=\"dark\"  class=\"wpb_row vc_row-fluid vc_row\"  style=\"padding-top: 0px; padding-bottom: 0px; \"><div class=\"row-bg-wrap\" data-bg-animation=\"none\" data-bg-animation-delay=\"\" data-bg-overlay=\"false\"><div class=\"inner-wrap row-bg-layer\" ><div class=\"row-bg viewport-desktop\"  style=\"\"><\/div><\/div><\/div><div class=\"row_col_wrap_12 col span_12 dark left\">\n\t<div  class=\"vc_col-sm-12 wpb_column column_container vc_column_container col no-extra-padding inherit_tablet inherit_phone\"  data-padding-pos=\"all\" data-has-bg-color=\"false\" data-bg-color=\"\" data-bg-opacity=\"1\" data-animation=\"\" data-delay=\"0\" >\n\t\t<div class=\"vc_column-inner\" >\n\t\t\t<div class=\"wpb_wrapper\">\n\t\t\t\t\n<div class=\"wpb_text_column wpb_content_element\" >\n\t<div class=\"wpb_wrapper\">\n\t\t<p>Estamos a trabalhar para lhe oferecer uma implementa\u00e7\u00e3o segura e 100% adaptada ao novo regulamento Verifactu. Entre na lista de espera e seja um dos primeiros a activ\u00e1-la.<\/p>\n\t<\/div>\n<\/div>\n\n\n\n\n\t\t\t<\/div> \n\t\t<\/div>\n\t<\/div> \n<\/div><\/div>\n\t\t<div id=\"fws_69e911f243e7f\"  data-column-margin=\"default\" data-midnight=\"dark\"  class=\"wpb_row vc_row-fluid vc_row\"  style=\"padding-top: 0px; padding-bottom: 0px; \"><div class=\"row-bg-wrap\" data-bg-animation=\"none\" data-bg-animation-delay=\"\" data-bg-overlay=\"false\"><div class=\"inner-wrap row-bg-layer\" ><div class=\"row-bg viewport-desktop\"  style=\"\"><\/div><\/div><\/div><div class=\"row_col_wrap_12 col span_12 dark left\">\n\t<div  class=\"vc_col-sm-12 wpb_column column_container vc_column_container col no-extra-padding inherit_tablet inherit_phone\"  data-padding-pos=\"all\" data-has-bg-color=\"false\" data-bg-color=\"\" data-bg-opacity=\"1\" data-animation=\"\" data-delay=\"0\" >\n\t\t<div class=\"vc_column-inner\" >\n\t\t\t<div class=\"wpb_wrapper\">\n\t\t\t\t<div class=\"wpforms-container wpforms-container-full wpforms-container-save-resume\" id=\"wpforms-39066\"><form id=\"wpforms-form-39066\" class=\"wpforms-validate wpforms-form wpforms-ajax-form\" data-formid=\"39066\" method=\"post\" enctype=\"multipart\/form-data\" action=\"\/pt\/wp-json\/wp\/v2\/pages\/39070\" data-token=\"9971e161742dd4ef68338508c05dcfbb\" data-token-time=\"1776882162\" data-trp-original-action=\"\/pt\/wp-json\/wp\/v2\/pages\/39070\"><noscript class=\"wpforms-error-noscript\">Please enable JavaScript in your browser to complete this form.<\/noscript><div class=\"wpforms-field-container\"><div id=\"wpforms-39066-field_1-container\" class=\"wpforms-field wpforms-field-text\" data-field-id=\"1\"><label class=\"wpforms-field-label\" for=\"wpforms-39066-field_1\">Nome fiscal da empresa <span class=\"wpforms-required-label\">*<\/span><\/label><input type=\"text\" id=\"wpforms-39066-field_1\" class=\"wpforms-field-large wpforms-field-required\" name=\"wpforms[fields][1]\" required><div class=\"wpforms-field-description\">Para identificar o cliente.<\/div><\/div><div id=\"wpforms-39066-field_7-container\" class=\"wpforms-field wpforms-field-text\" data-field-id=\"7\"><label class=\"wpforms-field-label\" for=\"wpforms-39066-field_7\">Nome comercial <span class=\"wpforms-required-label\">*<\/span><\/label><input type=\"text\" id=\"wpforms-39066-field_7\" class=\"wpforms-field-large wpforms-field-required\" name=\"wpforms[fields][7]\" required><div class=\"wpforms-field-description\">Localizar as instala\u00e7\u00f5es e a sua licen\u00e7a.<\/div><\/div><div id=\"wpforms-39066-field_9-container\" class=\"wpforms-field wpforms-field-text\" data-field-id=\"9\"><label class=\"wpforms-field-label\" for=\"wpforms-39066-field_9\">N\u00daMERO DE IVA \/ N\u00daMERO DE IDENTIFICA\u00c7\u00c3O FISCAL <span class=\"wpforms-required-label\">*<\/span><\/label><input type=\"text\" id=\"wpforms-39066-field_9\" class=\"wpforms-field-large wpforms-field-required\" name=\"wpforms[fields][9]\" required><div class=\"wpforms-field-description\">Para validar a empresa e evitar duplica\u00e7\u00f5es.<\/div><\/div><div id=\"wpforms-39066-field_8-container\" class=\"wpforms-field wpforms-field-text\" data-field-id=\"8\"><label class=\"wpforms-field-label\" for=\"wpforms-39066-field_8\">Pessoa de contacto <span class=\"wpforms-required-label\">*<\/span><\/label><input type=\"text\" id=\"wpforms-39066-field_8\" class=\"wpforms-field-large wpforms-field-required\" name=\"wpforms[fields][8]\" required><div class=\"wpforms-field-description\">Nome e apelido da pessoa que gere a atualiza\u00e7\u00e3o.<\/div><\/div><div id=\"wpforms-39066-field_5-container\" class=\"wpforms-field wpforms-field-email\" data-field-id=\"5\"><label class=\"wpforms-field-label\" for=\"wpforms-39066-field_5\">E-mail de contacto <span class=\"wpforms-required-label\">*<\/span><\/label><input type=\"email\" id=\"wpforms-39066-field_5\" class=\"wpforms-field-large wpforms-field-required\" name=\"wpforms[fields][5]\" spellcheck=\"false\" required><div class=\"wpforms-field-description\">Para confirmar o registo e futuras comunica\u00e7\u00f5es.<\/div><\/div><div id=\"wpforms-39066-field_6-container\" class=\"wpforms-field wpforms-field-phone\" data-field-id=\"6\"><label class=\"wpforms-field-label\" for=\"wpforms-39066-field_6\">N\u00famero de telefone de contacto <span class=\"wpforms-required-label\">*<\/span><\/label><input type=\"tel\" id=\"wpforms-39066-field_6\" class=\"wpforms-field-large wpforms-field-required wpforms-smart-phone-field\" data-rule-smart-phone-field=\"true\" name=\"wpforms[fields][6]\" aria-label=\"N\u00famero de telefone de contacto\" required><div class=\"wpforms-field-description\">\u00datil para confirmar pormenores ou emerg\u00eancias.<\/div><\/div><div id=\"wpforms-39066-field_10-container\" class=\"wpforms-field wpforms-field-number-slider\" data-field-id=\"10\"><label class=\"wpforms-field-label\" for=\"wpforms-39066-field_10\">N\u00famero de estabelecimentos \/ centros<\/label>\n<input\n\ttype=\"range\"\n\tid=\"wpforms-39066-field_10\" class=\"wpforms-field-large\" name=\"wpforms[fields][10]\" value=\"0\"\t\tmin=\"0\"\n\tmax=\"100\"\n\tstep=\"1\">\n\n<div class=\"wpforms-field-number-slider-hint\"\n\tdata-hint=\"Valor seleccionado: {value}\">\n\tValor selecionado: <b>0<\/b><\/div>\n<div class=\"wpforms-field-description\">Para o dimensionamento e planeamento do sistema.<\/div><\/div><div id=\"wpforms-39066-field_11-container\" class=\"wpforms-field wpforms-field-text\" data-field-id=\"11\"><label class=\"wpforms-field-label\" for=\"wpforms-39066-field_11\">Vers\u00e3o atual do Agora<\/label><input type=\"text\" id=\"wpforms-39066-field_11\" class=\"wpforms-field-large\" name=\"wpforms[fields][11]\" ><div class=\"wpforms-field-description\">Para saber se \u00e9 necess\u00e1rio um salto interm\u00e9dio antes da atualiza\u00e7\u00e3o.<\/div><\/div><div id=\"wpforms-39066-field_3-container\" class=\"wpforms-field wpforms-field-textarea\" data-field-id=\"3\"><label class=\"wpforms-field-label\" for=\"wpforms-39066-field_3\">Observa\u00e7\u00f5es adicionais \/ Coment\u00e1rios<\/label><textarea id=\"wpforms-39066-field_3\" class=\"wpforms-field-medium\" name=\"wpforms[fields][3]\" ><\/textarea><div class=\"wpforms-field-description\">Espa\u00e7o livre se quiser explicar algo relevante.<\/div><\/div><\/div><!-- .wpforms-field-container --><div class=\"wpforms-submit-container\" ><input type=\"hidden\" name=\"wpforms[id]\" value=\"39066\"><input type=\"hidden\" name=\"page_title\" value=\"\"><input type=\"hidden\" name=\"page_url\" value=\"https:\/\/fos.consulting\/pt\/wp-json\/wp\/v2\/pages\/39070\"><input type=\"hidden\" name=\"url_referer\" value=\"\"><button type=\"submit\" name=\"wpforms[submit]\" id=\"wpforms-submit-39066\" class=\"wpforms-submit\" data-alt-text=\"Enviando...\" data-submit-text=\"Enviar\" aria-live=\"assertive\" value=\"wpforms-submit\">Enviar<\/button><img loading=\"lazy\" decoding=\"async\" src=\"https:\/\/fos.consulting\/wp-content\/plugins\/wpforms\/assets\/images\/submit-spin.svg\" class=\"wpforms-submit-spinner\" style=\"display: none;\" width=\"26\" height=\"26\" alt=\"Loading\"><\/div><input type=\"hidden\" name=\"trp-form-language\" value=\"pt\"\/><\/form><\/div>  <!-- .wpforms-container -->\n\t\t\t<\/div> \n\t\t<\/div>\n\t<\/div> \n<\/div><\/div>","protected":false},"excerpt":{"rendered":"Estamos trabajando para ofrecerte una implantaci\u00f3n segura y 100% adaptada a la nueva normativa Verifactu. Inscr\u00edbete en la lista de espera y s\u00e9 de los...","protected":false},"author":162,"featured_media":0,"parent":0,"menu_order":0,"comment_status":"closed","ping_status":"closed","template":"","meta":{"footnotes":""},"class_list":["post-39070","page","type-page","status-publish"],"jetpack_sharing_enabled":true,"jetpack-related-posts":[],"jetpack_shortlink":"https:\/\/wp.me\/PfY7gm-aaa","_links":{"self":[{"href":"https:\/\/fos.consulting\/pt\/wp-json\/wp\/v2\/pages\/39070","targetHints":{"allow":["GET"]}}],"collection":[{"href":"https:\/\/fos.consulting\/pt\/wp-json\/wp\/v2\/pages"}],"about":[{"href":"https:\/\/fos.consulting\/pt\/wp-json\/wp\/v2\/types\/page"}],"author":[{"embeddable":true,"href":"https:\/\/fos.consulting\/pt\/wp-json\/wp\/v2\/users\/162"}],"replies":[{"embeddable":true,"href":"https:\/\/fos.consulting\/pt\/wp-json\/wp\/v2\/comments?post=39070"}],"version-history":[{"count":9,"href":"https:\/\/fos.consulting\/pt\/wp-json\/wp\/v2\/pages\/39070\/revisions"}],"predecessor-version":[{"id":39329,"href":"https:\/\/fos.consulting\/pt\/wp-json\/wp\/v2\/pages\/39070\/revisions\/39329"}],"wp:attachment":[{"href":"https:\/\/fos.consulting\/pt\/wp-json\/wp\/v2\/media?parent=39070"}],"curies":[{"name":"wp","href":"https:\/\/api.w.org\/{rel}","templated":true}]}}