{"id":39177,"date":"2025-03-26T06:49:54","date_gmt":"2025-03-26T05:49:54","guid":{"rendered":"https:\/\/fos.consulting\/?page_id=39177"},"modified":"2025-07-07T09:57:31","modified_gmt":"2025-07-07T08:57:31","slug":"contenido-obligatorio-en-tickets-o-facturas-espana","status":"publish","type":"page","link":"https:\/\/fos.consulting\/pt\/contenido-obligatorio-en-tickets-o-facturas-espana\/","title":{"rendered":"Contenido obligatorio en tickets o facturas espa\u00f1a"},"content":{"rendered":"<div id=\"fws_69daed45aae90\"  data-column-margin=\"default\" data-midnight=\"dark\"  class=\"wpb_row vc_row-fluid vc_row\"  style=\"padding-top: 0px; padding-bottom: 0px; \"><div class=\"row-bg-wrap\" data-bg-animation=\"none\" data-bg-animation-delay=\"\" data-bg-overlay=\"false\"><div class=\"inner-wrap row-bg-layer\" ><div class=\"row-bg viewport-desktop\"  style=\"\"><\/div><\/div><\/div><div class=\"row_col_wrap_12 col span_12 dark left\">\n\t<div  class=\"vc_col-sm-12 wpb_column column_container vc_column_container col no-extra-padding inherit_tablet inherit_phone\"  data-padding-pos=\"all\" data-has-bg-color=\"false\" data-bg-color=\"\" data-bg-opacity=\"1\" data-animation=\"\" data-delay=\"0\" >\n\t\t<div class=\"vc_column-inner\" >\n\t\t\t<div class=\"wpb_wrapper\">\n\t\t\t\t<h2 style=\"font-size: 48px;line-height: 57px;text-align: center\" class=\"vc_custom_heading vc_do_custom_heading\" >O SEU BILHETE CUMPRE OS REQUISITOS FISCAIS?<\/h2><p style=\"text-align: center\" class=\"vc_custom_heading vc_do_custom_heading\" ><a href=\"https:\/\/fos.consulting\/pt\/contacto\/\" title=\"Contacto\">Na FOS, ajudamo-lo a garantir que os seus recibos ou facturas simplificadas cumprem a regulamenta\u00e7\u00e3o em vigor, incluindo o formato obrigat\u00f3rio VERI*FACTU.<br \/>\nSe tiver d\u00favidas sobre como estruturar corretamente o seu bilhete, quais os dados a incluir ou como ativar o c\u00f3digo de verifica\u00e7\u00e3o QR, n\u00e3o hesite em contactar-nos. A nossa equipa acompanh\u00e1-lo-\u00e1 ao longo de todo o processo de conformidade fiscal.<\/a><\/p>\n\t\t\t<\/div> \n\t\t<\/div>\n\t<\/div> \n<\/div><\/div>\n\t\t<div id=\"steps\"  data-column-margin=\"default\" data-midnight=\"dark\" data-bottom-percent=\"5%\"  class=\"wpb_row vc_row-fluid vc_row full-width-section vc_row-o-equal-height vc_row-flex vc_row-o-content-middle\"  style=\"padding-top: 0px; padding-bottom: calc(100vw * 0.05); \"><div class=\"row-bg-wrap\" data-bg-animation=\"none\" data-bg-animation-delay=\"\" data-bg-overlay=\"false\"><div class=\"inner-wrap row-bg-layer\" ><div class=\"row-bg viewport-desktop using-bg-color\"  style=\"background-color: #ffffff; \"><\/div><\/div><\/div><div class=\"row_col_wrap_12 col span_12 dark left\">\n\t<div  class=\"vc_col-sm-1 wpb_column column_container vc_column_container col padding-5-percent inherit_tablet inherit_phone\"  data-padding-pos=\"all\" data-has-bg-color=\"false\" data-bg-color=\"\" data-bg-opacity=\"1\" data-animation=\"\" data-delay=\"0\" >\n\t\t<div class=\"vc_column-inner\" >\n\t\t\t<div class=\"wpb_wrapper\">\n\t\t\t\t\n\t\t\t<\/div> \n\t\t<\/div>\n\t<\/div> \n\n\t<div  class=\"vc_col-sm-5 vc_col-xs-12 wpb_column column_container vc_column_container col padding-3-percent inherit_tablet inherit_phone\"  data-padding-pos=\"all\" data-has-bg-color=\"false\" data-bg-color=\"\" data-bg-opacity=\"1\" data-animation=\"\" data-delay=\"0\" >\n\t\t<div class=\"vc_column-inner\" >\n\t\t\t<div class=\"wpb_wrapper\">\n\t\t\t\t<div class=\"img-with-aniamtion-wrap\" data-max-width=\"100%\" data-max-width-mobile=\"default\" data-shadow=\"none\" data-animation=\"fade-in-from-left\" >\n      <div class=\"inner\">\n        <div class=\"hover-wrap\"> \n          <div class=\"hover-wrap-inner\">\n            <img loading=\"lazy\" decoding=\"async\" class=\"img-with-animation skip-lazy\" data-delay=\"0\" height=\"932\" width=\"398\" data-animation=\"fade-in-from-left\" src=\"https:\/\/fos.consulting\/wp-content\/uploads\/2025\/07\/ticket-verifactu.avif\" alt=\"ticket verifactu\" srcset=\"https:\/\/fos.consulting\/wp-content\/uploads\/2025\/07\/ticket-verifactu.avif 398w, https:\/\/fos.consulting\/wp-content\/uploads\/2025\/07\/ticket-verifactu-128x300.avif 128w, https:\/\/fos.consulting\/wp-content\/uploads\/2025\/07\/ticket-verifactu-5x12.avif 5w\" sizes=\"auto, (max-width: 398px) 100vw, 398px\" \/>\n          <\/div>\n        <\/div>\n      <\/div>\n    <\/div>\n\t\t\t<\/div> \n\t\t<\/div>\n\t<\/div> \n\n\t<div  class=\"vc_col-sm-5 vc_col-xs-12 wpb_column column_container vc_column_container col padding-3-percent inherit_tablet inherit_phone\"  data-padding-pos=\"all\" data-has-bg-color=\"false\" data-bg-color=\"\" data-bg-opacity=\"1\" data-animation=\"\" data-delay=\"0\" >\n\t\t<div class=\"vc_column-inner\" >\n\t\t\t<div class=\"wpb_wrapper\">\n\t\t\t\t<div class=\"nectar-icon-list\" data-icon-color=\"default\" data-icon-style=\"border\" data-columns=\"3\" data-direction=\"vertical\" data-icon-size=\"small\" data-animate=\"true\"><div class=\"nectar-icon-list-item\"><div class=\"list-icon-holder\" data-icon_type=\"icon\"><i class=\"icon-default-style fa fa-file-text-o\" data-color=\"default\"><\/i><\/div><div class=\"content\"><h4>SEDE<\/h4><strong>Deve conter:<\/strong><br \/>\nLog\u00f3tipo ou marca (opcional, mas profissionalmente recomendado)<br \/>\nNome ou designa\u00e7\u00e3o da empresa<br \/>\nN\u00famero de IVA do emitente<br \/>\nEndere\u00e7o fiscal<br \/>\nEndere\u00e7o das instala\u00e7\u00f5es (se for diferente, deve figurar aqui)<br \/>\nDados de contacto (recomendado, n\u00e3o obrigat\u00f3rio):<br \/>\nTelefone, e-mail, Web<\/div><\/div><div class=\"nectar-icon-list-item\"><div class=\"list-icon-holder\" data-icon_type=\"icon\"><i class=\"icon-default-style fa fa-bars\" data-color=\"default\"><\/i><\/div><div class=\"content\"><h4>CORPO<\/h4><strong>Deve incluir:<\/strong><br \/>\nIndica\u00e7\u00e3o de \"Fatura Simplificada\".<br \/>\nN\u00famero da transa\u00e7\u00e3o ou s\u00e9rie do bilhete<br \/>\nData e hora de emiss\u00e3o<br \/>\nEmpregado ou terminal (facultativo)<br \/>\nZona ou mesa (opcional)<br \/>\nLista de produtos ou servi\u00e7os<br \/>\nQuantidade (pcs.), descri\u00e7\u00e3o (Produto), pre\u00e7o (Montante)<br \/>\nReparti\u00e7\u00e3o do IVA por taxa de imposto<br \/>\nMontante tribut\u00e1vel, d\u00edvida de IVA, total por taxa de IVA<\/div><\/div><div class=\"nectar-icon-list-item\"><div class=\"list-icon-holder\" data-icon_type=\"icon\"><i class=\"icon-default-style fa fa-qrcode\" data-color=\"default\"><\/i><\/div><div class=\"content\"><h4>P\u00c9S<\/h4><strong>Deve incluir:<\/strong><br \/>\nModo de pagamento e reparti\u00e7\u00e3o<br \/>\nA palavra VERI*FACTU<br \/>\nC\u00f3digo QR gerado em conformidade com a norma VERI*FACTU<br \/>\nRedes sociais \/ Web (opcional)<\/div><\/div><\/div>\n\t\t\t<\/div> \n\t\t<\/div>\n\t<\/div> \n\n\t<div  class=\"vc_col-sm-1 wpb_column column_container vc_column_container col no-extra-padding inherit_tablet inherit_phone\"  data-padding-pos=\"all\" data-has-bg-color=\"false\" data-bg-color=\"\" data-bg-opacity=\"1\" data-animation=\"\" data-delay=\"0\" >\n\t\t<div class=\"vc_column-inner\" >\n\t\t\t<div class=\"wpb_wrapper\">\n\t\t\t\t\n\t\t\t<\/div> \n\t\t<\/div>\n\t<\/div> \n<\/div><\/div>\n\t\t<div id=\"fws_69daed45bc0d9\"  data-column-margin=\"default\" data-midnight=\"dark\"  class=\"wpb_row vc_row-fluid vc_row\"  style=\"padding-top: 0px; padding-bottom: 0px; \"><div class=\"row-bg-wrap\" data-bg-animation=\"none\" data-bg-animation-delay=\"\" data-bg-overlay=\"false\"><div class=\"inner-wrap row-bg-layer\" ><div class=\"row-bg viewport-desktop\"  style=\"\"><\/div><\/div><\/div><div class=\"row_col_wrap_12 col span_12 dark left\">\n\t<div  class=\"vc_col-sm-12 wpb_column column_container vc_column_container col no-extra-padding inherit_tablet inherit_phone\"  data-padding-pos=\"all\" data-has-bg-color=\"false\" data-bg-color=\"\" data-bg-opacity=\"1\" data-animation=\"\" data-delay=\"0\" >\n\t\t<div class=\"vc_column-inner\" >\n\t\t\t<div class=\"wpb_wrapper\">\n\t\t\t\t<a class=\"nectar-button medium regular accent-color  regular-button\"  role=\"button\" style=\"\"  href=\"https:\/\/fos.consulting\/pt\/activa-verifactu-en-tres-simples-pasos\/\" data-color-override=\"false\" data-hover-color-override=\"false\" data-hover-text-color-override=\"#fff\"><span>Em 3 passos simples<\/span><\/a>\n\t\t\t<\/div> \n\t\t<\/div>\n\t<\/div> \n<\/div><\/div>","protected":false},"excerpt":{"rendered":"\u00bfTU TICKET CUMPLE CON LOS REQUISITOS FISCALES?En FOS te ayudamos a asegurarte de que tus tickets o facturas simplificadas cumplen con la normativa vigente, incluyendo...","protected":false},"author":162,"featured_media":0,"parent":0,"menu_order":0,"comment_status":"closed","ping_status":"closed","template":"","meta":{"footnotes":""},"class_list":["post-39177","page","type-page","status-publish"],"jetpack_sharing_enabled":true,"jetpack-related-posts":[],"jetpack_shortlink":"https:\/\/wp.me\/PfY7gm-abT","_links":{"self":[{"href":"https:\/\/fos.consulting\/pt\/wp-json\/wp\/v2\/pages\/39177","targetHints":{"allow":["GET"]}}],"collection":[{"href":"https:\/\/fos.consulting\/pt\/wp-json\/wp\/v2\/pages"}],"about":[{"href":"https:\/\/fos.consulting\/pt\/wp-json\/wp\/v2\/types\/page"}],"author":[{"embeddable":true,"href":"https:\/\/fos.consulting\/pt\/wp-json\/wp\/v2\/users\/162"}],"replies":[{"embeddable":true,"href":"https:\/\/fos.consulting\/pt\/wp-json\/wp\/v2\/comments?post=39177"}],"version-history":[{"count":22,"href":"https:\/\/fos.consulting\/pt\/wp-json\/wp\/v2\/pages\/39177\/revisions"}],"predecessor-version":[{"id":40613,"href":"https:\/\/fos.consulting\/pt\/wp-json\/wp\/v2\/pages\/39177\/revisions\/40613"}],"wp:attachment":[{"href":"https:\/\/fos.consulting\/pt\/wp-json\/wp\/v2\/media?parent=39177"}],"curies":[{"name":"wp","href":"https:\/\/api.w.org\/{rel}","templated":true}]}}