{"id":39885,"date":"2025-06-17T08:33:43","date_gmt":"2025-06-17T07:33:43","guid":{"rendered":"https:\/\/fos.consulting\/?page_id=39885"},"modified":"2025-07-07T10:15:36","modified_gmt":"2025-07-07T09:15:36","slug":"activa-verifactu-en-tres-simples-pasos","status":"publish","type":"page","link":"https:\/\/fos.consulting\/pt\/activa-verifactu-en-tres-simples-pasos\/","title":{"rendered":"Ativar o Verifactu em tr\u00eas passos simples"},"content":{"rendered":"<div id=\"fws_69daed4654da4\"  data-column-margin=\"default\" data-midnight=\"dark\"  class=\"wpb_row vc_row-fluid vc_row\"  style=\"padding-top: 0px; padding-bottom: 0px; \"><div class=\"row-bg-wrap\" data-bg-animation=\"none\" data-bg-animation-delay=\"\" data-bg-overlay=\"false\"><div class=\"inner-wrap row-bg-layer\" ><div class=\"row-bg viewport-desktop\"  style=\"\"><\/div><\/div><\/div><div class=\"row_col_wrap_12 col span_12 dark left\">\n\t<div  class=\"vc_col-sm-12 wpb_column column_container vc_column_container col no-extra-padding inherit_tablet inherit_phone\"  data-padding-pos=\"all\" data-has-bg-color=\"false\" data-bg-color=\"\" data-bg-opacity=\"1\" data-animation=\"\" data-delay=\"0\" >\n\t\t<div class=\"vc_column-inner\" >\n\t\t\t<div class=\"wpb_wrapper\">\n\t\t\t\t<h2 style=\"font-size: 48px;line-height: 57px;text-align: center\" class=\"vc_custom_heading vc_do_custom_heading\" >Ativar o Verifactu em tr\u00eas passos simples<\/h2><p style=\"text-align: center\" class=\"vc_custom_heading vc_do_custom_heading\" ><a href=\"https:\/\/fos.consulting\/pt\/contacto\/\" title=\"Contacto\">Na FOS ajudamo-lo a ativar o formato VERI*FACTU, que ser\u00e1 obrigat\u00f3rio muito em breve.<br \/>\nA nossa equipa acompanh\u00e1-lo-\u00e1 ao longo de todo o processo de conformidade fiscal.<\/a><\/p>\n\t\t\t<\/div> \n\t\t<\/div>\n\t<\/div> \n<\/div><\/div>\n\t\t<div id=\"steps\"  data-column-margin=\"default\" data-midnight=\"dark\" data-bottom-percent=\"5%\"  class=\"wpb_row vc_row-fluid vc_row full-width-section vc_row-o-equal-height vc_row-flex vc_row-o-content-middle\"  style=\"padding-top: 0px; padding-bottom: calc(100vw * 0.05); \"><div class=\"row-bg-wrap\" data-bg-animation=\"none\" data-bg-animation-delay=\"\" data-bg-overlay=\"false\"><div class=\"inner-wrap row-bg-layer\" ><div class=\"row-bg viewport-desktop using-bg-color\"  style=\"background-color: #ffffff; \"><\/div><\/div><\/div><div class=\"row_col_wrap_12 col span_12 dark left\">\n\t<div  class=\"vc_col-sm-6 vc_col-xs-12 wpb_column column_container vc_column_container col padding-3-percent inherit_tablet inherit_phone\"  data-padding-pos=\"all\" data-has-bg-color=\"false\" data-bg-color=\"\" data-bg-opacity=\"1\" data-animation=\"\" data-delay=\"0\" >\n\t\t<div class=\"vc_column-inner\" >\n\t\t\t<div class=\"wpb_wrapper\">\n\t\t\t\t<div class=\"nectar-icon-list\" data-icon-color=\"default\" data-icon-style=\"border\" data-columns=\"3\" data-direction=\"vertical\" data-icon-size=\"small\" data-animate=\"true\"><div class=\"nectar-icon-list-item\"><div class=\"list-icon-holder\" data-icon_type=\"icon\"><i class=\"icon-default-style fa fa-file-text-o\" data-color=\"default\"><\/i><\/div><div class=\"content\"><h4>Passo 1<\/h4><strong>Carregue o certificado digital:<\/strong><\/p>\n<p class=\"\" data-start=\"228\" data-end=\"466\">Aceder ao menu <strong data-start=\"243\" data-end=\"310\">Ferramentas &gt; Configura\u00e7\u00e3o do Verifactu &gt; Configura\u00e7\u00e3o local<\/strong>.<\/p>\n<p class=\"\" data-start=\"228\" data-end=\"466\">A partir da\u00ed, <strong data-start=\"325\" data-end=\"357\">carregar o seu certificado digital<\/strong> no formato .pfx e introduza o <strong data-start=\"390\" data-end=\"422\">os dados fiscais da sua empresa.<\/strong> Se tiver d\u00favidas sobre o certificado, contacte a sua gestor\u00eda para obter ajuda.<\/p>\n<\/div><\/div><div class=\"nectar-icon-list-item\"><div class=\"list-icon-holder\" data-icon_type=\"icon\"><i class=\"icon-default-style fa fa-bars\" data-color=\"default\"><\/i><\/div><div class=\"content\"><h4>Passo 2<\/h4><strong><span class=\"TextRun SCXW170406108 BCX8\" lang=\"ES-ES\" xml:lang=\"ES-ES\" data-contrast=\"none\"><span class=\"NormalTextRun SCXW170406108 BCX8\">Clique em <\/span><span class=\"NormalTextRun SCXW170406108 BCX8\">Ativar\u00a0<\/span><span class=\"NormalTextRun SpellingErrorV2Themed SCXW170406108 BCX8\">V<\/span><span class=\"NormalTextRun SpellingErrorV2Themed SCXW170406108 BCX8\">erifactu<\/span><\/span>:<\/strong><br \/>\nAssinalar a caixa <strong data-start=\"589\" data-end=\"612\">\"Ativar Verifactu<\/strong> para ativar a funcionalidade.<\/div><\/div><div class=\"nectar-icon-list-item\"><div class=\"list-icon-holder\" data-icon_type=\"icon\"><i class=\"icon-default-style fa fa-qrcode\" data-color=\"default\"><\/i><\/div><div class=\"content\"><h4>Passo 3<\/h4><strong>Verificar dados:<\/strong><br \/>\nIr para o <strong data-start=\"675\" data-end=\"697\">Visualizador Verifactu<\/strong> para verificar se os bilhetes s\u00e3o gerados corretamente e se <strong data-start=\"760\" data-end=\"799\">incluir todos os dados necess\u00e1rios<\/strong> para cumprir os novos regulamentos relativos \u00e0 fatura\u00e7\u00e3o eletr\u00f3nica.<\/div><\/div><\/div>\n\t\t\t<\/div> \n\t\t<\/div>\n\t<\/div> \n\n\t<div  class=\"vc_col-sm-6 wpb_column column_container vc_column_container col no-extra-padding inherit_tablet inherit_phone\"  data-padding-pos=\"all\" data-has-bg-color=\"false\" data-bg-color=\"\" data-bg-opacity=\"1\" data-animation=\"\" data-delay=\"0\" >\n\t\t<div class=\"vc_column-inner\" >\n\t\t\t<div class=\"wpb_wrapper\">\n\t\t\t\t<div id=\"fws_69daed4656fe1\" data-midnight=\"\" data-column-margin=\"default\" class=\"wpb_row vc_row-fluid vc_row inner_row\"  style=\"\"><div class=\"row-bg-wrap\"> <div class=\"row-bg\" ><\/div> <\/div><div class=\"row_col_wrap_12_inner col span_12  left\">\n\t<div  class=\"vc_col-sm-12 wpb_column column_container vc_column_container col child_column no-extra-padding inherit_tablet inherit_phone\"   data-padding-pos=\"all\" data-has-bg-color=\"false\" data-bg-color=\"\" data-bg-opacity=\"1\" data-animation=\"\" data-delay=\"0\" >\n\t\t<div class=\"vc_column-inner\" >\n\t\t<div class=\"wpb_wrapper\">\n\t\t\t\n\t<div class=\"wpb_video_widget wpb_content_element vc_clearfix   vc_video-aspect-ratio-916 vc_video-el-width-50 vc_video-align-center\" >\n\t\t<div class=\"wpb_wrapper\">\n\t\t\t\n\t\t\t<div class=\"wpb_video_wrapper\"><iframe loading=\"lazy\" title=\"Como ativar o Verifactu no \u00c1gora TPV\" width=\"413\" height=\"310\" src=\"https:\/\/www.youtube.com\/embed\/I5f90j9sQFM?feature=oembed\" frameborder=\"0\" allow=\"accelerometer; autoplay; clipboard-write; encrypted-media; gyroscope; picture-in-picture; web-share\" referrerpolicy=\"strict-origin-when-cross-origin\" allowfullscreen><\/iframe><\/div>\n\t\t<\/div>\n\t<\/div>\n\n\t\t<\/div> \n\t<\/div>\n\t<\/div> \n<\/div><\/div>\n\t\t\t<\/div> \n\t\t<\/div>\n\t<\/div> \n<\/div><\/div>\n\t\t<div id=\"fws_69daed4657f85\"  data-column-margin=\"default\" data-midnight=\"dark\"  class=\"wpb_row vc_row-fluid vc_row full-width-section  top_padding_tablet_20pct\"  style=\"padding-top: 0px; padding-bottom: 0px; \"><div class=\"row-bg-wrap\" data-bg-animation=\"none\" data-bg-animation-delay=\"\" data-bg-overlay=\"false\"><div class=\"inner-wrap row-bg-layer\" ><div class=\"row-bg viewport-desktop using-bg-color\"  style=\"background-color: #ffffff; \"><\/div><\/div><\/div><div class=\"row_col_wrap_12 col span_12 dark left\">\n\t<div  class=\"vc_col-sm-12 wpb_column column_container vc_column_container col no-extra-padding inherit_tablet inherit_phone\"  data-padding-pos=\"all\" data-has-bg-color=\"false\" data-bg-color=\"\" data-bg-opacity=\"1\" data-animation=\"\" data-delay=\"0\" >\n\t\t<div class=\"vc_column-inner\" >\n\t\t\t<div class=\"wpb_wrapper\">\n\t\t\t\t<div id=\"fws_69daed465861c\" data-midnight=\"\" data-column-margin=\"default\" class=\"wpb_row vc_row-fluid vc_row inner_row\"  style=\"padding-bottom: 1.5%; \"><div class=\"row-bg-wrap\"> <div class=\"row-bg\" ><\/div> <\/div><div class=\"row_col_wrap_12_inner col span_12  left\">\n\t<div  class=\"vc_col-sm-12 wpb_column column_container vc_column_container col child_column centered-text no-extra-padding inherit_tablet inherit_phone\"   data-padding-pos=\"all\" data-has-bg-color=\"false\" data-bg-color=\"\" data-bg-opacity=\"1\" data-animation=\"\" data-delay=\"0\" >\n\t\t<div class=\"vc_column-inner\" >\n\t\t<div class=\"wpb_wrapper\">\n\t\t\t<div class=\"nectar-split-heading\" data-align=\"center\" data-m-align=\"inherit\" data-text-effect=\"default\" data-animation-type=\"line-reveal-by-space\" data-animation-delay=\"0\" data-animation-offset=\"\" data-m-rm-animation=\"\" data-stagger=\"true\" data-custom-font-size=\"false\" ><h3 style=\"max-width: 700px; color: #000000;\">Precisa de mais informa\u00e7\u00f5es? Consulte as nossas FAQ<\/h3><\/div>\n\t\t<\/div> \n\t<\/div>\n\t<\/div> \n<\/div><\/div><div class=\"toggles accordion toggles--minimal-shadow\" data-br=\"none\" data-starting=\"closed\" data-style=\"minimal\"><div class=\"toggle default\" data-inner-wrap=\"true\"><h3 class=\"toggle-title\"><a href=\"#\" role=\"button\" class=\"nectar-inherit-h4 toggle-heading\"><i role=\"presentation\" class=\"fa fa-plus-circle\"><\/i>Como posso ativar a VERIFACTU na Agora?<\/a><\/h3><div><div class=\"inner-toggle-wrap\">\n<div class=\"wpb_text_column wpb_content_element\" >\n\t<div class=\"wpb_wrapper\">\n\t\t<p><span data-contrast=\"auto\">No administrador da Agora, na sec\u00e7\u00e3o Verifactu <\/span><span data-contrast=\"auto\">no painel de configura\u00e7\u00e3o.<\/span><span data-ccp-props=\"{&quot;134233117&quot;:false,&quot;134233118&quot;:false,&quot;335551550&quot;:0,&quot;335551620&quot;:0,&quot;335559738&quot;:240,&quot;335559739&quot;:240}\">\u00a0<\/span><\/p>\n<p><span data-ccp-props=\"{&quot;134233117&quot;:false,&quot;134233118&quot;:false,&quot;335551550&quot;:0,&quot;335551620&quot;:0,&quot;335559685&quot;:720,&quot;335559738&quot;:240,&quot;335559739&quot;:240}\">\u00a0<\/span><\/p>\n\t<\/div>\n<\/div>\n\n\n\n<\/div><\/div><\/div><div class=\"toggle default\" data-inner-wrap=\"true\"><h3 class=\"toggle-title\"><a href=\"#\" role=\"button\" class=\"nectar-inherit-h4 toggle-heading\"><i role=\"presentation\" class=\"fa fa-plus-circle\"><\/i>O que \u00e9 um certificado digital?<\/a><\/h3><div><div class=\"inner-toggle-wrap\">\n<div class=\"wpb_text_column wpb_content_element\" >\n\t<div class=\"wpb_wrapper\">\n\t\t<p class=\"\" data-start=\"204\" data-end=\"464\"><span class=\"TextRun SCXW24830037 BCX8\" lang=\"ES-ES\" xml:lang=\"ES-ES\" data-contrast=\"auto\"><span class=\"NormalTextRun SCXW24830037 BCX8\">\u00c9 um documento digital emitido por um <\/span><\/span><span class=\"TextRun SCXW24830037 BCX8\" lang=\"ES-ES\" xml:lang=\"ES-ES\" data-contrast=\"auto\"><span class=\"NormalTextRun SCXW24830037 BCX8\">autoridade certificadora oficial<\/span><\/span><span class=\"TextRun SCXW24830037 BCX8\" lang=\"ES-ES\" xml:lang=\"ES-ES\" data-contrast=\"auto\"><span class=\"NormalTextRun SCXW24830037 BCX8\"> que lhe permite identificar-se como empresa ou trabalhador independente perante a Ag\u00eancia Tribut\u00e1ria (AEAT).<\/span><\/span><span class=\"LineBreakBlob BlobObject DragDrop SCXW24830037 BCX8\"><span class=\"SCXW24830037 BCX8\">\u00a0<\/span><br class=\"SCXW24830037 BCX8\" \/><\/span><span class=\"TextRun SCXW24830037 BCX8\" lang=\"ES-ES\" xml:lang=\"ES-ES\" data-contrast=\"auto\"><span class=\"NormalTextRun SCXW24830037 BCX8\"> Este certificado \u00e9 obrigat\u00f3rio para assinar facturas electr\u00f3nicas enviadas atrav\u00e9s do Veri*.<\/span><span class=\"NormalTextRun SpellingErrorV2Themed SCXW24830037 BCX8\">facto<\/span><span class=\"NormalTextRun SCXW24830037 BCX8\">.<\/span><\/span><span class=\"EOP SCXW24830037 BCX8\" data-ccp-props=\"{&quot;134233117&quot;:false,&quot;134233118&quot;:false,&quot;335551550&quot;:0,&quot;335551620&quot;:0,&quot;335559738&quot;:240,&quot;335559739&quot;:240}\">\u00a0<\/span><\/p>\n\t<\/div>\n<\/div>\n\n\n\n<\/div><\/div><\/div><div class=\"toggle default\" data-inner-wrap=\"true\"><h3 class=\"toggle-title\"><a href=\"#\" role=\"button\" class=\"nectar-inherit-h4 toggle-heading\"><i role=\"presentation\" class=\"fa fa-plus-circle\"><\/i>Em que formato deve estar o certificado digital para ser utilizado na Agora?<\/a><\/h3><div><div class=\"inner-toggle-wrap\">\n<div class=\"wpb_text_column wpb_content_element\" >\n\t<div class=\"wpb_wrapper\">\n\t\t<p class=\"\" data-start=\"226\" data-end=\"544\"><span class=\"TextRun SCXW11170179 BCX8\" lang=\"ES-ES\" xml:lang=\"ES-ES\" data-contrast=\"auto\"><span class=\"NormalTextRun SCXW11170179 BCX8\">O certificado deve ter o seguinte formato <\/span><\/span><span class=\"TextRun SCXW11170179 BCX8\" lang=\"ES-ES\" xml:lang=\"ES-ES\" data-contrast=\"auto\"><span class=\"NormalTextRun SCXW11170179 BCX8\">.<\/span><span class=\"NormalTextRun SpellingErrorV2Themed SCXW11170179 BCX8\">pfx<\/span><\/span><span class=\"TextRun SCXW11170179 BCX8\" lang=\"ES-ES\" xml:lang=\"ES-ES\" data-contrast=\"auto\"><span class=\"NormalTextRun SCXW11170179 BCX8\"> (ficheiro exportado incluindo a chave p\u00fablica e privada) e protegido com uma password. Este ficheiro \u00e9 carregado diretamente a partir do Administrador da Agora.<\/span><\/span><span class=\"EOP SCXW11170179 BCX8\" data-ccp-props=\"{&quot;134233117&quot;:false,&quot;134233118&quot;:false,&quot;335551550&quot;:0,&quot;335551620&quot;:0,&quot;335559738&quot;:240,&quot;335559739&quot;:240}\">\u00a0<\/span><\/p>\n\t<\/div>\n<\/div>\n\n\n\n<\/div><\/div><\/div><div class=\"toggle default\" data-inner-wrap=\"true\"><h3 class=\"toggle-title\"><a href=\"#\" role=\"button\" class=\"nectar-inherit-h4 toggle-heading\"><i role=\"presentation\" class=\"fa fa-plus-circle\"><\/i>Como \u00e9 que obtenho o meu certificado digital?<\/a><\/h3><div><div class=\"inner-toggle-wrap\">\n<div class=\"wpb_text_column wpb_content_element\" >\n\t<div class=\"wpb_wrapper\">\n\t\t<p class=\"\" data-start=\"141\" data-end=\"310\"><span class=\"TextRun SCXW31290414 BCX8\" lang=\"ES-ES\" xml:lang=\"ES-ES\" data-contrast=\"auto\"><span class=\"NormalTextRun SCXW31290414 BCX8\">Pode candidatar-se atrav\u00e9s do <\/span><\/span><span class=\"TextRun SCXW31290414 BCX8\" lang=\"ES-ES\" xml:lang=\"ES-ES\" data-contrast=\"auto\"><span class=\"NormalTextRun SCXW31290414 BCX8\">F\u00e1brica Nacional de <\/span><span class=\"NormalTextRun ContextualSpellingAndGrammarErrorV2Themed SCXW31290414 BCX8\">Moeda<\/span><span class=\"NormalTextRun SCXW31290414 BCX8\"> e carimbo (FNMT)<\/span><\/span><span class=\"TextRun SCXW31290414 BCX8\" lang=\"ES-ES\" xml:lang=\"ES-ES\" data-contrast=\"auto\"><span class=\"NormalTextRun SCXW31290414 BCX8\"> ou outros organismos de certifica\u00e7\u00e3o aprovados, tais como <\/span><\/span><span class=\"TextRun SCXW31290414 BCX8\" lang=\"ES-ES\" xml:lang=\"ES-ES\" data-contrast=\"auto\"><span class=\"NormalTextRun SpellingErrorV2Themed SCXW31290414 BCX8\">Camerfirma<\/span><\/span><span class=\"TextRun SCXW31290414 BCX8\" lang=\"ES-ES\" xml:lang=\"ES-ES\" data-contrast=\"auto\"><span class=\"NormalTextRun SCXW31290414 BCX8\"> o <\/span><\/span><span class=\"TextRun SCXW31290414 BCX8\" lang=\"ES-ES\" xml:lang=\"ES-ES\" data-contrast=\"auto\"><span class=\"NormalTextRun SCXW31290414 BCX8\">ANCERT<\/span><\/span><span class=\"TextRun SCXW31290414 BCX8\" lang=\"ES-ES\" xml:lang=\"ES-ES\" data-contrast=\"auto\"><span class=\"NormalTextRun SCXW31290414 BCX8\">.<\/span><\/span><span class=\"LineBreakBlob BlobObject DragDrop SCXW31290414 BCX8\"><span class=\"SCXW31290414 BCX8\">\u00a0<\/span><br class=\"SCXW31290414 BCX8\" \/><\/span><span class=\"EOP SCXW31290414 BCX8\" data-ccp-props=\"{&quot;134233117&quot;:false,&quot;134233118&quot;:false,&quot;335551550&quot;:0,&quot;335551620&quot;:0,&quot;335559738&quot;:240,&quot;335559739&quot;:240}\">\u00a0<\/span><\/p>\n\t<\/div>\n<\/div>\n\n\n\n<\/div><\/div><\/div><div class=\"toggle default\" data-inner-wrap=\"true\"><h3 class=\"toggle-title\"><a href=\"#\" role=\"button\" class=\"nectar-inherit-h4 toggle-heading\"><i role=\"presentation\" class=\"fa fa-plus-circle\"><\/i>J\u00e1 tenho um certificado digital, como \u00e9 que o solicito ao meu gestor?<\/a><\/h3><div><div class=\"inner-toggle-wrap\">\n<div class=\"wpb_text_column wpb_content_element\" >\n\t<div class=\"wpb_wrapper\">\n\t\t<p><b><span data-contrast=\"none\">Formul\u00e1rio de pedido de certificado digital para o gestor<\/span><\/b><span data-ccp-props=\"{&quot;134233117&quot;:false,&quot;134233118&quot;:false,&quot;201341983&quot;:0,&quot;335551550&quot;:1,&quot;335551620&quot;:1,&quot;335557856&quot;:16777215,&quot;335559685&quot;:0,&quot;335559737&quot;:0,&quot;335559738&quot;:0,&quot;335559739&quot;:0,&quot;335559740&quot;:279}\">\u00a0<\/span><\/p>\n<p><span data-ccp-props=\"{&quot;134233117&quot;:false,&quot;134233118&quot;:false,&quot;335551550&quot;:0,&quot;335551620&quot;:0,&quot;335557856&quot;:16777215,&quot;335559738&quot;:0,&quot;335559739&quot;:0}\">\u00a0<\/span><\/p>\n<p><span data-contrast=\"none\">Exemplo de pedido de correio eletr\u00f3nico do cliente para o gestor de certificados:<\/span><span data-ccp-props=\"{&quot;134233117&quot;:false,&quot;134233118&quot;:false,&quot;335551550&quot;:0,&quot;335551620&quot;:0,&quot;335557856&quot;:16777215,&quot;335559738&quot;:0,&quot;335559739&quot;:0}\">\u00a0<\/span><\/p>\n<p><span data-ccp-props=\"{&quot;134233117&quot;:false,&quot;134233118&quot;:false,&quot;335551550&quot;:0,&quot;335551620&quot;:0,&quot;335557856&quot;:16777215,&quot;335559738&quot;:0,&quot;335559739&quot;:0}\">\u00a0<\/span><\/p>\n<p><b><span data-contrast=\"none\">Assunto:<\/span><\/b><span data-contrast=\"none\">\u00a0Pedido de um certificado digital compat\u00edvel para ativar a VeriFactu<\/span><span data-ccp-props=\"{&quot;134233117&quot;:false,&quot;134233118&quot;:false,&quot;335551550&quot;:0,&quot;335551620&quot;:0,&quot;335557856&quot;:16777215,&quot;335559738&quot;:240,&quot;335559739&quot;:240}\">\u00a0<\/span><\/p>\n<p><span data-contrast=\"none\">Ol\u00e1 [Nome do gerente],<\/span><span data-ccp-props=\"{&quot;134233117&quot;:false,&quot;134233118&quot;:false,&quot;335551550&quot;:0,&quot;335551620&quot;:0,&quot;335557856&quot;:16777215,&quot;335559738&quot;:240,&quot;335559739&quot;:240}\">\u00a0<\/span><\/p>\n<p><span data-contrast=\"none\">Estamos em vias de ativar o\u00a0<\/span><b><span data-contrast=\"none\">VeriFactu<\/span><\/b><span data-contrast=\"none\">que permite o envio autom\u00e1tico de facturas para a Ag\u00eancia Tribut\u00e1ria em tempo real, tal como estabelecido pela nova regulamenta\u00e7\u00e3o.<\/span><span data-ccp-props=\"{&quot;134233117&quot;:false,&quot;134233118&quot;:false,&quot;335551550&quot;:0,&quot;335551620&quot;:0,&quot;335557856&quot;:16777215,&quot;335559738&quot;:240,&quot;335559739&quot;:240}\">\u00a0<\/span><\/p>\n<p><span data-contrast=\"none\">Para o fazer, precisamos de ter um\u00a0<\/span><b><span data-contrast=\"none\">certificado digital v\u00e1lido e compat\u00edvel<\/span><\/b><span data-contrast=\"none\">\u00a0que pode ser utilizado em ambientes automatizados (formato .PFX ou semelhante), com o qual podemos assinar eletronicamente as facturas geradas a partir do nosso sistema.<\/span><span data-ccp-props=\"{&quot;134233117&quot;:false,&quot;134233118&quot;:false,&quot;335551550&quot;:0,&quot;335551620&quot;:0,&quot;335557856&quot;:16777215,&quot;335559738&quot;:240,&quot;335559739&quot;:240}\">\u00a0<\/span><\/p>\n<p><span data-contrast=\"none\">Pode arranjar-nos um dos seguintes certificados?<\/span><span data-ccp-props=\"{&quot;134233117&quot;:false,&quot;134233118&quot;:false,&quot;335551550&quot;:0,&quot;335551620&quot;:0,&quot;335557856&quot;:16777215,&quot;335559738&quot;:240,&quot;335559739&quot;:240}\">\u00a0<\/span><\/p>\n<ul>\n<li data-leveltext=\"\uf0b7\" data-font=\"Symbol\" data-listid=\"1\" data-list-defn-props=\"{&quot;335552541&quot;:1,&quot;335559683&quot;:0,&quot;335559684&quot;:-2,&quot;335559685&quot;:720,&quot;335559991&quot;:360,&quot;469769226&quot;:&quot;Symbol&quot;,&quot;469769242&quot;:&#091;8226&#093;,&quot;469777803&quot;:&quot;left&quot;,&quot;469777804&quot;:&quot;\uf0b7&quot;,&quot;469777815&quot;:&quot;hybridMultilevel&quot;}\" data-aria-posinset=\"1\" data-aria-level=\"1\"><span data-contrast=\"none\">O\u00a0<\/span><b><span data-contrast=\"none\">certificado digital da empresa<\/span><\/b><span data-contrast=\"none\">\u00a0(pessoa colectiva)<\/span><span data-ccp-props=\"{&quot;134233117&quot;:false,&quot;134233118&quot;:false,&quot;335551550&quot;:0,&quot;335551620&quot;:0,&quot;335557856&quot;:16777215,&quot;335559738&quot;:240,&quot;335559739&quot;:240}\">\u00a0<\/span><\/li>\n<\/ul>\n<ul>\n<li data-leveltext=\"\uf0b7\" data-font=\"Symbol\" data-listid=\"1\" data-list-defn-props=\"{&quot;335552541&quot;:1,&quot;335559683&quot;:0,&quot;335559684&quot;:-2,&quot;335559685&quot;:720,&quot;335559991&quot;:360,&quot;469769226&quot;:&quot;Symbol&quot;,&quot;469769242&quot;:&#091;8226&#093;,&quot;469777803&quot;:&quot;left&quot;,&quot;469777804&quot;:&quot;\uf0b7&quot;,&quot;469777815&quot;:&quot;hybridMultilevel&quot;}\" data-aria-posinset=\"2\" data-aria-level=\"1\"><span data-contrast=\"none\">Ou o\u00a0<\/span><b><span data-contrast=\"none\">certificado do representante legal<\/span><\/b><span data-contrast=\"none\">\u00a0se aplic\u00e1vel<\/span><span data-ccp-props=\"{&quot;134233117&quot;:false,&quot;134233118&quot;:false,&quot;335551550&quot;:0,&quot;335551620&quot;:0,&quot;335557856&quot;:16777215,&quot;335559738&quot;:240,&quot;335559739&quot;:240}\">\u00a0<\/span><\/li>\n<\/ul>\n<p><span data-contrast=\"none\">Al\u00e9m disso, seria ideal que o ficheiro nos fosse fornecido no formato\u00a0<\/span><b><span data-contrast=\"none\">.PFX<\/span><\/b><span data-contrast=\"none\">\u00a0e incluindo o\u00a0<\/span><b><span data-contrast=\"none\">palavra-passe<\/span><\/b><span data-contrast=\"none\">Isto \u00e9 necess\u00e1rio para o integrar de forma segura no sistema.<\/span><span data-ccp-props=\"{&quot;134233117&quot;:false,&quot;134233118&quot;:false,&quot;335551550&quot;:0,&quot;335551620&quot;:0,&quot;335557856&quot;:16777215,&quot;335559738&quot;:240,&quot;335559739&quot;:240}\">\u00a0<\/span><\/p>\n<p><span data-contrast=\"none\">Estamos atentos a quaisquer quest\u00f5es ou informa\u00e7\u00f5es adicionais de que possa necessitar.<\/span><span data-ccp-props=\"{&quot;134233117&quot;:false,&quot;134233118&quot;:false,&quot;335551550&quot;:0,&quot;335551620&quot;:0,&quot;335557856&quot;:16777215,&quot;335559738&quot;:240,&quot;335559739&quot;:240}\">\u00a0<\/span><\/p>\n<p><span data-contrast=\"none\">Muito obrigado pela vossa ajuda,<\/span><span data-ccp-props=\"{&quot;134233117&quot;:false,&quot;134233118&quot;:false,&quot;335551550&quot;:0,&quot;335551620&quot;:0,&quot;335557856&quot;:16777215,&quot;335559738&quot;:240,&quot;335559739&quot;:240}\">\u00a0<\/span><\/p>\n<p><span data-contrast=\"none\">Com os melhores cumprimentos,<\/span><span data-ccp-props=\"{&quot;134233117&quot;:false,&quot;134233118&quot;:false,&quot;335551550&quot;:0,&quot;335551620&quot;:0,&quot;335557856&quot;:16777215,&quot;335559738&quot;:240,&quot;335559739&quot;:240}\">\u00a0<\/span><\/p>\n\t<\/div>\n<\/div>\n\n\n\n<\/div><\/div><\/div><\/div>\n\n\n\n\n\n\n\n\n\n\n\n\n\n\n\n\n\n\n\n\n\t\t\t<\/div> \n\t\t<\/div>\n\t<\/div> \n<\/div><\/div>","protected":false},"excerpt":{"rendered":"Activa Verifactu en tres simples pasosEn FOS te ayudamos a activar el formato VERI*FACTU que ser\u00e1 obligatorio muy pronto. Nuestro equipo te acompa\u00f1ar\u00e1 en todo...","protected":false},"author":150,"featured_media":0,"parent":0,"menu_order":0,"comment_status":"closed","ping_status":"closed","template":"","meta":{"footnotes":""},"class_list":["post-39885","page","type-page","status-publish"],"jetpack_sharing_enabled":true,"jetpack-related-posts":[],"jetpack_shortlink":"https:\/\/wp.me\/PfY7gm-anj","_links":{"self":[{"href":"https:\/\/fos.consulting\/pt\/wp-json\/wp\/v2\/pages\/39885","targetHints":{"allow":["GET"]}}],"collection":[{"href":"https:\/\/fos.consulting\/pt\/wp-json\/wp\/v2\/pages"}],"about":[{"href":"https:\/\/fos.consulting\/pt\/wp-json\/wp\/v2\/types\/page"}],"author":[{"embeddable":true,"href":"https:\/\/fos.consulting\/pt\/wp-json\/wp\/v2\/users\/150"}],"replies":[{"embeddable":true,"href":"https:\/\/fos.consulting\/pt\/wp-json\/wp\/v2\/comments?post=39885"}],"version-history":[{"count":18,"href":"https:\/\/fos.consulting\/pt\/wp-json\/wp\/v2\/pages\/39885\/revisions"}],"predecessor-version":[{"id":40620,"href":"https:\/\/fos.consulting\/pt\/wp-json\/wp\/v2\/pages\/39885\/revisions\/40620"}],"wp:attachment":[{"href":"https:\/\/fos.consulting\/pt\/wp-json\/wp\/v2\/media?parent=39885"}],"curies":[{"name":"wp","href":"https:\/\/api.w.org\/{rel}","templated":true}]}}