{"id":7351,"date":"2021-02-25T17:47:27","date_gmt":"2021-02-25T17:47:27","guid":{"rendered":"https:\/\/fos.consulting\/?page_id=7351"},"modified":"2021-02-25T17:47:38","modified_gmt":"2021-02-25T17:47:38","slug":"terminos-de-servicio","status":"publish","type":"page","link":"https:\/\/fos.consulting\/pt\/terminos-de-servicio\/","title":{"rendered":"Termos e condi\u00e7\u00f5es do servi\u00e7o"},"content":{"rendered":"<p>TERMOS DE SERVI\u00c7O<\/p>\n<p>INFORMA\u00c7\u00d5ES GERAIS<\/p>\n<p>Este s\u00edtio Web \u00e9 gerido pela FOS SYSTEMS SOLUTIONS S.L. Em todo o s\u00edtio, os termos \"n\u00f3s\", \"nos\" e \"nosso\" referem-se \u00e0 FOS SYSTEMS SOLUTIONS S.L. A FOS SYSTEMS SOLUTIONS S.L. oferece este s\u00edtio Web, incluindo todas as informa\u00e7\u00f5es, ferramentas e servi\u00e7os dispon\u00edveis neste s\u00edtio para si, o utilizador, condicionado \u00e0 sua aceita\u00e7\u00e3o de todos os termos, condi\u00e7\u00f5es, pol\u00edticas e avisos aqui declarados.<\/p>\n<p>Ao visitar o nosso site e\/ou ao comprar algo da nossa parte, o utilizador participa no nosso \"Servi\u00e7o\" e concorda com os seguintes termos e condi\u00e7\u00f5es (\"Termos de Servi\u00e7o\", \"Termos\"), incluindo todos os termos e condi\u00e7\u00f5es e pol\u00edticas adicionais aqui referidos e\/ou dispon\u00edveis atrav\u00e9s de hiperliga\u00e7\u00f5es. Estes Termos de Servi\u00e7o aplicam-se a todos os utilizadores do Site, incluindo, sem limita\u00e7\u00e3o, utilizadores que sejam navegadores, fornecedores, clientes, comerciantes e\/ou contribuidores de conte\u00fados.<\/p>\n<p>Leia atentamente as presentes Condi\u00e7\u00f5es de Servi\u00e7o antes de aceder ou utilizar o nosso s\u00edtio Web. Ao aceder ou utilizar qualquer parte do s\u00edtio, o utilizador est\u00e1 a concordar com os Termos de Servi\u00e7o. Se o utilizador n\u00e3o concordar com todos os termos e condi\u00e7\u00f5es deste acordo, n\u00e3o dever\u00e1 aceder ao s\u00edtio Web nem utilizar nenhum dos servi\u00e7os. Se os Termos de Servi\u00e7o forem considerados uma oferta, a aceita\u00e7\u00e3o \u00e9 expressamente limitada a estes Termos de Servi\u00e7o.<\/p>\n<p>Quaisquer novas funcionalidades ou ferramentas que sejam adicionadas \u00e0 loja atual tamb\u00e9m estar\u00e3o sujeitas aos Termos de Servi\u00e7o. Pode consultar a vers\u00e3o atual dos Termos de Servi\u00e7o em qualquer altura nesta p\u00e1gina. Reservamo-nos o direito de atualizar, alterar ou substituir qualquer parte dos Termos de Servi\u00e7o, publicando actualiza\u00e7\u00f5es e\/ou altera\u00e7\u00f5es no nosso s\u00edtio Web. \u00c9 da responsabilidade do utilizador verificar periodicamente se existem altera\u00e7\u00f5es nesta p\u00e1gina. A utiliza\u00e7\u00e3o continuada ou o acesso ao s\u00edtio Web ap\u00f3s a publica\u00e7\u00e3o de quaisquer altera\u00e7\u00f5es constitui a aceita\u00e7\u00e3o dessas altera\u00e7\u00f5es.<\/p>\n<p>A nossa loja est\u00e1 alojada na Shopify Inc. Eles fornecem-nos a plataforma de com\u00e9rcio eletr\u00f3nico em linha, que nos permite vender os nossos produtos e servi\u00e7os ao utilizador.<\/p>\n<p>SEC\u00c7\u00c3O 1 - CONDI\u00c7\u00d5ES DA LOJA VIRTUAL<\/p>\n<p>Ao utilizar este s\u00edtio, o utilizador declara que tem pelo menos a idade da maioridade no seu estado ou prov\u00edncia de resid\u00eancia, ou que \u00e9 maior de idade no seu estado ou prov\u00edncia de resid\u00eancia, e que nos deu o seu consentimento para permitir que qualquer um dos seus dependentes menores utilize este s\u00edtio.<\/p>\n<p>O utilizador n\u00e3o pode utilizar os nossos produtos para fins ilegais ou n\u00e3o autorizados nem pode, na utiliza\u00e7\u00e3o do Servi\u00e7o, violar quaisquer leis da sua jurisdi\u00e7\u00e3o (incluindo, mas n\u00e3o se limitando a, leis de direitos de autor).<\/p>\n<p>O utilizador n\u00e3o pode transmitir worms, v\u00edrus ou qualquer c\u00f3digo de natureza destrutiva.<\/p>\n<p>O n\u00e3o cumprimento ou a viola\u00e7\u00e3o de qualquer um destes Termos resultar\u00e1 na cessa\u00e7\u00e3o imediata dos seus Servi\u00e7os.<\/p>\n<p>SEC\u00c7\u00c3O 2 - CONDI\u00c7\u00d5ES GERAIS<\/p>\n<p>Reservamo-nos o direito de recusar o servi\u00e7o a qualquer pessoa, por qualquer motivo, em qualquer altura.<\/p>\n<p>O utilizador compreende que o seu conte\u00fado (n\u00e3o incluindo as informa\u00e7\u00f5es do seu cart\u00e3o de cr\u00e9dito) pode ser transferido sem encripta\u00e7\u00e3o e envolver (a) transmiss\u00f5es atrav\u00e9s de v\u00e1rias redes; e (b) altera\u00e7\u00f5es para cumprir ou adaptar-se aos requisitos t\u00e9cnicos das redes ou dispositivos de liga\u00e7\u00e3o. As informa\u00e7\u00f5es do cart\u00e3o de cr\u00e9dito s\u00e3o sempre encriptadas durante a transfer\u00eancia entre redes.<\/p>\n<p>O utilizador concorda em n\u00e3o reproduzir, duplicar, copiar, vender, revender ou explorar qualquer parte do Servi\u00e7o, a utiliza\u00e7\u00e3o do Servi\u00e7o ou o acesso ao Servi\u00e7o ou qualquer contacto no s\u00edtio Web atrav\u00e9s do qual o Servi\u00e7o \u00e9 fornecido, sem autoriza\u00e7\u00e3o expressa por escrito da nossa parte.<\/p>\n<p>Os t\u00edtulos utilizados no presente acordo s\u00e3o apenas para conveni\u00eancia e n\u00e3o limitam nem afectam as presentes Condi\u00e7\u00f5es.<\/p>\n<p>SEC\u00c7\u00c3O 3 - EXACTID\u00c3O, EXAUSTIVIDADE E ACTUALIDADE DAS INFORMA\u00c7\u00d5ES<\/p>\n<p>N\u00e3o nos responsabilizamos se as informa\u00e7\u00f5es dispon\u00edveis neste s\u00edtio n\u00e3o forem exactas, completas ou actuais. O material deste s\u00edtio \u00e9 fornecido apenas para informa\u00e7\u00e3o geral e n\u00e3o deve ser considerado ou utilizado como \u00fanica base para a tomada de decis\u00f5es sem primeiro consultar informa\u00e7\u00f5es mais exactas, completas ou actualizadas. Qualquer confian\u00e7a no material deste s\u00edtio \u00e9 por sua conta e risco.<\/p>\n<p>Este s\u00edtio pode conter certas informa\u00e7\u00f5es hist\u00f3ricas. As informa\u00e7\u00f5es hist\u00f3ricas n\u00e3o s\u00e3o necessariamente actuais e s\u00e3o fornecidas apenas para sua refer\u00eancia. Reservamo-nos o direito de modificar o conte\u00fado deste s\u00edtio em qualquer altura, mas n\u00e3o temos qualquer obriga\u00e7\u00e3o de atualizar qualquer informa\u00e7\u00e3o no nosso s\u00edtio. O utilizador concorda que \u00e9 da sua responsabilidade monitorizar as altera\u00e7\u00f5es ao nosso s\u00edtio.<\/p>\n<p>SEC\u00c7\u00c3O 4 - ALTERA\u00c7\u00d5ES DO SERVI\u00c7O E DOS PRE\u00c7OS<\/p>\n<p>Os pre\u00e7os dos nossos produtos est\u00e3o sujeitos a altera\u00e7\u00f5es sem aviso pr\u00e9vio.<\/p>\n<p>Reservamo-nos o direito de modificar ou descontinuar o Servi\u00e7o (ou qualquer parte do conte\u00fado) em qualquer altura sem aviso pr\u00e9vio.<\/p>\n<p>N\u00e3o seremos respons\u00e1veis perante o utilizador ou qualquer terceiro por qualquer modifica\u00e7\u00e3o, altera\u00e7\u00e3o de pre\u00e7o, suspens\u00e3o ou descontinua\u00e7\u00e3o do Servi\u00e7o.<\/p>\n<p>SEC\u00c7\u00c3O 5 - PRODUTOS OU SERVI\u00c7OS (se aplic\u00e1vel)<\/p>\n<p>Certos produtos ou servi\u00e7os podem estar dispon\u00edveis exclusivamente online atrav\u00e9s do s\u00edtio Web. Estes produtos ou servi\u00e7os podem ter quantidades limitadas e podem estar sujeitos a devolu\u00e7\u00e3o ou troca apenas de acordo com a nossa pol\u00edtica de devolu\u00e7\u00e3o.<\/p>\n<p>Fizemos todos os esfor\u00e7os para apresentar as cores e imagens dos nossos produtos na loja com a maior exatid\u00e3o poss\u00edvel. N\u00e3o podemos garantir que o monitor do seu computador apresente as cores com exatid\u00e3o.<\/p>\n<p>Reservamo-nos o direito, mas n\u00e3o somos obrigados, a limitar as vendas dos nossos produtos ou servi\u00e7os a qualquer pessoa, regi\u00e3o geogr\u00e1fica ou jurisdi\u00e7\u00e3o. Poderemos exercer este direito numa base casu\u00edstica. Reservamo-nos o direito de limitar as quantidades de produtos ou servi\u00e7os que oferecemos. Todas as descri\u00e7\u00f5es de produtos ou pre\u00e7os de produtos est\u00e3o sujeitos a altera\u00e7\u00f5es em qualquer altura sem aviso pr\u00e9vio, \u00e0 nossa inteira discri\u00e7\u00e3o. Reservamo-nos o direito de descontinuar qualquer produto em qualquer altura. Qualquer oferta de produto ou servi\u00e7o feita neste s\u00edtio \u00e9 nula onde for proibida.<\/p>\n<p>N\u00e3o garantimos que a qualidade de quaisquer produtos, servi\u00e7os, informa\u00e7\u00f5es ou outro material comprado ou obtido pelo utilizador corresponda \u00e0s suas expectativas, ou que quaisquer erros no Servi\u00e7o sejam corrigidos.<\/p>\n<p>SEC\u00c7\u00c3O 6 - EXACTID\u00c3O DA FACTURA\u00c7\u00c3O E INFORMA\u00c7\u00d5ES SOBRE A CONTA<\/p>\n<p>Reservamo-nos o direito de recusar qualquer encomenda que nos seja feita. Podemos, \u00e0 nossa discri\u00e7\u00e3o, limitar ou cancelar quantidades compradas por pessoa, por agregado familiar ou por encomenda. Estas restri\u00e7\u00f5es podem incluir encomendas efectuadas por ou sob a mesma conta de cliente, o mesmo cart\u00e3o de cr\u00e9dito e\/ou encomendas que utilizem o mesmo endere\u00e7o de fatura\u00e7\u00e3o e\/ou de envio.<\/p>\n<p>No caso de efectuarmos uma altera\u00e7\u00e3o ou cancelarmos uma encomenda, poderemos tentar notificar o utilizador, contactando-nos atrav\u00e9s do correio eletr\u00f3nico e\/ou do endere\u00e7o de fatura\u00e7\u00e3o\/n\u00famero de telefone fornecidos no momento em que a encomenda foi efectuada. Reservamo-nos o direito de limitar ou proibir encomendas que, na nossa opini\u00e3o, pare\u00e7am ter sido efectuadas por comerciantes, revendedores ou distribuidores.<\/p>\n<p>O utilizador concorda em fornecer informa\u00e7\u00f5es actuais, completas e exactas sobre a compra e a conta utilizadas para todas as compras efectuadas na nossa loja. O utilizador concorda em atualizar prontamente a sua conta e outras informa\u00e7\u00f5es, incluindo o seu endere\u00e7o de correio eletr\u00f3nico e os n\u00fameros e datas de validade do seu cart\u00e3o de cr\u00e9dito, para que possamos concluir as suas transac\u00e7\u00f5es e contact\u00e1-lo quando necess\u00e1rio.<\/p>\n<p>Para mais informa\u00e7\u00f5es, consulte a nossa Pol\u00edtica de devolu\u00e7\u00f5es.<\/p>\n<p>SEC\u00c7\u00c3O 7 - FERRAMENTAS OPCIONAIS<\/p>\n<p>Poderemos fornecer ao utilizador acesso a ferramentas de terceiros que n\u00e3o monitorizamos e sobre as quais n\u00e3o temos qualquer controlo ou interven\u00e7\u00e3o.<\/p>\n<p>O utilizador reconhece e concorda que fornecemos o acesso a essas ferramentas \"tal como est\u00e3o\" e \"conforme dispon\u00edveis\", sem quaisquer garantias, representa\u00e7\u00f5es ou condi\u00e7\u00f5es de qualquer tipo e sem qualquer endosso. N\u00e3o teremos qualquer responsabilidade decorrente ou relacionada com a utiliza\u00e7\u00e3o pelo utilizador de ferramentas fornecidas por terceiros.<\/p>\n<p>Qualquer utiliza\u00e7\u00e3o que o utilizador fa\u00e7a de ferramentas opcionais oferecidas atrav\u00e9s do s\u00edtio \u00e9 feita por sua conta e risco e o utilizador deve certificar-se de que conhece e aprova os termos em que essas ferramentas s\u00e3o fornecidas pelo(s) fornecedor(es) terceiro(s).<\/p>\n<p>Poderemos tamb\u00e9m, no futuro, oferecer-lhe novos servi\u00e7os e\/ou funcionalidades atrav\u00e9s do s\u00edtio Web (incluindo o lan\u00e7amento de novas ferramentas e recursos). Estas novas funcionalidades e\/ou servi\u00e7os tamb\u00e9m estar\u00e3o sujeitos a estes Termos de Servi\u00e7o.<\/p>\n<p>SEC\u00c7\u00c3O 8 - LIGA\u00c7\u00d5ES DE TERCEIROS<\/p>\n<p>Determinados conte\u00fados, produtos e servi\u00e7os dispon\u00edveis atrav\u00e9s do nosso Servi\u00e7o podem incluir material de terceiros.<\/p>\n<p>As liga\u00e7\u00f5es de terceiros neste s\u00edtio podem direccion\u00e1-lo para s\u00edtios Web de terceiros que n\u00e3o est\u00e3o associados a n\u00f3s. N\u00e3o somos respons\u00e1veis por examinar ou avaliar o conte\u00fado ou a exatid\u00e3o e n\u00e3o garantimos e n\u00e3o teremos qualquer obriga\u00e7\u00e3o ou responsabilidade por quaisquer materiais ou s\u00edtios Web de terceiros, ou por quaisquer materiais, produtos ou servi\u00e7os de terceiros.<\/p>\n<p>N\u00e3o somos respons\u00e1veis por quaisquer danos ou preju\u00edzos relacionados com a compra ou utiliza\u00e7\u00e3o de bens, servi\u00e7os, recursos, conte\u00fados ou quaisquer outras transac\u00e7\u00f5es efectuadas em liga\u00e7\u00e3o com s\u00edtios Web de terceiros. Analise cuidadosamente as pol\u00edticas e pr\u00e1ticas de terceiros e certifique-se de que as compreende antes de efetuar qualquer transa\u00e7\u00e3o. As queixas, reclama\u00e7\u00f5es, preocupa\u00e7\u00f5es ou quest\u00f5es relativas a produtos de terceiros devem ser dirigidas a esses terceiros.<\/p>\n<p>SEC\u00c7\u00c3O 9 - REAC\u00c7\u00d5ES DOS UTILIZADORES, SONDAGENS E OUTROS CONTRIBUTOS<\/p>\n<p>Se, a nosso pedido, o utilizador submeter determinadas submiss\u00f5es espec\u00edficas (por exemplo, inscri\u00e7\u00f5es em concursos) ou, sem um pedido nosso, submeter ideias criativas, sugest\u00f5es, propostas, planos ou outros materiais, quer online, por correio eletr\u00f3nico, por correio postal ou de outra forma (coletivamente, \"coment\u00e1rios\"), o utilizador concorda que podemos, em qualquer altura, sem restri\u00e7\u00f5es, editar, copiar, publicar, distribuir, traduzir ou utilizar de outra forma quaisquer coment\u00e1rios que nos tenha submetido. N\u00e3o temos e n\u00e3o teremos qualquer obriga\u00e7\u00e3o (1) de manter quaisquer coment\u00e1rios confidenciais; (2) de pagar uma indemniza\u00e7\u00e3o pelos coment\u00e1rios; ou (3) de responder aos coment\u00e1rios.<\/p>\n<p>Podemos, mas n\u00e3o temos qualquer obriga\u00e7\u00e3o de, monitorizar, editar ou remover conte\u00fados que consideremos ilegais, ofensivos, amea\u00e7adores, caluniosos, difamat\u00f3rios, pornogr\u00e1ficos, obscenos ou censur\u00e1veis ou que violem a propriedade intelectual de qualquer parte ou os Termos de Servi\u00e7o.<\/p>\n<p>O utilizador concorda que os seus coment\u00e1rios n\u00e3o violar\u00e3o os direitos de terceiros, incluindo direitos de autor, marcas comerciais, privacidade, personalidade ou outros direitos pessoais ou de propriedade. Concorda ainda que os seus coment\u00e1rios n\u00e3o conter\u00e3o material difamat\u00f3rio ou de outra forma ilegal, abusivo ou obsceno, nem conter\u00e3o v\u00edrus inform\u00e1ticos ou outro software malicioso que possa de alguma forma afetar o funcionamento do Servi\u00e7o ou de qualquer s\u00edtio Web relacionado. O utilizador n\u00e3o pode utilizar um endere\u00e7o de correio eletr\u00f3nico falso, utilizar uma identidade que n\u00e3o seja leg\u00edtima ou induzir terceiros ou a n\u00f3s em erro quanto \u00e0 origem dos seus coment\u00e1rios. O utilizador \u00e9 o \u00fanico respons\u00e1vel pelos coment\u00e1rios que faz e pela sua exatid\u00e3o. N\u00e3o assumimos qualquer responsabilidade relativamente aos coment\u00e1rios publicados pelo utilizador ou por terceiros.<\/p>\n<p>SEC\u00c7\u00c3O 10 - INFORMA\u00c7\u00d5ES PESSOAIS<\/p>\n<p>O envio de informa\u00e7\u00f5es pessoais atrav\u00e9s do S\u00edtio \u00e9 regido pela nossa Pol\u00edtica de Privacidade. Para consultar a nossa Pol\u00edtica de Privacidade.<\/p>\n<p>SEC\u00c7\u00c3O 11 - ERROS, INEXACTID\u00d5ES E OMISS\u00d5ES<\/p>\n<p>Ocasionalmente, poder\u00e1 haver informa\u00e7\u00f5es no nosso site ou no Servi\u00e7o que contenham erros tipogr\u00e1ficos, imprecis\u00f5es ou omiss\u00f5es que possam estar relacionados com descri\u00e7\u00f5es de produtos, pre\u00e7os, promo\u00e7\u00f5es, ofertas, custos de envio de produtos, tempo de tr\u00e2nsito e disponibilidade. Reservamo-nos o direito de corrigir quaisquer erros, inexactid\u00f5es ou omiss\u00f5es e de alterar ou atualizar informa\u00e7\u00f5es ou cancelar encomendas se qualquer informa\u00e7\u00e3o no Servi\u00e7o ou em qualquer s\u00edtio Web relacionado for inexacta, em qualquer altura e sem aviso pr\u00e9vio (incluindo depois de o utilizador ter submetido a sua encomenda).<\/p>\n<p>N\u00e3o assumimos qualquer obriga\u00e7\u00e3o de atualizar, corrigir ou clarificar qualquer informa\u00e7\u00e3o no Servi\u00e7o ou em qualquer s\u00edtio Web relacionado, incluindo, sem limita\u00e7\u00e3o, informa\u00e7\u00f5es sobre pre\u00e7os, exceto conforme exigido por lei. Nenhuma especifica\u00e7\u00e3o actualizada ou data de atualiza\u00e7\u00e3o aplicada no Servi\u00e7o ou em qualquer website relacionado deve ser considerada como indicando que todas as informa\u00e7\u00f5es no Servi\u00e7o ou em qualquer website relacionado foram modificadas ou actualizadas.<\/p>\n<p>SEC\u00c7\u00c3O 12 - UTILIZA\u00c7\u00d5ES PROIBIDAS<\/p>\n<p>Para al\u00e9m de outras proibi\u00e7\u00f5es estabelecidas nos Termos de Servi\u00e7o, o utilizador est\u00e1 proibido de utilizar o S\u00edtio ou o seu conte\u00fado: (a) para qualquer fim il\u00edcito; (b) para solicitar a outros que realizem ou participem em actos il\u00edcitos; (c) para violar quaisquer regulamentos, regras, leis ou portarias internacionais, federais, provinciais ou estatais; (d) para infringir ou violar os nossos direitos de propriedade intelectual ou os de terceiros (e) assediar, abusar, insultar, prejudicar, difamar, caluniar, injuriar, intimidar ou discriminar com base no g\u00e9nero, orienta\u00e7\u00e3o sexual, religi\u00e3o, etnia, ra\u00e7a, idade, nacionalidade ou defici\u00eancia; (f) apresentar informa\u00e7\u00f5es falsas ou enganosas; (g) carregar ou transmitir v\u00edrus ou qualquer outro c\u00f3digo malicioso que seja ou possa ser utilizado de qualquer forma que possa comprometer a funcionalidade ou o funcionamento do Servi\u00e7o ou de qualquer s\u00edtio Web relacionado, de outros s\u00edtios ou da Internet; (h) para recolher ou localizar informa\u00e7\u00f5es pessoais de terceiros; (i) para gerar spam, phish, pharm, pretext, spider, crawl ou scrape; (j) para qualquer finalidade obscena ou imoral; ou (k) para interferir ou contornar as carater\u00edsticas de seguran\u00e7a do Servi\u00e7o ou de qualquer s\u00edtio Web relacionado, de outros s\u00edtios ou da Internet. Reservamo-nos o direito de suspender a sua utiliza\u00e7\u00e3o do Servi\u00e7o ou de qualquer site relacionado por violar qualquer um dos itens de utiliza\u00e7\u00e3o proibida.<\/p>\n<p>SEC\u00c7\u00c3O 13 - EXCLUS\u00c3O DE GARANTIAS; LIMITA\u00c7\u00c3O DA RESPONSABILIDADE<\/p>\n<p>N\u00e3o garantimos nem asseguramos que a utiliza\u00e7\u00e3o do nosso servi\u00e7o seja ininterrupta, atempada, segura ou isenta de erros.<\/p>\n<p>N\u00e3o garantimos que os resultados que possam ser obtidos com a utiliza\u00e7\u00e3o do servi\u00e7o sejam exactos ou fi\u00e1veis.<\/p>\n<p>O utilizador concorda que, ocasionalmente, podemos remover o servi\u00e7o por per\u00edodos de tempo indefinidos ou cancelar o servi\u00e7o em qualquer altura sem aviso pr\u00e9vio.<\/p>\n<p>O utilizador concorda expressamente que a sua utiliza\u00e7\u00e3o ou capacidade de utiliza\u00e7\u00e3o do servi\u00e7o \u00e9 da sua exclusiva responsabilidade. O servi\u00e7o e todos os produtos e servi\u00e7os fornecidos atrav\u00e9s do servi\u00e7o s\u00e3o (exceto quando expressamente indicado por n\u00f3s) fornecidos \"tal como est\u00e3o\" e \"conforme dispon\u00edveis\" para a sua utiliza\u00e7\u00e3o, sem quaisquer representa\u00e7\u00f5es, garantias ou condi\u00e7\u00f5es de qualquer tipo, expressas ou impl\u00edcitas, incluindo todas as garantias ou condi\u00e7\u00f5es impl\u00edcitas de comercializa\u00e7\u00e3o, qualidade comercial, adequa\u00e7\u00e3o a um determinado fim, durabilidade, t\u00edtulo e n\u00e3o infra\u00e7\u00e3o.<\/p>\n<p>Em nenhum caso a FOS SYSTEMS SOLUTIONS S.L, os nossos diretores, administradores, funcion\u00e1rios, afiliados, agentes, contratantes, estagi\u00e1rios, fornecedores, prestadores de servi\u00e7os ou licenciadores ser\u00e3o respons\u00e1veis por quaisquer danos diretos, indirectos, incidentais, punitivos, especiais ou consequentes, perdas, reclama\u00e7\u00f5es ou danos de qualquer tipo, incluindo, sem limita\u00e7\u00e3o, perda de lucros, perda de receitas, perda de poupan\u00e7as, perda de dados, custos de substitui\u00e7\u00e3o ou quaisquer danos semelhantes, quer sejam baseados em contrato, delito (incluindo neglig\u00eancia), responsabilidade estrita ou outros, como resultado da utiliza\u00e7\u00e3o de quaisquer servi\u00e7os ou produtos adquiridos atrav\u00e9s do servi\u00e7o, ou por qualquer outra reclama\u00e7\u00e3o relacionada de alguma forma com a utiliza\u00e7\u00e3o do servi\u00e7o ou de qualquer produto, incluindo, mas n\u00e3o se limitando a, quaisquer erros ou omiss\u00f5es em qualquer conte\u00fado, ou qualquer perda ou dano de qualquer tipo incorrido como resultado da utiliza\u00e7\u00e3o do servi\u00e7o ou de qualquer conte\u00fado (ou produto) publicado, transmitido ou de outra forma disponibilizado atrav\u00e9s do servi\u00e7o, mesmo que avisado da sua possibilidade. Uma vez que alguns estados ou jurisdi\u00e7\u00f5es n\u00e3o permitem a exclus\u00e3o ou limita\u00e7\u00e3o de responsabilidade por danos consequentes ou acidentais, nesses estados ou jurisdi\u00e7\u00f5es, a nossa responsabilidade ser\u00e1 limitada ao m\u00e1ximo permitido por lei.<\/p>\n<p>SEC\u00c7\u00c3O 14 - INDEMNIZA\u00c7\u00c3O<\/p>\n<p>O utilizador concorda em indemnizar, defender e isentar a FOS SYSTEMS SOLUTIONS S.L. e os nossos pais, subsidi\u00e1rios, afiliados, parceiros, funcion\u00e1rios, diretores, agentes, contratantes, licenciadores, prestadores de servi\u00e7os, subcontratantes, fornecedores, estagi\u00e1rios e funcion\u00e1rios, de qualquer reclama\u00e7\u00e3o ou exig\u00eancia, incluindo honor\u00e1rios razo\u00e1veis de advogados, feita por qualquer terceiro devido a ou resultante da sua viola\u00e7\u00e3o dos Termos de Servi\u00e7o ou dos documentos que incorporam por refer\u00eancia, ou da sua viola\u00e7\u00e3o de qualquer lei ou dos direitos de um terceiro.<\/p>\n<p>SEC\u00c7\u00c3O 15 - DIVISIBILIDADE<\/p>\n<p>No caso de qualquer disposi\u00e7\u00e3o das presentes Condi\u00e7\u00f5es de Servi\u00e7o ser considerada ilegal, nula ou inexequ\u00edvel, essa disposi\u00e7\u00e3o ser\u00e1, no entanto, efectiva at\u00e9 ao limite m\u00e1ximo permitido pela lei aplic\u00e1vel e a parte inexequ\u00edvel ser\u00e1 considerada separada das presentes Condi\u00e7\u00f5es de Servi\u00e7o, n\u00e3o afectando essa determina\u00e7\u00e3o a validade da exequibilidade das restantes disposi\u00e7\u00f5es.<\/p>\n<p>SEC\u00c7\u00c3O 16 - RESCIS\u00c3O<\/p>\n<p>As obriga\u00e7\u00f5es e responsabilidades das partes contra\u00eddas antes da data de rescis\u00e3o subsistir\u00e3o, para todos os efeitos, \u00e0 rescis\u00e3o do presente acordo.<\/p>\n<p>Os presentes Termos de Servi\u00e7o s\u00e3o efectivos, salvo se e at\u00e9 serem rescindidos pelo utilizador ou por n\u00f3s. O utilizador pode rescindir os presentes Termos de Servi\u00e7o em qualquer altura, notificando-nos de que j\u00e1 n\u00e3o pretende utilizar os nossos servi\u00e7os ou quando deixar de utilizar o nosso s\u00edtio.<\/p>\n<p>Se, na nossa opini\u00e3o, o utilizador n\u00e3o cumprir, ou for suspeito de n\u00e3o cumprir, qualquer termo ou disposi\u00e7\u00e3o das presentes Condi\u00e7\u00f5es de Servi\u00e7o, podemos tamb\u00e9m rescindir o presente acordo em qualquer altura sem aviso pr\u00e9vio, e o utilizador continuar\u00e1 a ser respons\u00e1vel por todos os montantes devidos at\u00e9 \u00e0 data da rescis\u00e3o, inclusive; e\/ou podemos negar-lhe o acesso aos nossos servi\u00e7os (ou a qualquer parte dos mesmos) em conformidade.<\/p>\n<p>SEC\u00c7\u00c3O 17 - TOTALIDADE DO ACORDO<\/p>\n<p>O facto de n\u00e3o exercermos ou fazermos cumprir qualquer direito ou disposi\u00e7\u00e3o das presentes Condi\u00e7\u00f5es de Servi\u00e7o n\u00e3o constitui uma ren\u00fancia a esse direito ou disposi\u00e7\u00e3o.<\/p>\n<p>Estes Termos de Servi\u00e7o e quaisquer pol\u00edticas ou regras de funcionamento publicadas por n\u00f3s neste site ou relativamente ao Servi\u00e7o constituem o acordo e entendimento integral entre o utilizador e n\u00f3s e regem a sua utiliza\u00e7\u00e3o do Servi\u00e7o e substituem quaisquer acordos, comunica\u00e7\u00f5es e propostas anteriores ou contempor\u00e2neos, orais ou escritos, entre o utilizador e n\u00f3s (incluindo, mas n\u00e3o se limitando a, quaisquer vers\u00f5es anteriores dos Termos de Servi\u00e7o).<\/p>\n<p>Qualquer ambiguidade na interpreta\u00e7\u00e3o das presentes Condi\u00e7\u00f5es de Servi\u00e7o n\u00e3o deve ser interpretada contra o grupo redator.<\/p>\n<p>SEC\u00c7\u00c3O 18 - LEI<\/p>\n<p>Estes Termos de Servi\u00e7o e quaisquer acordos separados em que prestemos servi\u00e7os ao utilizador ser\u00e3o regidos e interpretados de acordo com as leis de CALLE ALONSO CANO 66, SOTANO 2 LOCAL 1, Madrid, MD, 28003, Espanha.<\/p>\n<p>SEC\u00c7\u00c3O 19 - ALTERA\u00c7\u00d5ES \u00c0S CONDI\u00c7\u00d5ES DE SERVI\u00c7O<\/p>\n<p>Pode consultar a vers\u00e3o mais atual dos Termos de Servi\u00e7o em qualquer altura nesta p\u00e1gina.<\/p>\n<p>Reservamo-nos o direito, a nosso exclusivo crit\u00e9rio, de atualizar, modificar ou substituir qualquer parte destes Termos de Servi\u00e7o, publicando actualiza\u00e7\u00f5es e altera\u00e7\u00f5es no nosso Web site. \u00c9 da responsabilidade do utilizador verificar periodicamente se existem altera\u00e7\u00f5es no nosso Web site. O uso continuado ou o acesso ao nosso s\u00edtio Web ou ao Servi\u00e7o ap\u00f3s a publica\u00e7\u00e3o de quaisquer altera\u00e7\u00f5es a estes Termos de Servi\u00e7o constitui aceita\u00e7\u00e3o dessas altera\u00e7\u00f5es.<\/p>\n<p>SEC\u00c7\u00c3O 20 - INFORMA\u00c7\u00d5ES DE CONTACTO<\/p>\n<p>As perguntas sobre os Termos de Servi\u00e7o devem ser enviadas para admin@fos.systems.<\/p>","protected":false},"excerpt":{"rendered":"<p>T\u00c9RMINOS DE SERVICIO INFORMACI\u00d3N GENERAL Este sitio web es operado por FOS SYSTEMS SOLUTIONS S.L. En todo el sitio, los t\u00e9rminos \u201cnosotros\u201d, \u201cnos\u201d y \u201cnuestro\u201d&#8230;<\/p>","protected":false},"author":1,"featured_media":0,"parent":0,"menu_order":0,"comment_status":"closed","ping_status":"closed","template":"","meta":{"footnotes":""},"class_list":["post-7351","page","type-page","status-publish"],"jetpack_sharing_enabled":true,"jetpack-related-posts":[],"jetpack_shortlink":"https:\/\/wp.me\/PfY7gm-1Uz","_links":{"self":[{"href":"https:\/\/fos.consulting\/pt\/wp-json\/wp\/v2\/pages\/7351","targetHints":{"allow":["GET"]}}],"collection":[{"href":"https:\/\/fos.consulting\/pt\/wp-json\/wp\/v2\/pages"}],"about":[{"href":"https:\/\/fos.consulting\/pt\/wp-json\/wp\/v2\/types\/page"}],"author":[{"embeddable":true,"href":"https:\/\/fos.consulting\/pt\/wp-json\/wp\/v2\/users\/1"}],"replies":[{"embeddable":true,"href":"https:\/\/fos.consulting\/pt\/wp-json\/wp\/v2\/comments?post=7351"}],"version-history":[{"count":2,"href":"https:\/\/fos.consulting\/pt\/wp-json\/wp\/v2\/pages\/7351\/revisions"}],"predecessor-version":[{"id":7353,"href":"https:\/\/fos.consulting\/pt\/wp-json\/wp\/v2\/pages\/7351\/revisions\/7353"}],"wp:attachment":[{"href":"https:\/\/fos.consulting\/pt\/wp-json\/wp\/v2\/media?parent=7351"}],"curies":[{"name":"wp","href":"https:\/\/api.w.org\/{rel}","templated":true}]}}