{"id":7354,"date":"2021-02-25T17:49:12","date_gmt":"2021-02-25T17:49:12","guid":{"rendered":"https:\/\/fos.consulting\/?page_id=7354"},"modified":"2021-02-25T17:49:12","modified_gmt":"2021-02-25T17:49:12","slug":"politica-de-devoluciones","status":"publish","type":"page","link":"https:\/\/fos.consulting\/pt\/politica-de-devoluciones\/","title":{"rendered":"Pol\u00edtica de devolu\u00e7\u00e3o"},"content":{"rendered":"<p>DEVOLU\u00c7\u00d5ES<\/p>\n<p>A nossa pol\u00edtica tem uma dura\u00e7\u00e3o de 30 dias. Se tiverem passado 30 dias desde a sua compra, infelizmente n\u00e3o podemos oferecer um reembolso ou uma troca.<\/p>\n<p>Para ser eleg\u00edvel para uma devolu\u00e7\u00e3o, o artigo n\u00e3o deve ser utilizado e deve estar nas mesmas condi\u00e7\u00f5es em que o recebeu. Deve tamb\u00e9m estar na sua embalagem original.<\/p>\n<p>H\u00e1 v\u00e1rios tipos de bens que n\u00e3o podem ser devolvidos. Os produtos perec\u00edveis, como alimentos, flores, jornais ou revistas, n\u00e3o podem ser devolvidos. Tamb\u00e9m n\u00e3o aceitamos produtos que sejam bens \u00edntimos ou sanit\u00e1rios, materiais perigosos ou l\u00edquidos ou gases inflam\u00e1veis.<\/p>\n<p>Produtos adicionais n\u00e3o recuper\u00e1veis:<br \/>\n* Cart\u00f5es de oferta<br \/>\n* Produtos de software descarreg\u00e1veis<br \/>\n* Alguns produtos de sa\u00fade e de higiene pessoal<\/p>\n<p>Para efetuar a sua devolu\u00e7\u00e3o, necessitamos de um recibo ou prova de compra.<\/p>\n<p>Por favor, n\u00e3o devolva a sua compra ao fabricante.<\/p>\n<p>Existem algumas situa\u00e7\u00f5es em que apenas podem ser garantidos reembolsos parciais: (se aplic\u00e1vel)<br \/>\n* Livros com sinais evidentes de utiliza\u00e7\u00e3o<br \/>\n* CDs, DVDs, fitas VHS, software, jogos de v\u00eddeo, cassetes ou discos de vinil que tenham sido abertos.<br \/>\n* Qualquer artigo que n\u00e3o esteja no seu estado original, que esteja danificado ou que faltem pe\u00e7as por motivos alheios \u00e0 nossa vontade.<br \/>\n* Qualquer artigo que seja devolvido mais de 30 dias ap\u00f3s o envio.<\/p>\n<p>Reembolsos (se aplic\u00e1vel)<br \/>\nAssim que a sua devolu\u00e7\u00e3o for recebida e inspeccionada, enviaremos uma mensagem de correio eletr\u00f3nico para o notificar de que recebemos a sua devolu\u00e7\u00e3o. Tamb\u00e9m o notificaremos da aprova\u00e7\u00e3o ou rejei\u00e7\u00e3o do seu reembolso.<br \/>\nSe for aprovado, o seu reembolso ser\u00e1 processado e um cr\u00e9dito ser\u00e1 automaticamente aplicado ao seu cart\u00e3o de cr\u00e9dito ou m\u00e9todo de pagamento original, dentro de um determinado n\u00famero de dias.<\/p>\n<p>Reembolsos atrasados ou perdidos (se aplic\u00e1vel)<br \/>\nSe ainda n\u00e3o recebeu o seu reembolso, verifique novamente a sua conta banc\u00e1ria.<br \/>\nEm seguida, contacte a empresa do seu cart\u00e3o de cr\u00e9dito, pois pode demorar algum tempo at\u00e9 que o seu reembolso seja oficialmente publicado.<br \/>\nO pr\u00f3ximo passo \u00e9 contactar o seu banco. Geralmente, leva algum tempo at\u00e9 que o reembolso seja lan\u00e7ado.<br \/>\nSe seguiu todos estes passos e ainda n\u00e3o recebeu o seu reembolso, contacte-nos atrav\u00e9s de admin@fos.systems.<\/p>\n<p>Artigos em saldos (se aplic\u00e1vel)<br \/>\nApenas os artigos de pre\u00e7o normal ser\u00e3o reembolsados. Infelizmente, os produtos em promo\u00e7\u00e3o n\u00e3o podem ser reembolsados.<\/p>\n<p>Trocas (se aplic\u00e1vel)<br \/>\nApenas substitu\u00edmos artigos defeituosos ou danificados. Se precisar de o trocar pelo mesmo artigo, envie-nos um e-mail para admin@fos.systems e envie o artigo para: CALLE ALONSO CANO 66, SOTANO 2 LOCAL 1, Madrid, MD, 28003, Espanha.<\/p>\n<p>Presentes<br \/>\nSe o artigo tiver sido marcado como um presente quando foi comprado e enviado diretamente para si, receber\u00e1 um cr\u00e9dito de presente no valor da devolu\u00e7\u00e3o. Assim que recebermos o artigo, ser-lhe-\u00e1 enviado um certificado de oferta.<\/p>\n<p>Se o artigo n\u00e3o tiver sido marcado como presente quando foi comprado, ou se o presente tiver sido enviado ao comprador para lhe ser entregue posteriormente, enviaremos um reembolso ao comprador e este ter\u00e1 conhecimento da sua devolu\u00e7\u00e3o.<\/p>\n<p>Envio<br \/>\nPara devolver o seu produto, deve envi\u00e1-lo para: CALLE ALONSO CANO 66, SOTANO 2 LOCAL 1, Madrid, MD, 28003, Espanha.<\/p>\n<p>O cliente ser\u00e1 respons\u00e1vel pelo pagamento dos custos de envio para a devolu\u00e7\u00e3o do artigo. Os custos de envio n\u00e3o s\u00e3o reembols\u00e1veis. Se receber um reembolso, os custos de envio da devolu\u00e7\u00e3o ser\u00e3o deduzidos do seu reembolso.<\/p>\n<p>Dependendo do local onde vive, o tempo necess\u00e1rio para receber o produto trocado pode variar.<\/p>\n<p>Se estiver a enviar um produto de valor superior a 50 euros, deve considerar a utiliza\u00e7\u00e3o de um servi\u00e7o de transporte rastre\u00e1vel ou a aquisi\u00e7\u00e3o de um seguro de transporte. N\u00e3o garantimos a rece\u00e7\u00e3o da sua devolu\u00e7\u00e3o.<\/p>","protected":false},"excerpt":{"rendered":"<p>DEVOLUCIONES Nuestra pol\u00edtica tiene una duraci\u00f3n de 30 d\u00edas. Si 30 d\u00edas han pasado desde Tu compra, por desgracia no podemos ofrecer un reembolso o&#8230;<\/p>","protected":false},"author":1,"featured_media":0,"parent":0,"menu_order":0,"comment_status":"closed","ping_status":"closed","template":"","meta":{"footnotes":""},"class_list":["post-7354","page","type-page","status-publish"],"jetpack_sharing_enabled":true,"jetpack-related-posts":[],"jetpack_shortlink":"https:\/\/wp.me\/PfY7gm-1UC","_links":{"self":[{"href":"https:\/\/fos.consulting\/pt\/wp-json\/wp\/v2\/pages\/7354","targetHints":{"allow":["GET"]}}],"collection":[{"href":"https:\/\/fos.consulting\/pt\/wp-json\/wp\/v2\/pages"}],"about":[{"href":"https:\/\/fos.consulting\/pt\/wp-json\/wp\/v2\/types\/page"}],"author":[{"embeddable":true,"href":"https:\/\/fos.consulting\/pt\/wp-json\/wp\/v2\/users\/1"}],"replies":[{"embeddable":true,"href":"https:\/\/fos.consulting\/pt\/wp-json\/wp\/v2\/comments?post=7354"}],"version-history":[{"count":1,"href":"https:\/\/fos.consulting\/pt\/wp-json\/wp\/v2\/pages\/7354\/revisions"}],"predecessor-version":[{"id":7355,"href":"https:\/\/fos.consulting\/pt\/wp-json\/wp\/v2\/pages\/7354\/revisions\/7355"}],"wp:attachment":[{"href":"https:\/\/fos.consulting\/pt\/wp-json\/wp\/v2\/media?parent=7354"}],"curies":[{"name":"wp","href":"https:\/\/api.w.org\/{rel}","templated":true}]}}