{"id":7726,"date":"2021-03-02T18:49:52","date_gmt":"2021-03-02T17:49:52","guid":{"rendered":"https:\/\/fos.consulting\/?page_id=7726"},"modified":"2021-03-04T11:23:50","modified_gmt":"2021-03-04T10:23:50","slug":"agora-bookings-2","status":"publish","type":"page","link":"https:\/\/fos.consulting\/pt\/agora-bookings-2\/","title":{"rendered":"\u00c1gora Bookings"},"content":{"rendered":"<div id=\"fws_69d2897f40b31\"  data-column-margin=\"default\" data-midnight=\"dark\"  class=\"wpb_row vc_row-fluid vc_row full-width-content vc_row-o-equal-height vc_row-flex vc_row-o-content-top\"  style=\"padding-top: 0px; padding-bottom: 0px; \"><div class=\"row-bg-wrap\" data-bg-animation=\"none\" data-bg-animation-delay=\"\" data-bg-overlay=\"false\"><div class=\"inner-wrap row-bg-layer\" ><div class=\"row-bg viewport-desktop using-bg-color\"  style=\"background-color: #ffffff; \"><\/div><\/div><\/div><div class=\"row_col_wrap_12 col span_12 dark left\">\n\t<div style=\"\" class=\"vc_col-sm-12 wpb_column column_container vc_column_container col centered-text no-extra-padding\" data-using-bg=\"true\" data-padding-pos=\"all\" data-has-bg-color=\"true\" data-bg-color=\"#ffffff\" data-bg-opacity=\"1\" data-animation=\"\" data-delay=\"0\" >\n\t\t<div class=\"vc_column-inner\" ><div class=\"column-bg-overlay-wrap column-bg-layer\" data-bg-animation=\"none\"><div class=\"column-bg-overlay\" style=\"opacity: 1; background-color: #ffffff;\"><\/div><\/div>\n\t\t\t<div class=\"wpb_wrapper\">\n\t\t\t\t<div class=\"divider-wrap\" data-alignment=\"default\"><div style=\"height: 30px;\" class=\"divider\"><\/div><\/div>\n\t\t\t<\/div> \n\t\t<\/div>\n\t<\/div> \n<\/div><\/div>\n\t\t<div id=\"fws_69d2897f448a1\"  data-column-margin=\"default\" data-midnight=\"dark\" data-top-percent=\"4%\"  class=\"wpb_row vc_row-fluid vc_row full-width-content vc_row-o-equal-height vc_row-flex vc_row-o-content-top\"  style=\"padding-top: calc(100vw * 0.04); padding-bottom: 20px; \"><div class=\"row-bg-wrap\" data-bg-animation=\"none\" data-bg-animation-delay=\"\" data-bg-overlay=\"false\"><div class=\"inner-wrap row-bg-layer using-image\" ><div class=\"row-bg viewport-desktop using-image\"  style=\"background-image: url(https:\/\/i0.wp.com\/fos.consulting\/wp-content\/uploads\/2021\/03\/agora_bookings-1.jpg?fit=2000%2C654&#038;ssl=1); background-position: left top; background-repeat: no-repeat; \"><\/div><\/div><\/div><div class=\"row_col_wrap_12 col span_12 dark left\">\n\t<div  class=\"vc_col-sm-12 wpb_column column_container vc_column_container col padding-8-percent\"  data-padding-pos=\"all\" data-has-bg-color=\"false\" data-bg-color=\"\" data-bg-opacity=\"1\" data-animation=\"\" data-delay=\"0\" >\n\t\t<div class=\"vc_column-inner\" >\n\t\t\t<div class=\"wpb_wrapper\">\n\t\t\t\t<div class=\"img-with-aniamtion-wrap\" data-max-width=\"100%\" data-max-width-mobile=\"100%\" data-shadow=\"x_large_depth\" data-animation=\"grow-in\" >\n      <div class=\"inner\">\n        <div class=\"hover-wrap\"> \n          <div class=\"hover-wrap-inner\">\n            <img loading=\"lazy\" decoding=\"async\" class=\"img-with-animation skip-lazy\" data-delay=\"0\" height=\"200\" width=\"200\" data-animation=\"grow-in\" src=\"https:\/\/i0.wp.com\/fos.consulting\/wp-content\/uploads\/2021\/03\/agora_bookings.jpg?fit=200%2C200&#038;ssl=1\" alt=\"\" srcset=\"https:\/\/i0.wp.com\/fos.consulting\/wp-content\/uploads\/2021\/03\/agora_bookings.jpg?w=200&ssl=1 200w, https:\/\/i0.wp.com\/fos.consulting\/wp-content\/uploads\/2021\/03\/agora_bookings.jpg?resize=150%2C150&ssl=1 150w, https:\/\/i0.wp.com\/fos.consulting\/wp-content\/uploads\/2021\/03\/agora_bookings.jpg?resize=100%2C100&ssl=1 100w, https:\/\/i0.wp.com\/fos.consulting\/wp-content\/uploads\/2021\/03\/agora_bookings.jpg?resize=140%2C140&ssl=1 140w\" sizes=\"auto, (max-width: 200px) 100vw, 200px\" \/>\n          <\/div>\n        <\/div>\n      <\/div>\n    <\/div>\n\t\t\t<\/div> \n\t\t<\/div>\n\t<\/div> \n<\/div><\/div>\n\t\t<div id=\"fws_69d2897f46097\"  data-column-margin=\"default\" data-midnight=\"dark\"  class=\"wpb_row vc_row-fluid vc_row vc_row-o-full-height vc_row-o-columns-middle vc_row-o-equal-height vc_row-flex\"  style=\"padding-top: 15px; padding-bottom: 0px; \"><div class=\"row-bg-wrap\" data-bg-animation=\"none\" data-bg-animation-delay=\"\" data-bg-overlay=\"false\"><div class=\"inner-wrap row-bg-layer\" ><div class=\"row-bg viewport-desktop using-bg-color\"  style=\"background-color: #ffffff; \"><\/div><\/div><\/div><div class=\"row_col_wrap_12 col span_12 dark left\">\n\t<div  class=\"vc_col-sm-6 wpb_column column_container vc_column_container col padding-2-percent\"  data-padding-pos=\"all\" data-has-bg-color=\"false\" data-bg-color=\"\" data-bg-opacity=\"1\" data-animation=\"\" data-delay=\"0\" >\n\t\t<div class=\"vc_column-inner\" >\n\t\t\t<div class=\"wpb_wrapper\">\n\t\t\t\t<div class=\"nectar-split-heading\" data-align=\"default\" data-m-align=\"inherit\" data-text-effect=\"default\" data-animation-type=\"default\" data-animation-delay=\"0\" data-animation-offset=\"\" data-m-rm-animation=\"\" data-stagger=\"\" data-custom-font-size=\"false\" ><div class=\"heading-line\" > <div><h2><span style=\"color: #e15595\">O gestor de reservas da \u00c1gora <\/span><span style=\"color: #e15595\">para Restaurantes.<\/span><\/h2> <\/div> <\/div><div class=\"heading-line\" > <div><h2 style=\"color: #e15595\"><span style=\"color: #e15595\">A melhor tecnologia para gerir as reservas.<\/span><\/h2> <\/div> <\/div><\/div><div id=\"fws_69d2897f47038\" data-midnight=\"\" data-column-margin=\"default\" class=\"wpb_row vc_row-fluid vc_row inner_row\"  style=\"padding-top: 15px; padding-bottom: 25px; \"><div class=\"row-bg-wrap\"> <div class=\"row-bg\" ><\/div> <\/div><div class=\"row_col_wrap_12_inner col span_12  left\">\n\t<div  class=\"vc_col-sm-12 wpb_column column_container vc_column_container col child_column has-animation no-extra-padding\"   data-padding-pos=\"all\" data-has-bg-color=\"false\" data-bg-color=\"\" data-bg-opacity=\"1\" data-animation=\"fade-in-from-bottom\" data-delay=\"0\" >\n\t\t<div class=\"vc_column-inner\" >\n\t\t<div class=\"wpb_wrapper\">\n\t\t\t\n<div class=\"wpb_text_column wpb_content_element\" >\n\t<div class=\"wpb_wrapper\">\n\t\t<p><span style=\"color: #e15595;\"><strong>O SEU PR\u00d3PRIO GESTOR DE RESERVAS<\/strong><\/span> <span style=\"color: #999999;\">Sem intermedi\u00e1rios, sem comiss\u00f5es. Conhe\u00e7a os seus clientes, fidelize-os e aumente o desempenho das suas instala\u00e7\u00f5es. <\/span><strong><span style=\"color: #e15595;\">LIGADO \u00c0 \u00c1GORA<\/span> <span style=\"color: #e15595;\">RESTAURANTE<\/span>&nbsp; <\/strong><span style=\"color: #999999;\">Quando uma mesa \u00e9 fechada no seu POS, os seus clientes v\u00eaem-na imediatamente no \u00c1gora Bookings. Com a possibilidade de reservar 24 horas por dia, 7 dias por semana. <\/span><span style=\"color: #e15595;\"><strong>SIMPLES E INTUITIVO <\/strong><\/span><span style=\"color: #999999;\">Poder\u00e1 tirar o m\u00e1ximo partido dele desde o primeiro dia.<\/span><\/p>\n\t<\/div>\n<\/div>\n\n\n\n<div class=\"img-with-aniamtion-wrap center\" data-max-width=\"100%\" data-max-width-mobile=\"100%\" data-shadow=\"none\" data-animation=\"fade-in\" >\n      <div class=\"inner\">\n        <div class=\"hover-wrap\"> \n          <div class=\"hover-wrap-inner\">\n            <img loading=\"lazy\" decoding=\"async\" class=\"img-with-animation skip-lazy\" data-delay=\"0\" height=\"530\" width=\"1000\" data-animation=\"fade-in\" src=\"https:\/\/i0.wp.com\/fos.consulting\/wp-content\/uploads\/2021\/03\/devices_contacto.png?fit=1000%2C530&#038;ssl=1\" alt=\"\" srcset=\"https:\/\/i0.wp.com\/fos.consulting\/wp-content\/uploads\/2021\/03\/devices_contacto.png?w=1000&ssl=1 1000w, https:\/\/i0.wp.com\/fos.consulting\/wp-content\/uploads\/2021\/03\/devices_contacto.png?resize=300%2C159&ssl=1 300w, https:\/\/i0.wp.com\/fos.consulting\/wp-content\/uploads\/2021\/03\/devices_contacto.png?resize=768%2C407&ssl=1 768w, https:\/\/i0.wp.com\/fos.consulting\/wp-content\/uploads\/2021\/03\/devices_contacto.png?resize=400%2C212&ssl=1 400w\" sizes=\"auto, (max-width: 1000px) 100vw, 1000px\" \/>\n          <\/div>\n        <\/div>\n      <\/div>\n    <\/div>\n\t\t<\/div> \n\t<\/div>\n\t<\/div> \n<\/div><\/div>\n\t\t\t<\/div> \n\t\t<\/div>\n\t<\/div> \n\n\t<div  class=\"vc_col-sm-3 wpb_column column_container vc_column_container col padding-2-percent\"  data-padding-pos=\"all\" data-has-bg-color=\"false\" data-bg-color=\"\" data-bg-opacity=\"1\" data-animation=\"\" data-delay=\"0\" >\n\t\t<div class=\"vc_column-inner\" >\n\t\t\t<div class=\"wpb_wrapper\">\n\t\t\t\t\n<div class=\"wpb_text_column wpb_content_element  vc_custom_1614790613642\" >\n\t<div class=\"wpb_wrapper\">\n\t\t<h5><span style=\"color: #e15595;\">A solu\u00e7\u00e3o completa para a sua empresa<\/span><\/h5>\n\t<\/div>\n<\/div>\n\n\n\n<div class=\"nectar-fancy-ul\" data-list-icon=\"icon-salient-thin-line\" data-animation=\"true\" data-animation-delay=\"0\" data-color=\"accent-color\" data-spacing=\"default\" data-alignment=\"left\"> \n<ul>\n<li><span style=\"color: #999999;\">Base de dados pr\u00f3pria<\/span><\/li>\n<li><span style=\"color: #999999;\">Reservas ilimitadas<\/span><\/li>\n<li><span style=\"color: #999999;\">Sem taxa de reserva<\/span><\/li>\n<li><span style=\"color: #999999;\">Sem comiss\u00f5es<\/span><\/li>\n<li><span style=\"color: #999999;\">Integrado com o seu POS<\/span><\/li>\n<\/ul>\n <\/div><div class=\"nectar-fancy-ul\" data-list-icon=\"icon-salient-thin-line\" data-animation=\"true\" data-animation-delay=\"0\" data-color=\"accent-color\" data-spacing=\"default\" data-alignment=\"left\"> \n<ul>\n<li><span style=\"color: #999999;\">Gest\u00e3o Web total<\/span><\/li>\n<li><span style=\"color: #999999;\">Possibilidade de oferecer menus e promo\u00e7\u00f5es<\/span><\/li>\n<li><span style=\"color: #999999;\">Possibilidade de carregar o sinal<\/span><\/li>\n<li><span style=\"color: #999999;\">Criar campanhas de marketing<\/span><\/li>\n<\/ul>\n <\/div><div class=\"divider-wrap\" data-alignment=\"default\"><div  class=\"divider\"><\/div><\/div><a class=\"nectar-button large regular extra-color-2  regular-button\"  role=\"button\" style=\"margin-top: 282px; margin-left: 20px;background-color: #e15595;\"  href=\"http:\/\/demo.agorapos.com\/\" data-color-override=\"#e15595\" data-hover-color-override=\"false\" data-hover-text-color-override=\"#fff\"><span>Experimentar uma demonstra\u00e7\u00e3o<\/span><\/a>\n\t\t\t<\/div> \n\t\t<\/div>\n\t<\/div> \n\n\t<div  class=\"vc_col-sm-3 wpb_column column_container vc_column_container col padding-2-percent\"  data-padding-pos=\"all\" data-has-bg-color=\"false\" data-bg-color=\"\" data-bg-opacity=\"1\" data-animation=\"\" data-delay=\"0\" >\n\t\t<div class=\"vc_column-inner\" >\n\t\t\t<div class=\"wpb_wrapper\">\n\t\t\t\t<div class=\"img-with-aniamtion-wrap\" data-max-width=\"150%\" data-max-width-mobile=\"100%\" data-shadow=\"none\" data-animation=\"fade-in\" >\n      <div class=\"inner\">\n        <div class=\"hover-wrap\"> \n          <div class=\"hover-wrap-inner\">\n            <img loading=\"lazy\" decoding=\"async\" class=\"img-with-animation skip-lazy\" data-delay=\"0\" height=\"699\" width=\"659\" data-animation=\"fade-in\" src=\"https:\/\/i0.wp.com\/fos.consulting\/wp-content\/uploads\/2021\/03\/portatil.jpg?fit=659%2C699&#038;ssl=1\" alt=\"\" srcset=\"https:\/\/i0.wp.com\/fos.consulting\/wp-content\/uploads\/2021\/03\/portatil.jpg?w=659&ssl=1 659w, https:\/\/i0.wp.com\/fos.consulting\/wp-content\/uploads\/2021\/03\/portatil.jpg?resize=283%2C300&ssl=1 283w\" sizes=\"auto, (max-width: 659px) 100vw, 659px\" \/>\n          <\/div>\n        <\/div>\n      <\/div>\n    <\/div><div class=\"divider-wrap\" data-alignment=\"default\"><div style=\"height: 50px;\" class=\"divider\"><\/div><\/div>\n\t\t\t<\/div> \n\t\t<\/div>\n\t<\/div> \n<\/div><\/div>\n\t\t<div id=\"fws_69d2897f4eb06\"  data-column-margin=\"default\" data-midnight=\"dark\"  class=\"wpb_row vc_row-fluid vc_row full-width-section\"  style=\"padding-top: 0px; padding-bottom: 0px; \"><div class=\"row-bg-wrap\" data-bg-animation=\"none\" data-bg-animation-delay=\"\" data-bg-overlay=\"false\"><div class=\"inner-wrap row-bg-layer\" ><div class=\"row-bg viewport-desktop\"  style=\"\"><\/div><\/div><\/div><div class=\"row_col_wrap_12 col span_12 dark left\">\n\t<div  class=\"vc_col-sm-12 wpb_column column_container vc_column_container col padding-1-percent\"  data-padding-pos=\"all\" data-has-bg-color=\"false\" data-bg-color=\"\" data-bg-opacity=\"1\" data-animation=\"\" data-delay=\"0\" >\n\t\t<div class=\"vc_column-inner\" >\n\t\t\t<div class=\"wpb_wrapper\">\n\t\t\t\t<div class=\"row pricing-table three-cols\" data-style=\"flat-alternative\"><div class=\"pricing-column no-highlight extra-color-1\">\n\t\t\t<h3>ESSENCIAIS<\/h3>\n          <div class=\"pricing-column-content\">\n\t\t\t<h4> <span class=\"dollar-sign\">$<\/span> 49 \u20ac <\/h4>\n\t\t\t<span class=\"interval\">M\u00eas<\/span>\n<ul class=\"features\">\n<li><i class=\"icon-tiny fa fa-check extra-color-1\"><\/i>Taxas de reserva<\/li>\n<li><i class=\"icon-tiny fa fa-check extra-color-1\"><\/i>Compromisso de perman\u00eancia<\/li>\n<li><i class=\"icon-tiny fa fa-check extra-color-1\"><\/i>Limite mensal de reservas<\/li>\n<li><i class=\"icon-tiny fa fa-check extra-color-1\"><\/i>Livro de reservas digital<\/li>\n<li><i class=\"icon-tiny fa fa-check extra-color-1\"><\/i>Anotar as marca\u00e7\u00f5es telef\u00f3nicas e os incidentes<\/li>\n<li><i class=\"icon-tiny fa fa-check extra-color-1\"><\/i>Aceitar reservas 24 horas por dia a partir do seu s\u00edtio Web, Facebook, etc.<\/li>\n<li><i class=\"icon-tiny fa fa-check extra-color-1\"><\/i>Widget de reserva personalizado<\/li>\n<li><i class=\"icon-tiny fa fa-check extra-color-1\"><\/i>Controlo global das reservas por telefone, porta-a-porta e em linha<\/li>\n<li><i class=\"icon-tiny fa fa-check extra-color-1\"><\/i>Planta interactiva da sala<\/li>\n<li><i class=\"icon-tiny fa fa-check extra-color-1\"><\/i>Confirma\u00e7\u00e3o autom\u00e1tica e lembrete da reserva para o cliente<\/li>\n<li><i class=\"icon-tiny fa fa-check extra-color-1\"><\/i>Imprimir facilmente a lista de reservas<\/li>\n<li><i class=\"icon-tiny fa fa-check extra-color-1\"><\/i>A sua pr\u00f3pria base de dados de clientes<\/li>\n<li><i class=\"icon-tiny fa fa-check extra-color-1\"><\/i>Atribui\u00e7\u00e3o inteligente de tabelas (opcional)<\/li>\n<li><i class=\"icon-tiny fa fa-check extra-color-1\"><\/i>O cliente pode cancelar a reserva a partir do seu telem\u00f3vel<\/li>\n<li><i class=\"icon-tiny fa fa-check extra-color-1\"><\/i>CRM do cliente: hist\u00f3rico, prefer\u00eancias e notas<\/li>\n<li><i class=\"icon-tiny fa fa-check extra-color-1\"><\/i>Enviar inqu\u00e9ritos de satisfa\u00e7\u00e3o aos clientes<\/li>\n<li><i class=\"icon-tiny fa fa-check extra-color-1\"><\/i>Melhore a sua reputa\u00e7\u00e3o no TripAdvisor<\/li>\n<li><i class=\"icon-tiny fa fa-check extra-color-1\"><\/i>Personalize as suas mensagens de confirma\u00e7\u00e3o e de lembrete<\/li>\n<li><i class=\"icon-tiny fa fa-check extra-color-1\"><\/i>An\u00e1lise de neg\u00f3cios e reservas<\/li>\n<li><i class=\"icon-tiny fa fa-check extra-color-1\"><\/i>Criar os seus pr\u00f3prios menus e configurar a sua disponibilidade<\/li>\n<li><i class=\"icon-tiny fa fa-check extra-color-1\"><\/i>Criar promo\u00e7\u00f5es e condi\u00e7\u00f5es de reserva por dias e servi\u00e7os.<\/li>\n<li><i class=\"icon-tiny fa fa-check extra-color-1\"><\/i>Ajuda interactiva remota<\/li>\n<li><i class=\"icon-tiny fa fa-check extra-color-1\"><\/i>Adicione o seu pr\u00f3prio banner publicit\u00e1rio no rodap\u00e9 do widget<\/li>\n<li><del><i class=\"icon-tiny fa fa-check extra-color-1\"><\/i>Reconfirma\u00e7\u00e3o autom\u00e1tica de reservas<\/del><\/li>\n<li><del><i class=\"icon-tiny fa fa-check extra-color-1\"><\/i>Pol\u00edtica de cancelamento e pol\u00edtica de cobran\u00e7a de sinal de cart\u00e3o<\/del><\/li>\n<li><del><i class=\"icon-tiny fa fa-check extra-color-1\"><\/i>Venda cruzada entre restaurantes do grupo <\/del><\/li>\n<\/ul>\n<a class=\"nectar-button n-sc-button large see-through has-icon\"  href=\"https:\/\/fos.consulting\/pt\/formulario-de-alta-agora-bookings\/\" data-color-override=\"#e15595\" data-hover-color-override=\"false\" data-hover-text-color-override=\"#e15595\"><span>Aluguer<\/span><i class=\"icon-button-arrow\"><\/i><\/a><\/div><\/div><div class=\"pricing-column highlight accent-color\">\n\t\t\t<h3>PADR\u00c3O<span class=\"highlight-reason\">Recomendado<\/span><\/h3>\n          <div class=\"pricing-column-content\">\n\t\t\t<h4> <span class=\"dollar-sign\">$<\/span> 69 \u20ac <\/h4>\n\t\t\t<span class=\"interval\">M\u00eas<\/span>\n<ul class=\"features\">\n<li><i class=\"icon-tiny fa fa-check #e15595\"><\/i>Taxas de reserva<\/li>\n<li><i class=\"icon-tiny fa fa-check #e15595\"><\/i>Compromisso de perman\u00eancia<\/li>\n<li><i class=\"icon-tiny fa fa-check #e15595\"><\/i>Limite mensal de reservas<\/li>\n<li><i class=\"icon-tiny fa fa-check #e15595\"><\/i>Livro de reservas digital<\/li>\n<li><i class=\"icon-tiny fa fa-check #e15595\"><\/i>Anotar as marca\u00e7\u00f5es telef\u00f3nicas e os incidentes<\/li>\n<li><i class=\"icon-tiny fa fa-check #e15595\"><\/i>Aceitar reservas 24 horas por dia a partir do seu s\u00edtio Web, Facebook, etc.<\/li>\n<li><i class=\"icon-tiny fa fa-check #e15595\"><\/i>Widget de reserva personalizado<\/li>\n<li><i class=\"icon-tiny fa fa-check #e15595\"><\/i>Controlo global das reservas por telefone, porta-a-porta e em linha<\/li>\n<li><i class=\"icon-tiny fa fa-check #e15595\"><\/i>Planta interactiva da sala<\/li>\n<li><i class=\"icon-tiny fa fa-check #e15595\"><\/i>Confirma\u00e7\u00e3o autom\u00e1tica e lembrete da reserva para o cliente<\/li>\n<li><i class=\"icon-tiny fa fa-check #e15595\"><\/i>Imprimir facilmente a lista de reservas<\/li>\n<li><i class=\"icon-tiny fa fa-check #e15595\"><\/i>A sua pr\u00f3pria base de dados de clientes<\/li>\n<li><i class=\"icon-tiny fa fa-check #e15595\"><\/i>Atribui\u00e7\u00e3o inteligente de tabelas (opcional)<\/li>\n<li><i class=\"icon-tiny fa fa-check #e15595\"><\/i>O cliente pode cancelar a reserva a partir do seu telem\u00f3vel<\/li>\n<li><i class=\"icon-tiny fa fa-check #e15595\"><\/i>CRM do cliente: hist\u00f3rico, prefer\u00eancias e notas<\/li>\n<li><i class=\"icon-tiny fa fa-check #e15595\"><\/i>Enviar inqu\u00e9ritos de satisfa\u00e7\u00e3o aos clientes<\/li>\n<li><i class=\"icon-tiny fa fa-check #e15595\"><\/i>Melhore a sua reputa\u00e7\u00e3o no TripAdvisor<\/li>\n<li><i class=\"icon-tiny fa fa-check #e15595\"><\/i>Personalize as suas mensagens de confirma\u00e7\u00e3o e de lembrete<\/li>\n<li><i class=\"icon-tiny fa fa-check #e15595\"><\/i>An\u00e1lise de neg\u00f3cios e reservas<\/li>\n<li><i class=\"icon-tiny fa fa-check #e15595\"><\/i>Criar os seus pr\u00f3prios menus e configurar a sua disponibilidade<\/li>\n<li><i class=\"icon-tiny fa fa-check #e15595\"><\/i>Criar promo\u00e7\u00f5es e condi\u00e7\u00f5es de reserva por dias e servi\u00e7os.<\/li>\n<li><i class=\"icon-tiny fa fa-check #e15595\"><\/i>Ajuda interactiva remota<\/li>\n<li><i class=\"icon-tiny fa fa-check #e15595\"><\/i>Adicione o seu pr\u00f3prio banner publicit\u00e1rio no rodap\u00e9 do widget<\/li>\n<li><i class=\"icon-tiny fa fa-check #e15595\"><\/i>Reconfirma\u00e7\u00e3o autom\u00e1tica de reservas<\/li>\n<li><i class=\"icon-tiny fa fa-check #e15595\"><\/i>Pol\u00edtica de cancelamento e pol\u00edtica de cobran\u00e7a de sinal de cart\u00e3o<\/li>\n<li><del><i class=\"icon-tiny fa fa-check #e15595\"><\/i>Venda cruzada entre restaurantes do grupo <\/del><\/li>\n<\/ul>\n<a class=\"nectar-button n-sc-button large see-through has-icon\"  href=\"https:\/\/fos.consulting\/pt\/formulario-de-alta-agora-bookings\/\" data-color-override=\"#e15595\" data-hover-color-override=\"false\" data-hover-text-color-override=\"#fff\"><span>Aluguer<\/span><i class=\"icon-button-arrow\"><\/i><\/a><\/div><\/div><div class=\"pricing-column no-highlight extra-color-1\">\n\t\t\t<h3>PREMIUM<\/h3>\n          <div class=\"pricing-column-content\">\n\t\t\t<h4> <span class=\"dollar-sign\">$<\/span> 99 \u20ac <\/h4>\n\t\t\t<span class=\"interval\">M\u00eas<\/span>\n<ul class=\"features\">\n<li><i class=\"icon-tiny fa fa-check extra-color-1\"><\/i>Taxas de reserva<\/li>\n<li><i class=\"icon-tiny fa fa-check extra-color-1\"><\/i>Compromisso de perman\u00eancia<\/li>\n<li><i class=\"icon-tiny fa fa-check extra-color-1\"><\/i>Limite mensal de reservas<\/li>\n<li><i class=\"icon-tiny fa fa-check extra-color-1\"><\/i>Livro de reservas digital<\/li>\n<li><i class=\"icon-tiny fa fa-check extra-color-1\"><\/i>Anotar as marca\u00e7\u00f5es telef\u00f3nicas e os incidentes<\/li>\n<li><i class=\"icon-tiny fa fa-check extra-color-1\"><\/i>Aceitar reservas 24 horas por dia a partir do seu s\u00edtio Web, Facebook, etc.<\/li>\n<li><i class=\"icon-tiny fa fa-check extra-color-1\"><\/i>Widget de reserva personalizado<\/li>\n<li><i class=\"icon-tiny fa fa-check extra-color-1\"><\/i>Controlo global das reservas por telefone, porta-a-porta e em linha<\/li>\n<li><i class=\"icon-tiny fa fa-check extra-color-1\"><\/i>Planta interactiva da sala<\/li>\n<li><i class=\"icon-tiny fa fa-check extra-color-1\"><\/i>Confirma\u00e7\u00e3o autom\u00e1tica e lembrete da reserva para o cliente<\/li>\n<li><i class=\"icon-tiny fa fa-check extra-color-1\"><\/i>Imprimir facilmente a lista de reservas<\/li>\n<li><i class=\"icon-tiny fa fa-check extra-color-1\"><\/i>A sua pr\u00f3pria base de dados de clientes<\/li>\n<li><i class=\"icon-tiny fa fa-check extra-color-1\"><\/i>Atribui\u00e7\u00e3o inteligente de tabelas (opcional)<\/li>\n<li><i class=\"icon-tiny fa fa-check extra-color-1\"><\/i>O cliente pode cancelar a reserva a partir do seu telem\u00f3vel<\/li>\n<li><i class=\"icon-tiny fa fa-check extra-color-1\"><\/i>CRM do cliente: hist\u00f3rico, prefer\u00eancias e notas<\/li>\n<li><i class=\"icon-tiny fa fa-check extra-color-1\"><\/i>Enviar inqu\u00e9ritos de satisfa\u00e7\u00e3o aos clientes<\/li>\n<li><i class=\"icon-tiny fa fa-check extra-color-1\"><\/i>Melhore a sua reputa\u00e7\u00e3o no TripAdvisor<\/li>\n<li><i class=\"icon-tiny fa fa-check extra-color-1\"><\/i>Personalize as suas mensagens de confirma\u00e7\u00e3o e de lembrete<\/li>\n<li><i class=\"icon-tiny fa fa-check extra-color-1\"><\/i>An\u00e1lise de neg\u00f3cios e reservas<\/li>\n<li><i class=\"icon-tiny fa fa-check extra-color-1\"><\/i>Criar os seus pr\u00f3prios menus e configurar a sua disponibilidade<\/li>\n<li><i class=\"icon-tiny fa fa-check extra-color-1\"><\/i>Criar promo\u00e7\u00f5es e condi\u00e7\u00f5es de reserva por dias e servi\u00e7os.<\/li>\n<li><i class=\"icon-tiny fa fa-check extra-color-1\"><\/i>Ajuda interactiva remota<\/li>\n<li><i class=\"icon-tiny fa fa-check extra-color-1\"><\/i>Adicione o seu pr\u00f3prio banner publicit\u00e1rio no rodap\u00e9 do widget<\/li>\n<li><i class=\"icon-tiny fa fa-check extra-color-1\"><\/i>Reconfirma\u00e7\u00e3o autom\u00e1tica de reservas<\/li>\n<li><i class=\"icon-tiny fa fa-check extra-color-1\"><\/i>Pol\u00edtica de cancelamento e pol\u00edtica de cobran\u00e7a de sinal de cart\u00e3o<\/li>\n<li><i class=\"icon-tiny fa fa-check extra-color-1\"><\/i>Venda cruzada entre restaurantes do grupo<\/li>\n<\/ul>\n<a class=\"nectar-button n-sc-button large see-through has-icon\"  href=\"https:\/\/fos.consulting\/pt\/formulario-de-alta-agora-bookings\/\" data-color-override=\"#e15595\" data-hover-color-override=\"false\" data-hover-text-color-override=\"#fff\"><span>Aluguer<\/span><i class=\"icon-button-arrow\"><\/i><\/a><\/div><\/div><\/div><a class=\"nectar-button large regular extra-color-2  regular-button\"  role=\"button\" style=\"margin-top: 10px; background-color: #e15595;\" target=\"_blank\" href=\"https:\/\/fos.consulting\/pt\/contacto\/\" data-color-override=\"#e15595\" data-hover-color-override=\"false\" data-hover-text-color-override=\"#fff\"><span>Para mais informa\u00e7\u00f5es, contacte-nos<\/span><\/a>\n\t\t\t<\/div> \n\t\t<\/div>\n\t<\/div> \n<\/div><\/div>","protected":false},"excerpt":{"rendered":"El gestor de reservas de \u00c1gora para Restaurantes. La mejor tecnolog\u00eda para gestionar las reservas. TU PROPIO GESTOR DE RESERVAS Fuera intermediarios sin comisiones. Conoce...","protected":false},"author":1,"featured_media":0,"parent":0,"menu_order":0,"comment_status":"closed","ping_status":"closed","template":"","meta":{"footnotes":""},"class_list":["post-7726","page","type-page","status-publish"],"jetpack_sharing_enabled":true,"jetpack-related-posts":[],"jetpack_shortlink":"https:\/\/wp.me\/PfY7gm-20C","_links":{"self":[{"href":"https:\/\/fos.consulting\/pt\/wp-json\/wp\/v2\/pages\/7726","targetHints":{"allow":["GET"]}}],"collection":[{"href":"https:\/\/fos.consulting\/pt\/wp-json\/wp\/v2\/pages"}],"about":[{"href":"https:\/\/fos.consulting\/pt\/wp-json\/wp\/v2\/types\/page"}],"author":[{"embeddable":true,"href":"https:\/\/fos.consulting\/pt\/wp-json\/wp\/v2\/users\/1"}],"replies":[{"embeddable":true,"href":"https:\/\/fos.consulting\/pt\/wp-json\/wp\/v2\/comments?post=7726"}],"version-history":[{"count":37,"href":"https:\/\/fos.consulting\/pt\/wp-json\/wp\/v2\/pages\/7726\/revisions"}],"predecessor-version":[{"id":7762,"href":"https:\/\/fos.consulting\/pt\/wp-json\/wp\/v2\/pages\/7726\/revisions\/7762"}],"wp:attachment":[{"href":"https:\/\/fos.consulting\/pt\/wp-json\/wp\/v2\/media?parent=7726"}],"curies":[{"name":"wp","href":"https:\/\/api.w.org\/{rel}","templated":true}]}}